{"id":88908,"date":"2025-12-05T00:59:21","date_gmt":"2025-12-04T21:59:21","guid":{"rendered":"https:\/\/baldumarket.lt\/product\/lozko-sosnowe-lk144-box-sosna-naturalny\/"},"modified":"2026-02-04T00:12:06","modified_gmt":"2026-02-03T21:12:06","slug":"lozko-sosnowe-lk144-box-sosna-naturalny","status":"publish","type":"product","link":"https:\/\/baldumarket.lt\/lt\/product\/lozko-sosnowe-lk144-box-sosna-naturalny\/","title":{"rendered":"Pu\u0161in\u0117 lova LK144 BOX nat\u016brali pu\u0161is"},"content":{"rendered":"<p>I\u0161skirtinai funkcionali LK144 BOX pu\u0161ies lova su patalyn\u0117s d\u0117\u017ee, pagaminta i\u0161 auk\u0161\u010diausios kokyb\u0117s medienos, pasi\u017eymi minimalistiniu dizainu, suteikian\u010diu jai unikali\u0105 stiling\u0105 ir eleganti\u0161k\u0105 i\u0161vaizd\u0105. R\u0117mas tvirtinamas ant metalinio r\u0117mo, sumontuoto ant dujini\u0173 keltuv\u0173, tod\u0117l galima pasiekti patalyn\u0117s d\u0117\u017e\u0119, esan\u010di\u0105 po lova. Papildomas LK144 BOX lovos privalumas \u2013 galimyb\u0117 atidaryti r\u0117m\u0105 \u012f \u0161on\u0105 ir universal\u016bs keltuv\u0173 montavimo b\u016bdai (de\u0161in\u0117je arba kair\u0117je pus\u0117je), tod\u0117l ji dar funkcionalesn\u0117. \u0160is sprendimas daro lov\u0105 idealiai tinkan\u010di\u0105 patalpoms su ribota erdve. LK144 BOX lova su patalyn\u0117s d\u0117\u017ee yra puikus sprendimas tiems, kurie nori maksimaliai i\u0161naudoti ir sutvarkyti savo nam\u0173 erdv\u0119 neprarandant komforto ir patogumo.<\/p>\n<p>LK144 BOX lova turi \u012f \u0161on\u0105 atidarom\u0105 metalin\u012f r\u0117m\u0105 su pak\u0117limo mechanizmu ir pagrind\u0105, kuris parduodamas atskirai \u2013 \u0160ONIN\u0116S LOVOS R\u0116MAS.<\/p>","protected":false},"excerpt":{"rendered":"<p>I\u0161skirtinai funkcionali LK144 BOX pu\u0161in\u0117 lova su patalyn\u0117s d\u0117\u017ee, pagaminta i\u0161 auk\u0161\u010diausios kokyb\u0117s medienos, pasi\u017eymi minimalistiniu dizainu, suteikian\u010diu jai unikali\u0105 stiling\u0105 ir eleganti\u0161k\u0105 i\u0161vaizd\u0105. R\u0117mas tvirtinamas ant metalinio r\u0117mo, tvirtinamo prie dujini\u0173 keltuv\u0173, suteikian\u010di\u0173 prieig\u0105 prie patalyn\u0117s d\u0117\u017e\u0117s, esan\u010dios po lova. Papildomas \u0161ios lovos privalumas [\u2026]<\/p>","protected":false},"featured_media":88909,"comment_status":"open","ping_status":"open","template":"","meta":[],"product_brand":[],"product_cat":[9305,505,2113],"product_tag":[],"class_list":{"0":"post-88908","1":"product","2":"type-product","3":"status-publish","4":"has-post-thumbnail","6":"product_cat-pine-furniture-drewmax","7":"product_cat-bedroom-beds","8":"product_cat-drewmax","10":"first","11":"instock","12":"purchasable","13":"product-type-simple"},"_links":{"self":[{"href":"https:\/\/baldumarket.lt\/lt\/wp-json\/wp\/v2\/product\/88908","targetHints":{"allow":["GET"]}}],"collection":[{"href":"https:\/\/baldumarket.lt\/lt\/wp-json\/wp\/v2\/product"}],"about":[{"href":"https:\/\/baldumarket.lt\/lt\/wp-json\/wp\/v2\/types\/product"}],"replies":[{"embeddable":true,"href":"https:\/\/baldumarket.lt\/lt\/wp-json\/wp\/v2\/comments?post=88908"}],"wp:featuredmedia":[{"embeddable":true,"href":"https:\/\/baldumarket.lt\/lt\/wp-json\/wp\/v2\/media\/88909"}],"wp:attachment":[{"href":"https:\/\/baldumarket.lt\/lt\/wp-json\/wp\/v2\/media?parent=88908"}],"wp:term":[{"taxonomy":"product_brand","embeddable":true,"href":"https:\/\/baldumarket.lt\/lt\/wp-json\/wp\/v2\/product_brand?post=88908"},{"taxonomy":"product_cat","embeddable":true,"href":"https:\/\/baldumarket.lt\/lt\/wp-json\/wp\/v2\/product_cat?post=88908"},{"taxonomy":"product_tag","embeddable":true,"href":"https:\/\/baldumarket.lt\/lt\/wp-json\/wp\/v2\/product_tag?post=88908"}],"curies":[{"name":"wp","href":"https:\/\/api.w.org\/{rel}","templated":true}]}}