{"id":88889,"date":"2025-12-05T00:59:00","date_gmt":"2025-12-04T21:59:00","guid":{"rendered":"https:\/\/baldumarket.lt\/product\/podkladka-teflonowa-ak001-czarny-szary\/"},"modified":"2026-02-04T00:12:09","modified_gmt":"2026-02-03T21:12:09","slug":"podkladka-teflonowa-ak001-czarny-szary","status":"publish","type":"product","link":"https:\/\/baldumarket.lt\/lt\/product\/podkladka-teflonowa-ak001-czarny-szary\/","title":{"rendered":"Teflono padas AK001 juodai pilkas"},"content":{"rendered":"<p>Teflonin\u0117s bald\u0173 ar k\u0117d\u017ei\u0173 pagalv\u0117l\u0117s apsaugo parket\u0105, laminat\u0105 ar kitas jautrias grindis nuo bald\u0173 jud\u0117jimo sukelto nusid\u0117v\u0117jimo.<\/p>\n<p>Trinkel\u0117s yra su tvirtinimo var\u017etu. Jos yra pilkos ir juodos spalvos ir tiekiamos trij\u0173 dyd\u017ei\u0173: 19, 22 ir 25 mm skersmens.<\/p>\n<p>Pad\u0117klas tur\u0117t\u0173 b\u016bti tvirtinamas prisukant j\u012f prie baldo ar k\u0117d\u0117s pagrindo.<\/p>","protected":false},"excerpt":{"rendered":"<p>Teflonin\u0117s bald\u0173 ar k\u0117d\u017ei\u0173 pagalv\u0117l\u0117s apsaugo parket\u0105, laminat\u0105 ar kitas jautrias grindis nuo bald\u0173 jud\u0117jimo sukelto nusid\u0117v\u0117jimo. Pagalv\u0117l\u0117s tiekiamos su tvirtinimo var\u017etu. Jos yra pilkos ir juodos spalvos ir tiekiamos trij\u0173 dyd\u017ei\u0173: 19, 22 ir 25 mm skersmens. Pagalv\u0117l\u0119 reikia pritvirtinti prisukant j\u0105 prie pagrindo [\u2026]<\/p>","protected":false},"featured_media":88890,"comment_status":"open","ping_status":"open","template":"","meta":[],"product_brand":[],"product_cat":[2113,1043],"product_tag":[],"class_list":{"0":"post-88889","1":"product","2":"type-product","3":"status-publish","4":"has-post-thumbnail","6":"product_cat-drewmax","7":"product_cat-extras","9":"first","10":"instock","11":"purchasable","12":"product-type-simple"},"_links":{"self":[{"href":"https:\/\/baldumarket.lt\/lt\/wp-json\/wp\/v2\/product\/88889","targetHints":{"allow":["GET"]}}],"collection":[{"href":"https:\/\/baldumarket.lt\/lt\/wp-json\/wp\/v2\/product"}],"about":[{"href":"https:\/\/baldumarket.lt\/lt\/wp-json\/wp\/v2\/types\/product"}],"replies":[{"embeddable":true,"href":"https:\/\/baldumarket.lt\/lt\/wp-json\/wp\/v2\/comments?post=88889"}],"wp:featuredmedia":[{"embeddable":true,"href":"https:\/\/baldumarket.lt\/lt\/wp-json\/wp\/v2\/media\/88890"}],"wp:attachment":[{"href":"https:\/\/baldumarket.lt\/lt\/wp-json\/wp\/v2\/media?parent=88889"}],"wp:term":[{"taxonomy":"product_brand","embeddable":true,"href":"https:\/\/baldumarket.lt\/lt\/wp-json\/wp\/v2\/product_brand?post=88889"},{"taxonomy":"product_cat","embeddable":true,"href":"https:\/\/baldumarket.lt\/lt\/wp-json\/wp\/v2\/product_cat?post=88889"},{"taxonomy":"product_tag","embeddable":true,"href":"https:\/\/baldumarket.lt\/lt\/wp-json\/wp\/v2\/product_tag?post=88889"}],"curies":[{"name":"wp","href":"https:\/\/api.w.org\/{rel}","templated":true}]}}