{"id":88842,"date":"2025-12-05T00:57:44","date_gmt":"2025-12-04T21:57:44","guid":{"rendered":"https:\/\/baldumarket.lt\/product\/biurko-sosnowe-rustikal-br701-sosna-antyczna-biel-2\/"},"modified":"2026-02-04T00:12:19","modified_gmt":"2026-02-03T21:12:19","slug":"biurko-sosnowe-rustikal-br701-sosna-antyczna-biel-2","status":"publish","type":"product","link":"https:\/\/baldumarket.lt\/lt\/produktas\/biurko-sosnowe-rustikal-br701-sosna-antyczna-biel-2\/","title":{"rendered":"Pu\u0161inis ra\u0161omasis stalas RUSTIKAL BR701 antikvarin\u0117 balta pu\u0161is"},"content":{"rendered":"<p>Va\u0161kuotas BR701 stalas \u2013 tai baldas, puikiai tinkantis nam\u0173 biurui. Kaimi\u0161ko stiliaus, jis pagamintas i\u0161 tvirtos pu\u0161ies medienos. Jame yra erdvus stalvir\u0161is, po kuriuo yra du stal\u010diai ant medini\u0173 b\u0117geli\u0173 (arba stal\u010dius ir lentyn\u0117l\u0117 klaviat\u016brai). Be to, stalas turi vien\u0105 spintel\u0119 su durel\u0117mis, kuri\u0173 kiekvienoje yra lentyn\u0117l\u0117. Jis pasi\u017eymi patvaria ir tvirta konstrukcija. Jo gamyboje buvo panaudoti rank\u0173 darbo metaliniai vyriai ir rankenos su sendinto ra\u0161to efektu. BR701 stalas sukurs \u0161ilt\u0105, unikali\u0105 atmosfer\u0105 j\u016bs\u0173 biure, teigiamai paveikdamas ne tik j\u016bs\u0173 savijaut\u0105, bet ir darbo kokyb\u0119.<\/p>\n<p>Baldai padengti nat\u016braliu bi\u010di\u0173 va\u0161ku, kuris sukuria apsaugin\u012f sluoksn\u012f nuo dr\u0117gm\u0117s ir kartu kondicionuoja medien\u0105. Va\u0161kavimo procesas pary\u0161kina nat\u016brali\u0105 medienos tekst\u016br\u0105 ir pagilina nat\u016brali\u0105 jos spalv\u0105. Bi\u010di\u0173 va\u0161kas yra nat\u016bralus produktas, tod\u0117l va\u0161kuoti baldai pasi\u017eymi antistatin\u0117mis savyb\u0117mis, ma\u017einan\u010diomis dulki\u0173 kaupim\u0105si ant j\u0173 pavir\u0161iaus. Papildomas va\u0161kuot\u0173 bald\u0173 privalumas \u2013 \u0161ilkiniai lygus pavir\u0161ius ir malonus nat\u016bralus medienos aromatas.<\/p>\n<p>Sveikos medienos strukt\u016bros i\u0161saugojimas yra b\u016btinas va\u0161kuot\u0173 bald\u0173 ilgaam\u017ei\u0161kumui. Skyriuje \u201cVa\u0161kuot\u0173 bald\u0173 prie\u017ei\u016bra ir naudojimas\u201d rasite verting\u0173 patarim\u0173, kaip pri\u017ei\u016br\u0117ti \u201eRustikal\u201c kolekcijos baldus.<\/p>","protected":false},"excerpt":{"rendered":"<p>Va\u0161kuotas BR701 ra\u0161omasis stalas \u2013 tai baldas, puikiai tinkantis nam\u0173 biurui. Sukurtas kaimi\u0161ku stiliumi, jis pagamintas i\u0161 tvirtos pu\u0161ies medienos. Jame yra erdvus darbastalis, po kuriuo yra du stal\u010diai ant medini\u0173 b\u0117geli\u0173 (arba stal\u010dius ir lentyn\u0117l\u0117 klaviat\u016brai). Be to, stalas turi vien\u0105 [\u2026]<\/p>","protected":false},"featured_media":88784,"comment_status":"open","ping_status":"open","template":"","meta":[],"product_brand":[],"product_cat":[9317,9305,1312,2113],"product_tag":[],"class_list":{"0":"post-88842","1":"product","2":"type-product","3":"status-publish","4":"has-post-thumbnail","6":"product_cat-collection-rustikal-drewmax","7":"product_cat-pine-furniture-drewmax","8":"product_cat-desks","9":"product_cat-drewmax","10":"pa_tabletop-material-shelf","12":"first","13":"instock","14":"purchasable","15":"product-type-simple"},"_links":{"self":[{"href":"https:\/\/baldumarket.lt\/lt\/wp-json\/wp\/v2\/product\/88842","targetHints":{"allow":["GET"]}}],"collection":[{"href":"https:\/\/baldumarket.lt\/lt\/wp-json\/wp\/v2\/product"}],"about":[{"href":"https:\/\/baldumarket.lt\/lt\/wp-json\/wp\/v2\/types\/product"}],"replies":[{"embeddable":true,"href":"https:\/\/baldumarket.lt\/lt\/wp-json\/wp\/v2\/comments?post=88842"}],"wp:featuredmedia":[{"embeddable":true,"href":"https:\/\/baldumarket.lt\/lt\/wp-json\/wp\/v2\/media\/88784"}],"wp:attachment":[{"href":"https:\/\/baldumarket.lt\/lt\/wp-json\/wp\/v2\/media?parent=88842"}],"wp:term":[{"taxonomy":"product_brand","embeddable":true,"href":"https:\/\/baldumarket.lt\/lt\/wp-json\/wp\/v2\/product_brand?post=88842"},{"taxonomy":"product_cat","embeddable":true,"href":"https:\/\/baldumarket.lt\/lt\/wp-json\/wp\/v2\/product_cat?post=88842"},{"taxonomy":"product_tag","embeddable":true,"href":"https:\/\/baldumarket.lt\/lt\/wp-json\/wp\/v2\/product_tag?post=88842"}],"curies":[{"name":"wp","href":"https:\/\/api.w.org\/{rel}","templated":true}]}}