{"id":88779,"date":"2025-12-05T00:56:31","date_gmt":"2025-12-04T21:56:31","guid":{"rendered":"https:\/\/baldumarket.lt\/product\/biurko-sosnowe-rustikal-br702-sosna-bezbarwny-wosk\/"},"modified":"2026-02-04T00:12:23","modified_gmt":"2026-02-03T21:12:23","slug":"biurko-sosnowe-rustikal-br702-sosna-bezbarwny-wosk","status":"publish","type":"product","link":"https:\/\/baldumarket.lt\/lt\/produktas\/biurko-sosnowe-rustikal-br702-sosna-bezbarwny-wosk\/","title":{"rendered":"Pu\u0161inis stalas RUSTIKAL BR702, skaidraus va\u0161ko imitacija"},"content":{"rendered":"<p>Va\u0161kuotas BR702 stalas \u2013 tai baldas, puikiai tinkantis nam\u0173 biurui. Sukurtas kaimi\u0161ku stiliumi, jis pagamintas i\u0161 tvirtos pu\u0161ies medienos. Kair\u0117je pus\u0117je yra keturi\u0173 stal\u010di\u0173 kolona. De\u0161in\u0117je pus\u0117je yra spintel\u0117 su lentyna viduje ir stal\u010di\u0173 arba klaviat\u016bros lentyna. Stalas pasi\u017eymi patvaria ir tvirta konstrukcija bei erdviu stalvir\u0161iu. Jo konstrukcijoje naudojami rank\u0173 darbo metaliniai vyriai ir rankenos su sendinta apdaila. BR702 stalas sukurs \u0161ilt\u0105, unikali\u0105 atmosfer\u0105 j\u016bs\u0173 biure, teigiamai paveikdamas ne tik j\u016bs\u0173 savijaut\u0105, bet ir darbo kokyb\u0119.<\/p>\n<p>Baldai padengti nat\u016braliu bi\u010di\u0173 va\u0161ku, kuris sukuria apsaugin\u012f sluoksn\u012f nuo dr\u0117gm\u0117s ir kartu kondicionuoja medien\u0105. Va\u0161kavimo procesas pary\u0161kina nat\u016bral\u0173 medienos ra\u0161t\u0105 ir pagilina nat\u016brali\u0105 jos spalv\u0105. Bi\u010di\u0173 va\u0161kas yra nat\u016bralus produktas, tod\u0117l va\u0161kuoti baldai pasi\u017eymi antistatin\u0117mis savyb\u0117mis, ma\u017einan\u010diomis dulki\u0173 kaupim\u0105si. Papildomas va\u0161kuot\u0173 bald\u0173 privalumas \u2013 \u0161ilkiniai lygus pavir\u0161ius ir malonus nat\u016bralus medienos aromatas.<\/p>\n<p>Sveikos medienos strukt\u016bros i\u0161saugojimas yra b\u016btinas va\u0161kuot\u0173 bald\u0173 ilgaam\u017ei\u0161kumui. Skyriuje \u201cVa\u0161kuot\u0173 bald\u0173 prie\u017ei\u016bra ir naudojimas\u201d rasite verting\u0173 patarim\u0173, kaip pri\u017ei\u016br\u0117ti \u201eRustikal\u201c kolekcijos baldus.<\/p>","protected":false},"excerpt":{"rendered":"<p>BR702 va\u0161kuotas ra\u0161omasis stalas \u2013 tai baldas, puikiai tinkantis nam\u0173 biurui. Sukurtas kaimi\u0161ku stiliumi, jis pagamintas vien i\u0161 tvirtos pu\u0161ies medienos. Kair\u0117je pus\u0117je yra keturi\u0173 stal\u010di\u0173 kolona. De\u0161in\u0117je pus\u0117je yra spintel\u0117 su lentyna viduje ir stal\u010diuko arba klaviat\u016bros lentyna. [\u2026]<\/p>","protected":false},"featured_media":88759,"comment_status":"open","ping_status":"open","template":"","meta":[],"product_brand":[],"product_cat":[9317,9305,1312,2113],"product_tag":[],"class_list":{"0":"post-88779","1":"product","2":"type-product","3":"status-publish","4":"has-post-thumbnail","6":"product_cat-collection-rustikal-drewmax","7":"product_cat-pine-furniture-drewmax","8":"product_cat-desks","9":"product_cat-drewmax","10":"pa_tabletop-material-shelf","12":"first","13":"instock","14":"purchasable","15":"product-type-simple"},"_links":{"self":[{"href":"https:\/\/baldumarket.lt\/lt\/wp-json\/wp\/v2\/product\/88779","targetHints":{"allow":["GET"]}}],"collection":[{"href":"https:\/\/baldumarket.lt\/lt\/wp-json\/wp\/v2\/product"}],"about":[{"href":"https:\/\/baldumarket.lt\/lt\/wp-json\/wp\/v2\/types\/product"}],"replies":[{"embeddable":true,"href":"https:\/\/baldumarket.lt\/lt\/wp-json\/wp\/v2\/comments?post=88779"}],"wp:featuredmedia":[{"embeddable":true,"href":"https:\/\/baldumarket.lt\/lt\/wp-json\/wp\/v2\/media\/88759"}],"wp:attachment":[{"href":"https:\/\/baldumarket.lt\/lt\/wp-json\/wp\/v2\/media?parent=88779"}],"wp:term":[{"taxonomy":"product_brand","embeddable":true,"href":"https:\/\/baldumarket.lt\/lt\/wp-json\/wp\/v2\/product_brand?post=88779"},{"taxonomy":"product_cat","embeddable":true,"href":"https:\/\/baldumarket.lt\/lt\/wp-json\/wp\/v2\/product_cat?post=88779"},{"taxonomy":"product_tag","embeddable":true,"href":"https:\/\/baldumarket.lt\/lt\/wp-json\/wp\/v2\/product_tag?post=88779"}],"curies":[{"name":"wp","href":"https:\/\/api.w.org\/{rel}","templated":true}]}}