{"id":88682,"date":"2025-12-05T00:54:30","date_gmt":"2025-12-04T21:54:30","guid":{"rendered":"https:\/\/baldumarket.lt\/product\/dostawka-do-stolu-sosnowego-st711-sosna-brunatny-wosk-5\/"},"modified":"2026-02-04T00:12:41","modified_gmt":"2026-02-03T21:12:41","slug":"dostawka-do-stolu-sosnowego-st711-sosna-brunatny-wosk-5","status":"publish","type":"product","link":"https:\/\/baldumarket.lt\/lt\/produktas\/dostawka-do-stolu-sosnowego-st711-sosna-brunatny-wosk-5\/","title":{"rendered":"Pu\u0161inio stalo ST711 prailginimas, pu\u0161is, rudas va\u0161kas"},"content":{"rendered":"<p>Va\u0161kuotas ST711 prailginimo stalas sukurtas papildyti \u201eRustikal\u201c kolekcijos stalus. Tai puikus sprendimas norint prailginti stalvir\u0161\u012f, sukuriant dar daugiau valgomojo erdv\u0117s. Kaimi\u0161ko stiliaus prailginimo stalas pagamintas i\u0161 pu\u0161ies masyvo. Prailginimo stalas yra universalus, tinkantis tiek de\u0161inei, tiek kairei stalo pusei. Jis yra trij\u0173 dyd\u017ei\u0173. Prailginimo stalas yra 4 cm storio.<\/p>\n<p>Prailginimo stal\u0105 reikia \u012fsigyti kartu su stalu, kad stalas b\u016bt\u0173 tinkamai pritaikytas prailginimo stalui.<\/p>\n<p>Prailginamas stalas padengtas nat\u016braliu bi\u010di\u0173 va\u0161ku, kuris sukuria apsaugin\u012f sluoksn\u012f nuo dr\u0117gm\u0117s ir kartu apsaugo medien\u0105. Va\u0161kavimo procesas pary\u0161kina nat\u016bral\u0173 medienos ra\u0161t\u0105 ir sodrina nat\u016brali\u0105 jos spalv\u0105. Bi\u010di\u0173 va\u0161kas yra nat\u016bralus produktas, tod\u0117l va\u0161kuoti baldai pasi\u017eymi antistatin\u0117mis savyb\u0117mis, ma\u017einan\u010diomis dulki\u0173 kaupim\u0105si. Papildomas va\u0161kuot\u0173 bald\u0173 privalumas \u2013 \u0161ilkinis lygus pavir\u0161ius ir malonus nat\u016bralios medienos aromatas.<\/p>\n<p>Sveikos medienos strukt\u016bros i\u0161saugojimas yra b\u016btinas va\u0161kuot\u0173 bald\u0173 ilgaam\u017ei\u0161kumui. Skyriuje \u201cVa\u0161kuot\u0173 bald\u0173 prie\u017ei\u016bra ir naudojimas\u201d rasite verting\u0173 patarim\u0173, kaip pri\u017ei\u016br\u0117ti \u201eRustikal\u201c kolekcijos baldus.<\/p>","protected":false},"excerpt":{"rendered":"<p>Va\u0161kuotas ST711 prailginamasis stalas sukurtas papildyti \u201eRustikal\u201c kolekcijos stalus. Tai puikus sprendimas norint prailginti stalvir\u0161\u012f, sukuriant dar daugiau valgomojo erdv\u0117s. Kaimi\u0161ko stiliaus prailginamasis stalas pagamintas i\u0161 masyvios pu\u0161ies medienos. Prailginamasis stalas yra universalus, tinkantis tiek de\u0161in\u0117je, tiek kair\u0117je [\u2026]<\/p>","protected":false},"featured_media":88648,"comment_status":"open","ping_status":"open","template":"","meta":[],"product_brand":[],"product_cat":[9251,9305,2113],"product_tag":[],"class_list":{"0":"post-88682","1":"product","2":"type-product","3":"status-publish","4":"has-post-thumbnail","6":"product_cat-musor","7":"product_cat-pine-furniture-drewmax","8":"product_cat-drewmax","9":"pa_tabletop-material-solid-lamellas","11":"first","12":"instock","13":"purchasable","14":"product-type-simple"},"_links":{"self":[{"href":"https:\/\/baldumarket.lt\/lt\/wp-json\/wp\/v2\/product\/88682","targetHints":{"allow":["GET"]}}],"collection":[{"href":"https:\/\/baldumarket.lt\/lt\/wp-json\/wp\/v2\/product"}],"about":[{"href":"https:\/\/baldumarket.lt\/lt\/wp-json\/wp\/v2\/types\/product"}],"replies":[{"embeddable":true,"href":"https:\/\/baldumarket.lt\/lt\/wp-json\/wp\/v2\/comments?post=88682"}],"wp:featuredmedia":[{"embeddable":true,"href":"https:\/\/baldumarket.lt\/lt\/wp-json\/wp\/v2\/media\/88648"}],"wp:attachment":[{"href":"https:\/\/baldumarket.lt\/lt\/wp-json\/wp\/v2\/media?parent=88682"}],"wp:term":[{"taxonomy":"product_brand","embeddable":true,"href":"https:\/\/baldumarket.lt\/lt\/wp-json\/wp\/v2\/product_brand?post=88682"},{"taxonomy":"product_cat","embeddable":true,"href":"https:\/\/baldumarket.lt\/lt\/wp-json\/wp\/v2\/product_cat?post=88682"},{"taxonomy":"product_tag","embeddable":true,"href":"https:\/\/baldumarket.lt\/lt\/wp-json\/wp\/v2\/product_tag?post=88682"}],"curies":[{"name":"wp","href":"https:\/\/api.w.org\/{rel}","templated":true}]}}