{"id":88642,"date":"2025-12-05T00:53:38","date_gmt":"2025-12-04T21:53:38","guid":{"rendered":"https:\/\/baldumarket.lt\/product\/drewniana-tacka-rustikal-gd700-sosna-bialy-wosk\/"},"modified":"2026-02-04T00:12:50","modified_gmt":"2026-02-03T21:12:50","slug":"drewniana-tacka-rustikal-gd700-sosna-bialy-wosk","status":"publish","type":"product","link":"https:\/\/baldumarket.lt\/lt\/produktas\/drewniana-tacka-rustikal-gd700-sosna-bialy-wosk\/","title":{"rendered":"Medinis pad\u0117klas RUSTIKAL GD700 pu\u0161ies baltumo va\u0161kas"},"content":{"rendered":"<p>Sulankstomas medinis pad\u0117klas su pu\u0161ies medienos rankenomis. \u0160is pad\u0117klas gali b\u016bti naudojamas kaip pusry\u010di\u0173 stalas lovoje arba kaip ne\u0161iojamojo kompiuterio stovas. Medinis pad\u0117klas idealiai tinka darbui kompiuteriu arba pusry\u010diams lovoje.<\/p>\n<p>Pad\u0117klas padengtas nat\u016braliu bi\u010di\u0173 va\u0161ku, kuris sukuria apsaugin\u012f sluoksn\u012f nuo dr\u0117gm\u0117s ir kartu maitina medien\u0105. Va\u0161kavimo procesas pary\u0161kina nat\u016brali\u0105 medienos tekst\u016br\u0105 ir pagilina nat\u016brali\u0105 jos spalv\u0105. Bi\u010di\u0173 va\u0161kas yra nat\u016bralus produktas, tod\u0117l va\u0161kuoti baldai \u012fgauna antistatini\u0173 savybi\u0173 \u2013 suma\u017eina dulki\u0173 kaupim\u0105si. Papildomas va\u0161kuot\u0173 bald\u0173 privalumas \u2013 \u0161ilkiniai lygus pavir\u0161ius ir malonus nat\u016bralus medienos aromatas.<\/p>\n<p>Sveikos medienos strukt\u016bros palaikymas yra b\u016btinas va\u0161kuot\u0173 bald\u0173 ilgaam\u017ei\u0161kumui. Skyriuje \u201cVa\u0161kuot\u0173 bald\u0173 prie\u017ei\u016bra ir naudojimas\u201d rasite verting\u0173 patarim\u0173, kaip pri\u017ei\u016br\u0117ti \u201eRustikal\u201c kolekcijos baldus.<\/p>","protected":false},"excerpt":{"rendered":"<p>Sulankstomas medinis pad\u0117klas su pu\u0161ies medienos rankenomis. \u0160is pad\u0117klas gali b\u016bti naudojamas kaip pusry\u010di\u0173 stalas lovoje arba kaip ne\u0161iojamojo kompiuterio stovas. Medinis pad\u0117klas idealiai tinka darbui kompiuteriu arba pusry\u010diams lovoje. Pad\u0117klas padengtas nat\u016braliu bi\u010di\u0173 va\u0161ku, kuris sukuria apsaugin\u012f sluoksn\u012f nuo dr\u0117gm\u0117s [\u2026]<\/p>","protected":false},"featured_media":88636,"comment_status":"open","ping_status":"open","template":"","meta":[],"product_brand":[],"product_cat":[9317,9307,9251,2113],"product_tag":[],"class_list":{"0":"post-88642","1":"product","2":"type-product","3":"status-publish","4":"has-post-thumbnail","6":"product_cat-collection-rustikal-drewmax","7":"product_cat-garden-furniture-drewmax","8":"product_cat-musor","9":"product_cat-drewmax","11":"first","12":"instock","13":"purchasable","14":"product-type-simple"},"_links":{"self":[{"href":"https:\/\/baldumarket.lt\/lt\/wp-json\/wp\/v2\/product\/88642","targetHints":{"allow":["GET"]}}],"collection":[{"href":"https:\/\/baldumarket.lt\/lt\/wp-json\/wp\/v2\/product"}],"about":[{"href":"https:\/\/baldumarket.lt\/lt\/wp-json\/wp\/v2\/types\/product"}],"replies":[{"embeddable":true,"href":"https:\/\/baldumarket.lt\/lt\/wp-json\/wp\/v2\/comments?post=88642"}],"wp:featuredmedia":[{"embeddable":true,"href":"https:\/\/baldumarket.lt\/lt\/wp-json\/wp\/v2\/media\/88636"}],"wp:attachment":[{"href":"https:\/\/baldumarket.lt\/lt\/wp-json\/wp\/v2\/media?parent=88642"}],"wp:term":[{"taxonomy":"product_brand","embeddable":true,"href":"https:\/\/baldumarket.lt\/lt\/wp-json\/wp\/v2\/product_brand?post=88642"},{"taxonomy":"product_cat","embeddable":true,"href":"https:\/\/baldumarket.lt\/lt\/wp-json\/wp\/v2\/product_cat?post=88642"},{"taxonomy":"product_tag","embeddable":true,"href":"https:\/\/baldumarket.lt\/lt\/wp-json\/wp\/v2\/product_tag?post=88642"}],"curies":[{"name":"wp","href":"https:\/\/api.w.org\/{rel}","templated":true}]}}