{"id":88613,"date":"2025-12-05T00:53:12","date_gmt":"2025-12-04T21:53:12","guid":{"rendered":"https:\/\/baldumarket.lt\/product\/drewniany-kwietnik-rustikal-gd703-sosna-bialy-wosk\/"},"modified":"2026-02-04T00:12:56","modified_gmt":"2026-02-03T21:12:56","slug":"drewniany-kwietnik-rustikal-gd703-sosna-bialy-wosk","status":"publish","type":"product","link":"https:\/\/baldumarket.lt\/lt\/produktas\/drewniany-kwietnik-rustikal-gd703-sosna-bialy-wosk\/","title":{"rendered":"Medinis g\u0117li\u0173 stovas RUSTIKAL GD703 pu\u0161ies baltumo va\u0161kas"},"content":{"rendered":"<p>Medinis augal\u0173 stov\u0173 komplektas, pagamintas i\u0161 va\u0161kuotos pu\u0161ies. Stovai taip pat gali b\u016bti naudojami kaip staliukai. Jie puikiai papildys kaimi\u0161ko stiliaus interjer\u0105. Stalas\/augal\u0173 stovas yra universalus ir funkcionalus. J\u012f galima naudoti kaip augal\u0173 stov\u0105, g\u0117li\u0173 stov\u0105, kavos staliuk\u0105, sofos staliuk\u0105, svetain\u0117s staliuk\u0105 arba prie\u0161kambario staliuk\u0105.<\/p>\n<p>Komplekt\u0105 sudaro 28x26x58 cm ir 30x28x66 cm dyd\u017eio augal\u0173 stovai.<\/p>\n<p>Augal\u0173 stovas padengtas nat\u016braliu bi\u010di\u0173 va\u0161ku, kuris sukuria apsaugin\u012f sluoksn\u012f nuo dr\u0117gm\u0117s ir kartu apsaugo medien\u0105. Va\u0161kavimo procesas i\u0161ry\u0161kina nat\u016brali\u0105 medienos tekst\u016br\u0105 ir pagilina nat\u016brali\u0105 jos spalv\u0105. Bi\u010di\u0173 va\u0161kas yra nat\u016bralus produktas, tod\u0117l va\u0161kuoti baldai \u012fgauna antistatini\u0173 savybi\u0173 \u2013 suma\u017eina dulki\u0173 kaupim\u0105si. Papildomas va\u0161kuot\u0173 bald\u0173 privalumas \u2013 \u0161ilkiniai lygus pavir\u0161ius ir malonus nat\u016bralios medienos kvapas.<\/p>\n<p>Sveikos medienos strukt\u016bros i\u0161saugojimas yra b\u016btinas va\u0161kuot\u0173 bald\u0173 ilgaam\u017ei\u0161kumui. Skyriuje \u201cVa\u0161kuot\u0173 bald\u0173 prie\u017ei\u016bra ir naudojimas\u201d rasite verting\u0173 patarim\u0173, kaip pri\u017ei\u016br\u0117ti \u201eRustikal\u201c kolekcijos baldus.<\/p>","protected":false},"excerpt":{"rendered":"<p>Medinis augal\u0173 stov\u0173 komplektas, pagamintas i\u0161 va\u0161kuotos pu\u0161ies. Stovai taip pat gali b\u016bti naudojami kaip staliukai. Jie puikiai papildys kaimi\u0161ko stiliaus interjer\u0105. Stalas\/augal\u0173 stovas yra universalus ir funkcionalus. J\u012f galima naudoti kaip augal\u0173 stov\u0105, g\u0117li\u0173 stov\u0105, kavos staliuk\u0105, sofos staliuk\u0105, svetain\u0117s staliuk\u0105 arba [\u2026]<\/p>","protected":false},"featured_media":88608,"comment_status":"open","ping_status":"open","template":"","meta":[],"product_brand":[],"product_cat":[9317,9307,9251,2113],"product_tag":[],"class_list":{"0":"post-88613","1":"product","2":"type-product","3":"status-publish","4":"has-post-thumbnail","6":"product_cat-collection-rustikal-drewmax","7":"product_cat-garden-furniture-drewmax","8":"product_cat-musor","9":"product_cat-drewmax","11":"first","12":"instock","13":"purchasable","14":"product-type-simple"},"_links":{"self":[{"href":"https:\/\/baldumarket.lt\/lt\/wp-json\/wp\/v2\/product\/88613","targetHints":{"allow":["GET"]}}],"collection":[{"href":"https:\/\/baldumarket.lt\/lt\/wp-json\/wp\/v2\/product"}],"about":[{"href":"https:\/\/baldumarket.lt\/lt\/wp-json\/wp\/v2\/types\/product"}],"replies":[{"embeddable":true,"href":"https:\/\/baldumarket.lt\/lt\/wp-json\/wp\/v2\/comments?post=88613"}],"wp:featuredmedia":[{"embeddable":true,"href":"https:\/\/baldumarket.lt\/lt\/wp-json\/wp\/v2\/media\/88608"}],"wp:attachment":[{"href":"https:\/\/baldumarket.lt\/lt\/wp-json\/wp\/v2\/media?parent=88613"}],"wp:term":[{"taxonomy":"product_brand","embeddable":true,"href":"https:\/\/baldumarket.lt\/lt\/wp-json\/wp\/v2\/product_brand?post=88613"},{"taxonomy":"product_cat","embeddable":true,"href":"https:\/\/baldumarket.lt\/lt\/wp-json\/wp\/v2\/product_cat?post=88613"},{"taxonomy":"product_tag","embeddable":true,"href":"https:\/\/baldumarket.lt\/lt\/wp-json\/wp\/v2\/product_tag?post=88613"}],"curies":[{"name":"wp","href":"https:\/\/api.w.org\/{rel}","templated":true}]}}