{"id":88572,"date":"2025-12-05T00:52:26","date_gmt":"2025-12-04T21:52:26","guid":{"rendered":"https:\/\/baldumarket.lt\/product\/garderoba-sosnowa-rustikal-gr701-sosna-ciemny-wosk\/"},"modified":"2026-02-04T00:12:59","modified_gmt":"2026-02-03T21:12:59","slug":"garderoba-sosnowa-rustikal-gr701-sosna-ciemny-wosk","status":"publish","type":"product","link":"https:\/\/baldumarket.lt\/lt\/product\/garderoba-sosnowa-rustikal-gr701-sosna-ciemny-wosk\/","title":{"rendered":"Pu\u0161in\u0117 spinta RUSTIKAL GR701 pu\u0161is, tamsus va\u0161kas"},"content":{"rendered":"<p>GR701 va\u0161kuota spintos lentyna yra sukurta kaimi\u0161ko stiliaus ir pagaminta vien i\u0161 tvirtos pu\u0161ies medienos. Skirta pakabinti vir\u0161utinius drabu\u017eius, ji turi atvir\u0105 lentyn\u0105 vir\u0161 lentyn\u0173, puikiai tinkan\u010di\u0105 kepur\u0117ms, \u0161alikams ar raktams laikyti. Kartu su GR702 bat\u0173 lentyna ji sukuria funkcional\u0173 spintos komplekt\u0105. Spintel\u0117 pasi\u017eymi patvaria ir tvirta konstrukcija. Jos konstrukcijoje naudojamos rank\u0173 darbo metalin\u0117s rankenos su sendinta apdaila. \u0160i spinta puikiai tinka net ir ma\u017eiems koridoriams. Ji suteiks bet kokiam interjerui unikali\u0105 atmosfer\u0105, kupin\u0105 \u0161ilumos ir jaukumo.<\/p>\n<p>Baldai padengti nat\u016braliu bi\u010di\u0173 va\u0161ku, kuris sukuria apsaugin\u012f sluoksn\u012f nuo dr\u0117gm\u0117s ir kartu apsaugo medien\u0105. Va\u0161kavimo procesas pary\u0161kina nat\u016bral\u0173 medienos ra\u0161t\u0105 ir pagilina nat\u016brali\u0105 jos spalv\u0105. Bi\u010di\u0173 va\u0161kas yra nat\u016bralus produktas, tod\u0117l va\u0161kuoti baldai pasi\u017eymi antistatin\u0117mis savyb\u0117mis, ma\u017einan\u010diomis dulki\u0173 kaupim\u0105si. Papildomas va\u0161kuot\u0173 bald\u0173 privalumas \u2013 \u0161ilkiniai lygus pavir\u0161ius ir malonus nat\u016bralus medienos aromatas.<\/p>\n<p>Sveikos medienos strukt\u016bros i\u0161saugojimas yra b\u016btinas va\u0161kuot\u0173 bald\u0173 ilgaam\u017ei\u0161kumui. Skyriuje \u201cVa\u0161kuot\u0173 bald\u0173 prie\u017ei\u016bra ir naudojimas\u201d rasite verting\u0173 patarim\u0173, kaip pri\u017ei\u016br\u0117ti \u201eRustikal\u201c kolekcijos baldus.<\/p>","protected":false},"excerpt":{"rendered":"<p>GR701 va\u0161kuota drabu\u017ei\u0173 spintos lentyna yra sukurta kaimi\u0161ko stiliaus ir pagaminta vien i\u0161 tvirtos pu\u0161ies medienos. Skirta pakabinti vir\u0161utinius drabu\u017eius, ji turi atvir\u0105 lentyn\u0105 vir\u0161 lentyn\u0173, puikiai tinkan\u010di\u0105 kepur\u0117ms, \u0161alikams ar raktams laikyti. Kartu su GR702 bat\u0173 lentyna ji sukuria funkcional\u0173 drabu\u017ei\u0173 spintos komplekt\u0105. \u0160is komplektas pasi\u017eymi patvariu [\u2026]<\/p>","protected":false},"featured_media":88573,"comment_status":"open","ping_status":"open","template":"","meta":[],"product_brand":[],"product_cat":[9317,9305,2113,1931],"product_tag":[],"class_list":{"0":"post-88572","1":"product","2":"type-product","3":"status-publish","4":"has-post-thumbnail","6":"product_cat-collection-rustikal-drewmax","7":"product_cat-pine-furniture-drewmax","8":"product_cat-drewmax","9":"product_cat-hangers","11":"first","12":"instock","13":"purchasable","14":"product-type-simple"},"_links":{"self":[{"href":"https:\/\/baldumarket.lt\/lt\/wp-json\/wp\/v2\/product\/88572","targetHints":{"allow":["GET"]}}],"collection":[{"href":"https:\/\/baldumarket.lt\/lt\/wp-json\/wp\/v2\/product"}],"about":[{"href":"https:\/\/baldumarket.lt\/lt\/wp-json\/wp\/v2\/types\/product"}],"replies":[{"embeddable":true,"href":"https:\/\/baldumarket.lt\/lt\/wp-json\/wp\/v2\/comments?post=88572"}],"wp:featuredmedia":[{"embeddable":true,"href":"https:\/\/baldumarket.lt\/lt\/wp-json\/wp\/v2\/media\/88573"}],"wp:attachment":[{"href":"https:\/\/baldumarket.lt\/lt\/wp-json\/wp\/v2\/media?parent=88572"}],"wp:term":[{"taxonomy":"product_brand","embeddable":true,"href":"https:\/\/baldumarket.lt\/lt\/wp-json\/wp\/v2\/product_brand?post=88572"},{"taxonomy":"product_cat","embeddable":true,"href":"https:\/\/baldumarket.lt\/lt\/wp-json\/wp\/v2\/product_cat?post=88572"},{"taxonomy":"product_tag","embeddable":true,"href":"https:\/\/baldumarket.lt\/lt\/wp-json\/wp\/v2\/product_tag?post=88572"}],"curies":[{"name":"wp","href":"https:\/\/api.w.org\/{rel}","templated":true}]}}