{"id":88567,"date":"2025-12-05T00:52:18","date_gmt":"2025-12-04T21:52:18","guid":{"rendered":"https:\/\/baldumarket.lt\/product\/garderoba-sosnowa-rustikal-gr702-sosna-brunatny-wosk\/"},"modified":"2026-02-04T00:13:01","modified_gmt":"2026-02-03T21:13:01","slug":"garderoba-sosnowa-rustikal-gr702-sosna-brunatny-wosk","status":"publish","type":"product","link":"https:\/\/baldumarket.lt\/lt\/product\/garderoba-sosnowa-rustikal-gr702-sosna-brunatny-wosk\/","title":{"rendered":"Pu\u0161in\u0117 spinta RUSTIKAL GR702 pu\u0161ies ruda va\u0161kuota"},"content":{"rendered":"<p>GR702 va\u0161kuota bat\u0173 spintel\u0117, sukurta kaimi\u0161ku stiliumi, pagaminta i\u0161 tvirtos pu\u0161ies medienos. Joje j\u016bs\u0173 daiktai bus tvarkingi, o taip pat puikiai tiks apsiauti batus. Kartu su GR701 kabykla ji sukuria funkcional\u0173 drabu\u017ei\u0173 spintos komplekt\u0105. Baldas pasi\u017eymi patvaria ir tvirta konstrukcija. Jo konstrukcijoje naudojami rank\u0173 darbo metaliniai vyriai ir rankenos su sendinto med\u017eio efektu. Ji puikiai tinka net ir ma\u017eiems koridoriams, suteikdama bet kokiam interjerui unikali\u0105, \u0161ilumos ir jaukumo kupin\u0105 atmosfer\u0105.<\/p>\n<p>Baldai padengti nat\u016braliu bi\u010di\u0173 va\u0161ku, kuris sukuria apsaugin\u012f sluoksn\u012f nuo dr\u0117gm\u0117s ir kartu apsaugo medien\u0105. Va\u0161kavimo procesas pary\u0161kina nat\u016brali\u0105 medienos tekst\u016br\u0105 ir pagilina nat\u016brali\u0105 jos spalv\u0105. Bi\u010di\u0173 va\u0161kas yra nat\u016bralus produktas, tod\u0117l va\u0161kuoti baldai pasi\u017eymi antistatin\u0117mis savyb\u0117mis, ma\u017einan\u010diomis dulki\u0173 kaupim\u0105si. Papildomas va\u0161kuot\u0173 bald\u0173 privalumas \u2013 \u0161ilkinis lygus pavir\u0161ius ir malonus nat\u016bralios medienos aromatas.<\/p>\n<p>Sveikos medienos tekst\u016bros i\u0161saugojimas yra b\u016btinas va\u0161kuot\u0173 bald\u0173 ilgaam\u017ei\u0161kumui. Skyriuje \u201cVa\u0161kuot\u0173 bald\u0173 prie\u017ei\u016bra ir naudojimas\u201d rasite verting\u0173 patarim\u0173, kaip pri\u017ei\u016br\u0117ti \u201eRustikal\u201c kolekcijos baldus.<\/p>","protected":false},"excerpt":{"rendered":"<p>GR702 va\u0161kuota bat\u0173 spintel\u0117, sukurta kaimi\u0161ku stiliumi, pagaminta i\u0161 tvirtos pu\u0161ies medienos. Ji leis tvarkingai laikyti j\u016bs\u0173 daiktus ir bus puiki vieta apsiauti batus. Kartu su GR701 kabykla ji sukuria funkcional\u0173 drabu\u017ei\u0173 spintos komplekt\u0105. Baldai pasi\u017eymi patvaria ir tvirta konstrukcija. Rank\u0173 darbo metalas [\u2026]<\/p>","protected":false},"featured_media":88560,"comment_status":"open","ping_status":"open","template":"","meta":[],"product_brand":[],"product_cat":[9317,9305,2113,1997],"product_tag":[],"class_list":{"0":"post-88567","1":"product","2":"type-product","3":"status-publish","4":"has-post-thumbnail","6":"product_cat-collection-rustikal-drewmax","7":"product_cat-pine-furniture-drewmax","8":"product_cat-drewmax","9":"product_cat-shoe-cabinets","11":"first","12":"instock","13":"purchasable","14":"product-type-simple"},"_links":{"self":[{"href":"https:\/\/baldumarket.lt\/lt\/wp-json\/wp\/v2\/product\/88567","targetHints":{"allow":["GET"]}}],"collection":[{"href":"https:\/\/baldumarket.lt\/lt\/wp-json\/wp\/v2\/product"}],"about":[{"href":"https:\/\/baldumarket.lt\/lt\/wp-json\/wp\/v2\/types\/product"}],"replies":[{"embeddable":true,"href":"https:\/\/baldumarket.lt\/lt\/wp-json\/wp\/v2\/comments?post=88567"}],"wp:featuredmedia":[{"embeddable":true,"href":"https:\/\/baldumarket.lt\/lt\/wp-json\/wp\/v2\/media\/88560"}],"wp:attachment":[{"href":"https:\/\/baldumarket.lt\/lt\/wp-json\/wp\/v2\/media?parent=88567"}],"wp:term":[{"taxonomy":"product_brand","embeddable":true,"href":"https:\/\/baldumarket.lt\/lt\/wp-json\/wp\/v2\/product_brand?post=88567"},{"taxonomy":"product_cat","embeddable":true,"href":"https:\/\/baldumarket.lt\/lt\/wp-json\/wp\/v2\/product_cat?post=88567"},{"taxonomy":"product_tag","embeddable":true,"href":"https:\/\/baldumarket.lt\/lt\/wp-json\/wp\/v2\/product_tag?post=88567"}],"curies":[{"name":"wp","href":"https:\/\/api.w.org\/{rel}","templated":true}]}}