{"id":88387,"date":"2025-12-05T00:48:17","date_gmt":"2025-12-04T21:48:17","guid":{"rendered":"https:\/\/baldumarket.lt\/product\/komoda-sosnowa-rustikal-kd719-sosna-bezbarwny-wosk\/"},"modified":"2026-02-04T00:13:40","modified_gmt":"2026-02-03T21:13:40","slug":"komoda-sosnowa-rustikal-kd719-sosna-bezbarwny-wosk","status":"publish","type":"product","link":"https:\/\/baldumarket.lt\/lt\/product\/komoda-sosnowa-rustikal-kd719-sosna-bezbarwny-wosk\/","title":{"rendered":"Pu\u0161in\u0117 komoda RUSTIKAL KD719 pu\u0161is, skaidrus va\u0161kas"},"content":{"rendered":"<p>Va\u0161kuota komoda SLIM KD719, sukurta kaimi\u0161ku stiliumi, pagaminta i\u0161 tvirtos pu\u0161ies medienos. Joje yra trys erdv\u016bs stal\u010diai su medin\u0117mis b\u0117gel\u0117mis ir dvi spintel\u0117s su lentyna viduje (viena dviej\u0173 dur\u0173 ir viena vien\u0173 dur\u0173). Jos konstrukcijoje panaudotos rank\u0173 darbo metalin\u0117s rankenos ir vyriai su sendinta aukso spalvos apdaila. Komoda yra patvarios ir tvirtos konstrukcijos. Ji puikiai tinka miegamiesiems ir persirengimo kambariams. Ji suteiks bet kokiam interjerui unikali\u0105 atmosfer\u0105, kupin\u0105 \u0161ilumos ir \u0161eimos jaukumo. Jos funkcionalumas labai palengvins daikt\u0173 laikym\u0105.<\/p>\n<p>STANDARTIN\u0116 KD819 komoda<\/p>\n<p>Komoda KD719 padengta nat\u016braliu bi\u010di\u0173 va\u0161ku, kuris sukuria apsaugin\u012f sluoksn\u012f nuo dr\u0117gm\u0117s ir kartu kondicionuoja medien\u0105. Va\u0161kavimas i\u0161ry\u0161kina nat\u016brali\u0105 medienos tekst\u016br\u0105 ir sustiprina nat\u016brali\u0105 jos spalv\u0105. Bi\u010di\u0173 va\u0161kas yra nat\u016bralus produktas, tod\u0117l va\u0161kuoti baldai \u012fgauna antistatini\u0173 savybi\u0173 \u2013 suma\u017eina dulki\u0173 kaupim\u0105si. Papildomas va\u0161kuot\u0173 bald\u0173 privalumas \u2013 \u0161ilkinis lygus pavir\u0161ius ir malonus nat\u016bralus medienos kvapas.<\/p>\n<p>Sveikos medienos strukt\u016bros i\u0161saugojimas yra b\u016btinas va\u0161kuot\u0173 bald\u0173 ilgaam\u017ei\u0161kumui. Skirtuke \u201cVa\u0161kuot\u0173 bald\u0173 prie\u017ei\u016bra ir naudojimas\u201d rasite verting\u0173 patarim\u0173, kaip pri\u017ei\u016br\u0117ti \u201eRustikal\u201c kolekcijos baldus.<\/p>","protected":false},"excerpt":{"rendered":"<p>Va\u0161kuota komoda SLIM KD719, sukurta kaimi\u0161ku stiliumi, pagaminta i\u0161 tvirtos pu\u0161ies medienos. Joje yra trys erdv\u016bs stal\u010diai su medin\u0117mis b\u0117gel\u0117mis ir dvi spintel\u0117s su lentyna viduje (viena dvidur\u0117 ir viena vienv\u0117r\u0117). Jos konstrukcijoje panaudotos rank\u0173 darbo metalin\u0117s rankenos ir vyriai su sendinta aukso spalvos apdaila. Komoda [\u2026]<\/p>","protected":false},"featured_media":88150,"comment_status":"open","ping_status":"open","template":"","meta":[],"product_brand":[],"product_cat":[9317,9305,1173,2113],"product_tag":[],"class_list":{"0":"post-88387","1":"product","2":"type-product","3":"status-publish","4":"has-post-thumbnail","6":"product_cat-collection-rustikal-drewmax","7":"product_cat-pine-furniture-drewmax","8":"product_cat-chests-of-drawers","9":"product_cat-drewmax","11":"first","12":"instock","13":"purchasable","14":"product-type-simple"},"_links":{"self":[{"href":"https:\/\/baldumarket.lt\/lt\/wp-json\/wp\/v2\/product\/88387","targetHints":{"allow":["GET"]}}],"collection":[{"href":"https:\/\/baldumarket.lt\/lt\/wp-json\/wp\/v2\/product"}],"about":[{"href":"https:\/\/baldumarket.lt\/lt\/wp-json\/wp\/v2\/types\/product"}],"replies":[{"embeddable":true,"href":"https:\/\/baldumarket.lt\/lt\/wp-json\/wp\/v2\/comments?post=88387"}],"wp:featuredmedia":[{"embeddable":true,"href":"https:\/\/baldumarket.lt\/lt\/wp-json\/wp\/v2\/media\/88150"}],"wp:attachment":[{"href":"https:\/\/baldumarket.lt\/lt\/wp-json\/wp\/v2\/media?parent=88387"}],"wp:term":[{"taxonomy":"product_brand","embeddable":true,"href":"https:\/\/baldumarket.lt\/lt\/wp-json\/wp\/v2\/product_brand?post=88387"},{"taxonomy":"product_cat","embeddable":true,"href":"https:\/\/baldumarket.lt\/lt\/wp-json\/wp\/v2\/product_cat?post=88387"},{"taxonomy":"product_tag","embeddable":true,"href":"https:\/\/baldumarket.lt\/lt\/wp-json\/wp\/v2\/product_tag?post=88387"}],"curies":[{"name":"wp","href":"https:\/\/api.w.org\/{rel}","templated":true}]}}