{"id":88367,"date":"2025-12-05T00:47:51","date_gmt":"2025-12-04T21:47:51","guid":{"rendered":"https:\/\/baldumarket.lt\/product\/komoda-sosnowa-rustikal-kd720-sosna-biala-patyna\/"},"modified":"2026-02-04T00:13:43","modified_gmt":"2026-02-03T21:13:43","slug":"komoda-sosnowa-rustikal-kd720-sosna-biala-patyna","status":"publish","type":"product","link":"https:\/\/baldumarket.lt\/lt\/product\/komoda-sosnowa-rustikal-kd720-sosna-biala-patyna\/","title":{"rendered":"Pu\u0161in\u0117 komoda RUSTIKAL KD720, baltos pu\u0161ies patina"},"content":{"rendered":"<p>Va\u0161kuota komoda KD720, sukurta skandinavi\u0161ku stiliumi, pagaminta i\u0161 tvirtos pu\u0161ies medienos. Joje yra keturi dideli ir erdv\u016bs stal\u010diai. Ji puikiai tinka svetainei, miegamajam ar persirengimo kambariui kaip patalyn\u0117s spinta. Ji suteiks bet kokiam interjerui unikali\u0105 atmosfer\u0105, kupin\u0105 \u0161ilumos ir nam\u0173 jaukumo. Jos funkcionalumas labai palengvina daikt\u0173 laikym\u0105. Komoda yra patvarios ir tvirtos konstrukcijos. Minimalistin\u0117, paprasta ir eleganti\u0161ka komoda.<\/p>\n<p>KD720 pu\u0161in\u0117 komoda padengta nat\u016braliu bi\u010di\u0173 va\u0161ku, kuris sukuria dr\u0117gm\u0117s apsaugos sluoksn\u012f ir kartu apsaugo medien\u0105. Va\u0161kavimo procesas i\u0161ry\u0161kina nat\u016brali\u0105 medienos tekst\u016br\u0105 ir pagilina nat\u016brali\u0105 jos spalv\u0105. Bi\u010di\u0173 va\u0161kas yra nat\u016bralus produktas, tod\u0117l va\u0161kuoti baldai \u012fgauna antistatini\u0173 savybi\u0173 \u2013 suma\u017eina dulki\u0173 kaupim\u0105si. Papildomas va\u0161kuot\u0173 bald\u0173 privalumas \u2013 \u0161ilkinis lygus pavir\u0161ius ir malonus nat\u016bralios medienos kvapas.<\/p>\n<p>Sveikos medienos strukt\u016bros i\u0161saugojimas yra b\u016btinas va\u0161kuot\u0173 bald\u0173 ilgaam\u017ei\u0161kumui. Skyriuje \u201cVa\u0161kuot\u0173 bald\u0173 prie\u017ei\u016bra ir naudojimas\u201d rasite verting\u0173 patarim\u0173, kaip pri\u017ei\u016br\u0117ti \u201eRustikal\u201c kolekcijos baldus.<\/p>","protected":false},"excerpt":{"rendered":"<p>Skandinavi\u0161ko stiliaus va\u0161kuota komoda KD720 pagaminta i\u0161 tvirtos pu\u0161ies medienos. Ji turi keturis didelius ir erdvius stal\u010dius. Ji puikiai tinka svetainei, miegamajam ar persirengimo kambariui kaip patalyn\u0117s spinta. Ji suteiks bet kokiam interjerui unikali\u0105 atmosfer\u0105, kupin\u0105 \u0161ilumos ir jaukumo. [\u2026]<\/p>","protected":false},"featured_media":88358,"comment_status":"open","ping_status":"open","template":"","meta":[],"product_brand":[],"product_cat":[9317,9305,1173,2113],"product_tag":[],"class_list":{"0":"post-88367","1":"product","2":"type-product","3":"status-publish","4":"has-post-thumbnail","6":"product_cat-collection-rustikal-drewmax","7":"product_cat-pine-furniture-drewmax","8":"product_cat-chests-of-drawers","9":"product_cat-drewmax","11":"first","12":"instock","13":"purchasable","14":"product-type-simple"},"_links":{"self":[{"href":"https:\/\/baldumarket.lt\/lt\/wp-json\/wp\/v2\/product\/88367","targetHints":{"allow":["GET"]}}],"collection":[{"href":"https:\/\/baldumarket.lt\/lt\/wp-json\/wp\/v2\/product"}],"about":[{"href":"https:\/\/baldumarket.lt\/lt\/wp-json\/wp\/v2\/types\/product"}],"replies":[{"embeddable":true,"href":"https:\/\/baldumarket.lt\/lt\/wp-json\/wp\/v2\/comments?post=88367"}],"wp:featuredmedia":[{"embeddable":true,"href":"https:\/\/baldumarket.lt\/lt\/wp-json\/wp\/v2\/media\/88358"}],"wp:attachment":[{"href":"https:\/\/baldumarket.lt\/lt\/wp-json\/wp\/v2\/media?parent=88367"}],"wp:term":[{"taxonomy":"product_brand","embeddable":true,"href":"https:\/\/baldumarket.lt\/lt\/wp-json\/wp\/v2\/product_brand?post=88367"},{"taxonomy":"product_cat","embeddable":true,"href":"https:\/\/baldumarket.lt\/lt\/wp-json\/wp\/v2\/product_cat?post=88367"},{"taxonomy":"product_tag","embeddable":true,"href":"https:\/\/baldumarket.lt\/lt\/wp-json\/wp\/v2\/product_tag?post=88367"}],"curies":[{"name":"wp","href":"https:\/\/api.w.org\/{rel}","templated":true}]}}