{"id":88313,"date":"2025-12-05T00:46:54","date_gmt":"2025-12-04T21:46:54","guid":{"rendered":"https:\/\/baldumarket.lt\/product\/komoda-sosnowa-rustikal-kd803-sosna-bielony-wosk\/"},"modified":"2026-02-04T00:13:54","modified_gmt":"2026-02-03T21:13:54","slug":"komoda-sosnowa-rustikal-kd803-sosna-bielony-wosk","status":"publish","type":"product","link":"https:\/\/baldumarket.lt\/lt\/product\/komoda-sosnowa-rustikal-kd803-sosna-bielony-wosk\/","title":{"rendered":"Pu\u0161in\u0117 komoda RUSTIKAL KD803, pu\u0161ies balintas va\u0161kas"},"content":{"rendered":"<p>Va\u0161kuota, glaz\u016bruota STANDARD KD803 komoda yra sukurta kaimi\u0161ko stiliaus ir pagaminta vien i\u0161 pu\u0161ies masyvo. Vir\u0161utin\u0117je, glaz\u016bruotoje dalyje yra viena lentyna. Apatin\u0117je dalyje yra du dideli stal\u010diai, kurie i\u0161stumdomi mediniais b\u0117geliais. Naudotos rank\u0173 darbo metalin\u0117s rankenos ir sendinto stiliaus vyriai. Komoda pasi\u017eymi patvaria ir tvirta konstrukcija. Ji puikiai tinka svetainei. U\u017e stiklini\u0173 dureli\u0173 galite laikyti stalo \u012frankius, stiklines ir puodelius, o stal\u010diuose galite laikyti stalo \u012frankius ir servet\u0117les. Pu\u0161in\u0117 KD803 komoda bet kokiam interjerui suteiks unikalios atmosferos, kupinos \u0161ilumos ir nam\u0173 jaukumo. Jos funkcionalumas labai palengvina daikt\u0173 laikym\u0105.<\/p>\n<p>SLIM KD703 komoda<\/p>\n<p>Komoda KD803 padengta nat\u016braliu bi\u010di\u0173 va\u0161ku, kuris sukuria apsaugin\u012f sluoksn\u012f nuo dr\u0117gm\u0117s ir kartu apsaugo medien\u0105. Va\u0161kavimas pary\u0161kina nat\u016brali\u0105 medienos tekst\u016br\u0105 ir pagilina nat\u016brali\u0105 jos spalv\u0105. Bi\u010di\u0173 va\u0161kas yra nat\u016bralus produktas, tod\u0117l va\u0161kuoti baldai \u012fgauna antistatini\u0173 savybi\u0173, suma\u017eina dulki\u0173 kaupim\u0105si. Papildomas va\u0161kuot\u0173 bald\u0173 privalumas \u2013 \u0161ilkiniai lygus pavir\u0161ius ir malonus nat\u016bralus medienos aromatas.<\/p>\n<p>Sveikos medienos tekst\u016bros i\u0161saugojimas yra b\u016btinas va\u0161kuot\u0173 bald\u0173 ilgaam\u017ei\u0161kumui. Skyriuje \u201cVa\u0161kuot\u0173 bald\u0173 prie\u017ei\u016bra ir naudojimas\u201d rasite verting\u0173 patarim\u0173, kaip pri\u017ei\u016br\u0117ti \u201eRustikal\u201c kolekcijos baldus.<\/p>","protected":false},"excerpt":{"rendered":"<p>Va\u0161kuota, glaz\u016bruota STANDARD KD803 komoda yra sukurta kaimi\u0161ko stiliaus ir pagaminta vien i\u0161 tvirtos pu\u0161ies medienos. Vir\u0161utin\u0117je, glaz\u016bruotoje dalyje yra viena lentyna. Apatin\u0117je dalyje yra du dideli stal\u010diai, kurie i\u0161stumdomi mediniais b\u0117geliais. Naudojamos rank\u0173 darbo metalin\u0117s rankenos ir sendinto stiliaus vyriai. Komoda pasi\u017eymi [\u2026]<\/p>","protected":false},"featured_media":88304,"comment_status":"open","ping_status":"open","template":"","meta":[],"product_brand":[],"product_cat":[9317,9305,1173,2113],"product_tag":[],"class_list":{"0":"post-88313","1":"product","2":"type-product","3":"status-publish","4":"has-post-thumbnail","6":"product_cat-collection-rustikal-drewmax","7":"product_cat-pine-furniture-drewmax","8":"product_cat-chests-of-drawers","9":"product_cat-drewmax","11":"first","12":"instock","13":"purchasable","14":"product-type-simple"},"_links":{"self":[{"href":"https:\/\/baldumarket.lt\/lt\/wp-json\/wp\/v2\/product\/88313","targetHints":{"allow":["GET"]}}],"collection":[{"href":"https:\/\/baldumarket.lt\/lt\/wp-json\/wp\/v2\/product"}],"about":[{"href":"https:\/\/baldumarket.lt\/lt\/wp-json\/wp\/v2\/types\/product"}],"replies":[{"embeddable":true,"href":"https:\/\/baldumarket.lt\/lt\/wp-json\/wp\/v2\/comments?post=88313"}],"wp:featuredmedia":[{"embeddable":true,"href":"https:\/\/baldumarket.lt\/lt\/wp-json\/wp\/v2\/media\/88304"}],"wp:attachment":[{"href":"https:\/\/baldumarket.lt\/lt\/wp-json\/wp\/v2\/media?parent=88313"}],"wp:term":[{"taxonomy":"product_brand","embeddable":true,"href":"https:\/\/baldumarket.lt\/lt\/wp-json\/wp\/v2\/product_brand?post=88313"},{"taxonomy":"product_cat","embeddable":true,"href":"https:\/\/baldumarket.lt\/lt\/wp-json\/wp\/v2\/product_cat?post=88313"},{"taxonomy":"product_tag","embeddable":true,"href":"https:\/\/baldumarket.lt\/lt\/wp-json\/wp\/v2\/product_tag?post=88313"}],"curies":[{"name":"wp","href":"https:\/\/api.w.org\/{rel}","templated":true}]}}