{"id":88046,"date":"2025-12-05T00:41:46","date_gmt":"2025-12-04T21:41:46","guid":{"rendered":"https:\/\/baldumarket.lt\/product\/hoker-krzeslo-sosnowe-kt708-sosna-ciemny-wosk\/"},"modified":"2026-02-04T00:14:30","modified_gmt":"2026-02-03T21:14:30","slug":"hoker-krzeslo-sosnowe-kt708-sosna-ciemny-wosk","status":"publish","type":"product","link":"https:\/\/baldumarket.lt\/lt\/product\/hoker-krzeslo-sosnowe-kt708-sosna-ciemny-wosk\/","title":{"rendered":"Pu\u0161in\u0117 k\u0117d\u0117 KT708, pu\u0161is, tamsus va\u0161kas"},"content":{"rendered":"<p>Va\u0161kuota baro k\u0117d\u0117 KT708. Sukurta kaimi\u0161ko stiliaus, pagaminta i\u0161 tvirtos pu\u0161ies medienos. Ergonomi\u0161ka ir stabili. Dizainas buvo patobulintas siekiant suteikti vartotojui auk\u0161\u010diausi\u0105 komforto lyg\u012f. Ji puikiai tinka virtuv\u0117ms su auk\u0161tu stalvir\u0161iu, skirian\u010diu virtuv\u0117s erdv\u0119 nuo svetain\u0117s. Ji suteiks bet kokiam interjerui unikali\u0105 atmosfer\u0105, kupin\u0105 \u0161ilumos ir \u0161eimyni\u0161kos atmosferos.<\/p>\n<p>Baldai padengti nat\u016braliu bi\u010di\u0173 va\u0161ku, kuris sukuria apsaugos nuo dr\u0117gm\u0117s sluoksn\u012f ir kartu maitina medien\u0105. Va\u0161kavimo procesas pary\u0161kina nat\u016brali\u0105 medienos tekst\u016br\u0105 ir pagilina nat\u016brali\u0105 jos spalv\u0105. Bi\u010di\u0173 va\u0161kas yra nat\u016bralus produktas, tod\u0117l va\u0161kuoti baldai \u012fgauna antistatini\u0173 savybi\u0173 \u2013 suma\u017eina dulki\u0173 kaupim\u0105si. Papildomas va\u0161kuot\u0173 bald\u0173 privalumas \u2013 \u0161ilkinis lygus pavir\u0161ius ir malonus nat\u016bralios medienos aromatas.<\/p>\n<p>Sveikos medienos tekst\u016bros i\u0161laikymas yra va\u0161kuot\u0173 bald\u0173 ilgo tarnavimo pagrindas. Skirtuke \u201cVa\u0161kuot\u0173 bald\u0173 prie\u017ei\u016bra ir naudojimas\u201d rasite verting\u0173 patarim\u0173, kaip pri\u017ei\u016br\u0117ti \u201eRustikal\u201c kolekcijos baldus.<\/p>","protected":false},"excerpt":{"rendered":"<p>Va\u0161kuota baro k\u0117d\u0117 KT708. Sukurta kaimi\u0161ko stiliaus, ji pagaminta i\u0161 tvirtos pu\u0161ies medienos. Ergonomi\u0161ka ir stabili. Dizainas buvo patobulintas siekiant suteikti vartotojui auk\u0161\u010diausi\u0105 komforto lyg\u012f. Ji puikiai tinka virtuv\u0117ms su auk\u0161tu stalvir\u0161iu, skirian\u010diu virtuv\u0117s erdv\u0119 nuo svetain\u0117s. Ji suteiks bet kokiam interjerui [\u2026]<\/p>","protected":false},"featured_media":88041,"comment_status":"open","ping_status":"open","template":"","meta":[],"product_brand":[],"product_cat":[9305,1930,2113],"product_tag":[],"class_list":{"0":"post-88046","1":"product","2":"type-product","3":"status-publish","4":"has-post-thumbnail","6":"product_cat-pine-furniture-drewmax","7":"product_cat-chairs","8":"product_cat-drewmax","10":"first","11":"instock","12":"purchasable","13":"product-type-simple"},"_links":{"self":[{"href":"https:\/\/baldumarket.lt\/lt\/wp-json\/wp\/v2\/product\/88046","targetHints":{"allow":["GET"]}}],"collection":[{"href":"https:\/\/baldumarket.lt\/lt\/wp-json\/wp\/v2\/product"}],"about":[{"href":"https:\/\/baldumarket.lt\/lt\/wp-json\/wp\/v2\/types\/product"}],"replies":[{"embeddable":true,"href":"https:\/\/baldumarket.lt\/lt\/wp-json\/wp\/v2\/comments?post=88046"}],"wp:featuredmedia":[{"embeddable":true,"href":"https:\/\/baldumarket.lt\/lt\/wp-json\/wp\/v2\/media\/88041"}],"wp:attachment":[{"href":"https:\/\/baldumarket.lt\/lt\/wp-json\/wp\/v2\/media?parent=88046"}],"wp:term":[{"taxonomy":"product_brand","embeddable":true,"href":"https:\/\/baldumarket.lt\/lt\/wp-json\/wp\/v2\/product_brand?post=88046"},{"taxonomy":"product_cat","embeddable":true,"href":"https:\/\/baldumarket.lt\/lt\/wp-json\/wp\/v2\/product_cat?post=88046"},{"taxonomy":"product_tag","embeddable":true,"href":"https:\/\/baldumarket.lt\/lt\/wp-json\/wp\/v2\/product_tag?post=88046"}],"curies":[{"name":"wp","href":"https:\/\/api.w.org\/{rel}","templated":true}]}}