{"id":88021,"date":"2025-12-05T00:41:22","date_gmt":"2025-12-04T21:41:22","guid":{"rendered":"https:\/\/baldumarket.lt\/product\/krzeslo-sosnowe-kt710-sosna-bialy-wosk\/"},"modified":"2026-02-04T00:14:34","modified_gmt":"2026-02-03T21:14:34","slug":"krzeslo-sosnowe-kt710-sosna-bialy-wosk","status":"publish","type":"product","link":"https:\/\/baldumarket.lt\/lt\/product\/krzeslo-sosnowe-kt710-sosna-bialy-wosk\/","title":{"rendered":"Pu\u0161in\u0117 k\u0117d\u0117 KT710, pu\u0161ies baltas va\u0161kas"},"content":{"rendered":"<p>KT710 va\u0161kuota k\u0117d\u0117. Sukurta kaimi\u0161ku stiliumi, ji pagaminta vien i\u0161 tvirtos pu\u0161ies medienos. Ji funkcionali ir esteti\u0161kai patraukli. Ji puikiai tinka ne tik virtuvei, bet ir yra puikus dekoratyvinis akcentas. D\u0117l i\u0161skirtinio paprastumo ji gali atlikti daugyb\u0119 funkcij\u0173 \u2013 nuo g\u0117li\u0173 stovo iki kavos staliuko ar k\u0117d\u0117s. Ji suteiks bet kokiam interjerui unikali\u0105, \u0161ilt\u0105 ir jauki\u0105 atmosfer\u0105.<\/p>\n<p>Baldai padengti nat\u016braliu bi\u010di\u0173 va\u0161ku, kuris sukuria apsaugin\u012f sluoksn\u012f nuo dr\u0117gm\u0117s ir kartu maitina medien\u0105. Va\u0161kavimo procesas pary\u0161kina nat\u016bral\u0173 medienos ra\u0161t\u0105 ir pagilina nat\u016brali\u0105 jos spalv\u0105. Bi\u010di\u0173 va\u0161kas yra nat\u016bralus produktas, tod\u0117l va\u0161kuoti baldai pasi\u017eymi antistatin\u0117mis savyb\u0117mis, ma\u017einan\u010diomis dulki\u0173 kaupim\u0105si. Papildomas va\u0161kuot\u0173 bald\u0173 privalumas \u2013 \u0161ilkinis lygus pavir\u0161ius ir malonus nat\u016bralios medienos aromatas.<\/p>\n<p>Sveikos medienos tekst\u016bros i\u0161saugojimas yra b\u016btinas va\u0161kuot\u0173 bald\u0173 ilgaam\u017ei\u0161kumui. Skyriuje \u201cVa\u0161kuot\u0173 bald\u0173 prie\u017ei\u016bra ir naudojimas\u201d rasite verting\u0173 patarim\u0173, kaip pri\u017ei\u016br\u0117ti \u201eRustikal\u201c kolekcijos baldus.<br \/>\n&#8230;<\/p>","protected":false},"excerpt":{"rendered":"<p>KT710 va\u0161kuota k\u0117d\u0117. Sukurta kaimi\u0161ku stiliumi, ji pagaminta vien i\u0161 tvirtos pu\u0161ies medienos. Ji funkcionali ir esteti\u0161kai patraukli. Ji puikiai tinka ne tik virtuvei, bet ir yra puikus dekoratyvinis akcentas. D\u0117l i\u0161skirtinio paprastumo ji gali atlikti daugyb\u0119 funkcij\u0173 \u2013 nuo g\u0117li\u0173 stovo iki kavos staliuko ir [\u2026]<\/p>","protected":false},"featured_media":88015,"comment_status":"open","ping_status":"open","template":"","meta":[],"product_brand":[],"product_cat":[9305,1930,2113],"product_tag":[],"class_list":{"0":"post-88021","1":"product","2":"type-product","3":"status-publish","4":"has-post-thumbnail","6":"product_cat-pine-furniture-drewmax","7":"product_cat-chairs","8":"product_cat-drewmax","10":"first","11":"instock","12":"purchasable","13":"product-type-simple"},"_links":{"self":[{"href":"https:\/\/baldumarket.lt\/lt\/wp-json\/wp\/v2\/product\/88021","targetHints":{"allow":["GET"]}}],"collection":[{"href":"https:\/\/baldumarket.lt\/lt\/wp-json\/wp\/v2\/product"}],"about":[{"href":"https:\/\/baldumarket.lt\/lt\/wp-json\/wp\/v2\/types\/product"}],"replies":[{"embeddable":true,"href":"https:\/\/baldumarket.lt\/lt\/wp-json\/wp\/v2\/comments?post=88021"}],"wp:featuredmedia":[{"embeddable":true,"href":"https:\/\/baldumarket.lt\/lt\/wp-json\/wp\/v2\/media\/88015"}],"wp:attachment":[{"href":"https:\/\/baldumarket.lt\/lt\/wp-json\/wp\/v2\/media?parent=88021"}],"wp:term":[{"taxonomy":"product_brand","embeddable":true,"href":"https:\/\/baldumarket.lt\/lt\/wp-json\/wp\/v2\/product_brand?post=88021"},{"taxonomy":"product_cat","embeddable":true,"href":"https:\/\/baldumarket.lt\/lt\/wp-json\/wp\/v2\/product_cat?post=88021"},{"taxonomy":"product_tag","embeddable":true,"href":"https:\/\/baldumarket.lt\/lt\/wp-json\/wp\/v2\/product_tag?post=88021"}],"curies":[{"name":"wp","href":"https:\/\/api.w.org\/{rel}","templated":true}]}}