{"id":87986,"date":"2025-12-05T00:40:44","date_gmt":"2025-12-04T21:40:44","guid":{"rendered":"https:\/\/baldumarket.lt\/product\/krzeslo-sosnowe-kt713-sosna-brunatny-wosk\/"},"modified":"2026-02-04T00:14:39","modified_gmt":"2026-02-03T21:14:39","slug":"krzeslo-sosnowe-kt713-sosna-brunatny-wosk","status":"publish","type":"product","link":"https:\/\/baldumarket.lt\/lt\/product\/krzeslo-sosnowe-kt713-sosna-brunatny-wosk\/","title":{"rendered":"Pu\u0161in\u0117 k\u0117d\u0117 KT713, pu\u0161ies rudas va\u0161kas"},"content":{"rendered":"<p>Va\u0161kuota, aptraukta pu\u0161ies taburet\u0117 KT713. Sukurta kaimi\u0161ko stiliaus, ji pagaminta i\u0161 tvirtos pu\u0161ies medienos ir nat\u016bralios spalvos audinio. \u0160io k\u0117d\u0117s modelio apmu\u0161al\u0173 spalvos ar med\u017eiagos keisti negalima. Ji puikiai dera prie kaimi\u0161ko stiliaus svetain\u0117s, darbo kambario ar valgomojo, bet taip pat tiks ir klasikiniame interjere. \u0160i stilinga k\u0117d\u0117 puikiai tiks prie bet kokio stalo ar tualetinio staliuko. Ji suteiks bet kokiam interjerui unikali\u0105 atmosfer\u0105, kupin\u0105 \u0161ilumos ir jaukumo.<\/p>\n<p>Baldai padengti nat\u016braliu bi\u010di\u0173 va\u0161ku, kuris sukuria apsaugin\u012f sluoksn\u012f nuo dr\u0117gm\u0117s ir kartu apsaugo medien\u0105. Va\u0161kavimo procesas pary\u0161kina nat\u016brali\u0105 medienos tekst\u016br\u0105 ir pagilina nat\u016brali\u0105 jos spalv\u0105. Bi\u010di\u0173 va\u0161kas yra nat\u016bralus produktas, tod\u0117l va\u0161kuoti baldai \u012fgauna antistatini\u0173 savybi\u0173 \u2013 suma\u017eina dulki\u0173 kaupim\u0105si. Papildomas va\u0161kuot\u0173 bald\u0173 privalumas \u2013 \u0161ilkinis lygus pavir\u0161ius ir malonus nat\u016bralios medienos kvapas.<\/p>\n<p>Sveikos medienos strukt\u016bros i\u0161saugojimas yra b\u016btinas va\u0161kuot\u0173 bald\u0173 ilgaam\u017ei\u0161kumui. Skyriuje \u201cVa\u0161kuot\u0173 bald\u0173 prie\u017ei\u016bra ir naudojimas\u201d rasite verting\u0173 patarim\u0173, kaip pri\u017ei\u016br\u0117ti \u201eRustikal\u201c kolekcijos baldus.<\/p>","protected":false},"excerpt":{"rendered":"<p>Va\u0161kuota, aptraukta pu\u0161ies taburet\u0117 KT713. Sukurta kaimi\u0161ko stiliaus, ji pagaminta i\u0161 tvirtos pu\u0161ies medienos ir nat\u016bralios spalvos audinio. \u0160io k\u0117d\u0117s modelio apmu\u0161al\u0173 spalvos ar med\u017eiagos keisti negalima. Ji puikiai papildys kaimi\u0161k\u0105 svetain\u0117s, darbo kambario ar valgomojo interjer\u0105, bet taip pat tiks ir klasikiniame [\u2026]<\/p>","protected":false},"featured_media":87987,"comment_status":"open","ping_status":"open","template":"","meta":[],"product_brand":[],"product_cat":[9305,1930,2113],"product_tag":[],"class_list":{"0":"post-87986","1":"product","2":"type-product","3":"status-publish","4":"has-post-thumbnail","6":"product_cat-pine-furniture-drewmax","7":"product_cat-chairs","8":"product_cat-drewmax","10":"first","11":"instock","12":"purchasable","13":"product-type-simple"},"_links":{"self":[{"href":"https:\/\/baldumarket.lt\/lt\/wp-json\/wp\/v2\/product\/87986","targetHints":{"allow":["GET"]}}],"collection":[{"href":"https:\/\/baldumarket.lt\/lt\/wp-json\/wp\/v2\/product"}],"about":[{"href":"https:\/\/baldumarket.lt\/lt\/wp-json\/wp\/v2\/types\/product"}],"replies":[{"embeddable":true,"href":"https:\/\/baldumarket.lt\/lt\/wp-json\/wp\/v2\/comments?post=87986"}],"wp:featuredmedia":[{"embeddable":true,"href":"https:\/\/baldumarket.lt\/lt\/wp-json\/wp\/v2\/media\/87987"}],"wp:attachment":[{"href":"https:\/\/baldumarket.lt\/lt\/wp-json\/wp\/v2\/media?parent=87986"}],"wp:term":[{"taxonomy":"product_brand","embeddable":true,"href":"https:\/\/baldumarket.lt\/lt\/wp-json\/wp\/v2\/product_brand?post=87986"},{"taxonomy":"product_cat","embeddable":true,"href":"https:\/\/baldumarket.lt\/lt\/wp-json\/wp\/v2\/product_cat?post=87986"},{"taxonomy":"product_tag","embeddable":true,"href":"https:\/\/baldumarket.lt\/lt\/wp-json\/wp\/v2\/product_tag?post=87986"}],"curies":[{"name":"wp","href":"https:\/\/api.w.org\/{rel}","templated":true}]}}