{"id":87926,"date":"2025-12-05T00:39:42","date_gmt":"2025-12-04T21:39:42","guid":{"rendered":"https:\/\/baldumarket.lt\/product\/lampa-lp016\/"},"modified":"2026-02-04T00:14:48","modified_gmt":"2026-02-03T21:14:48","slug":"lampa-lp016","status":"publish","type":"product","link":"https:\/\/baldumarket.lt\/lt\/product\/lampa-lp016\/","title":{"rendered":"Lempa LP016"},"content":{"rendered":"<p>LP016 \u0161viestuvas yra rank\u0173 darbo, pagamintas i\u0161 storai austos medvilnin\u0117s virvel\u0117s. Galima rinktis i\u0161 trij\u0173 pastelini\u0173 atspalvi\u0173: persikin\u0117s, violetin\u0117s ir pilkos. \u0160is unikalus, boho stiliaus virvelinis \u0161viestuvas sukuria subtil\u0173 ir \u012fdom\u0173 ap\u0161vietimo efekt\u0105 bet kuriame kambaryje. Jis praskaidrins bet kur\u012f vaik\u0173 kambar\u012f, sukurdamas unikali\u0105, jauki\u0105 atmosfer\u0105.<\/p>\n<p>TECHNIN\u0116S SPECIFIKACIJOS<\/p>\n<p>Matmenys: laidas 100 cm<\/p>\n<p>Pagrindin\u0117 gaminio med\u017eiaga: medvilninis kordas<\/p>\n<p>Galimos spalvos: persik\u0173, violetin\u0117, pilka<\/p>\n<p>\u0160viesos \u0161altinis: maks. 15 W LED lemput\u0117, 230 V, 50 Hz<\/p>\n<p>Reikalinga i\u0161\u0117jimo \u012ftampa (maitinimo \u0161altinis): 220\u2013240 V<\/p>\n<p>Lizdas\/lizdas: E27<\/p>\n<p>Pastaba: lemput\u0117 nepridedama.<\/p>","protected":false},"excerpt":{"rendered":"<p>LP016 \u0161viestuvas yra rank\u0173 darbo, pagamintas i\u0161 storai austos medvilnin\u0117s virvel\u0117s. Galima rinktis i\u0161 trij\u0173 pastelini\u0173 atspalvi\u0173: persikin\u0117s, violetin\u0117s ir pilkos. \u0160is unikalus, bohemi\u0161ko stiliaus virvelinis \u0161viestuvas sukuria subtil\u0173 ir \u012fdom\u0173 ap\u0161vietimo efekt\u0105 bet kuriame kambaryje. Jis praskaidrins bet kur\u012f vaik\u0173 kambar\u012f, sukurdamas unikali\u0105, jauki\u0105 atmosfer\u0105. TECHNIN\u0116S SPECIFIKACIJOS Matmenys: laidas 100 cm Pagrindin\u0117 gaminio med\u017eiaga: [\u2026]<\/p>","protected":false},"featured_media":87927,"comment_status":"open","ping_status":"open","template":"","meta":[],"product_brand":[],"product_cat":[2113,1231],"product_tag":[],"class_list":{"0":"post-87926","1":"product","2":"type-product","3":"status-publish","4":"has-post-thumbnail","6":"product_cat-drewmax","7":"product_cat-lamps","9":"first","10":"instock","11":"purchasable","12":"product-type-simple"},"_links":{"self":[{"href":"https:\/\/baldumarket.lt\/lt\/wp-json\/wp\/v2\/product\/87926","targetHints":{"allow":["GET"]}}],"collection":[{"href":"https:\/\/baldumarket.lt\/lt\/wp-json\/wp\/v2\/product"}],"about":[{"href":"https:\/\/baldumarket.lt\/lt\/wp-json\/wp\/v2\/types\/product"}],"replies":[{"embeddable":true,"href":"https:\/\/baldumarket.lt\/lt\/wp-json\/wp\/v2\/comments?post=87926"}],"wp:featuredmedia":[{"embeddable":true,"href":"https:\/\/baldumarket.lt\/lt\/wp-json\/wp\/v2\/media\/87927"}],"wp:attachment":[{"href":"https:\/\/baldumarket.lt\/lt\/wp-json\/wp\/v2\/media?parent=87926"}],"wp:term":[{"taxonomy":"product_brand","embeddable":true,"href":"https:\/\/baldumarket.lt\/lt\/wp-json\/wp\/v2\/product_brand?post=87926"},{"taxonomy":"product_cat","embeddable":true,"href":"https:\/\/baldumarket.lt\/lt\/wp-json\/wp\/v2\/product_cat?post=87926"},{"taxonomy":"product_tag","embeddable":true,"href":"https:\/\/baldumarket.lt\/lt\/wp-json\/wp\/v2\/product_tag?post=87926"}],"curies":[{"name":"wp","href":"https:\/\/api.w.org\/{rel}","templated":true}]}}