{"id":87924,"date":"2025-12-05T00:39:40","date_gmt":"2025-12-04T21:39:40","guid":{"rendered":"https:\/\/baldumarket.lt\/product\/lampa-lp017\/"},"modified":"2026-02-04T00:14:48","modified_gmt":"2026-02-03T21:14:48","slug":"lampa-lp017","status":"publish","type":"product","link":"https:\/\/baldumarket.lt\/lt\/product\/lampa-lp017\/","title":{"rendered":"Lempa LP017"},"content":{"rendered":"<p>A\u017e\u016brinis sieninis \u0161viestuvas LP017 pagamintas i\u0161 9 mm storio medvilninio virvel\u0117s. Laidas yra storas, dvigubas ir u\u017epildytas poliesterio u\u017epildu. Laidas yra trij\u0173 metr\u0173 ilgio, tod\u0117l sienin\u012f \u0161viestuv\u0105 galite pakabinti toli nuo elektros lizdo sunkiai pasiekiamose vietose. LP017 virvel\u0117s formos \u0161viestuvas i\u0161 prad\u017ei\u0173 turi ki\u0161tuk\u0105, bet galime prid\u0117ti ir lub\u0173 dangtel\u012f, kad j\u012f suasmenintume. Prie \u0161viestuvo taip pat pridedamas medinis laikiklis, ant kurio galite laisvai pinti \u0161viestuv\u0105 pagal savo pageidavimus. Pakabinimo laikiklis yra dviej\u0173 spalv\u0173: rudos arba baltos. K\u016brybi\u0161kos virv\u0117s formos \u0161viestuvas yra \u012fvairi\u0173 pastelini\u0173 spalv\u0173: persikin\u0117s, violetin\u0117s, \u017ealios ir pilkos.<\/p>\n<p>Tai puikus ap\u0161vietimo dekoras, skirtas moderniems interjerams priva\u010diuose namuose, taip pat \u012fvairioms komercin\u0117ms \u012fstaigoms, restoranams, kavin\u0117ms, barams ir daugeliui kit\u0173 viet\u0173, kur svarbus dekoras.<\/p>\n<p>TECHNIN\u0116S SPECIFIKACIJOS<\/p>\n<p>Matmenys: Ilgis: 3 metrai, yra ki\u0161tukas<\/p>\n<p>Gaminio med\u017eiaga: medin\u0117 rankena, medvilninis si\u016blas<\/p>\n<p>Laido spalv\u0173 variantai: persikin\u0117, violetin\u0117, pilka, \u017ealia<\/p>\n<p>Rankenos spalv\u0173 variantai: ruda, balta<\/p>\n<p>Galia: maks. 15 W lemput\u0117, LED<\/p>\n<p>Nominali \u012ftampa: 220\u2013230 V ~ 50 Hz<\/p>\n<p>\u0160viesos \u0161altinis: maks. 15 W lemput\u0117, LED, 230 V, 50 Hz<\/p>\n<p>Lizdas\/Sriegis: E27<\/p>\n<p>Pastaba: lemput\u0117 nepridedama.<\/p>","protected":false},"excerpt":{"rendered":"<p>A\u017e\u016brinis sieninis \u0161viestuvas LP017 pagamintas i\u0161 9 mm storio medvilninio virvel\u0117s. Virvel\u0117 yra stora, dviguba ir u\u017epildyta poliesterio u\u017epildu. Laidas yra trij\u0173 metr\u0173 ilgio, tod\u0117l sienin\u012f \u0161viestuv\u0105 galite pakabinti toli nuo elektros lizdo sunkiai pasiekiamose vietose. LP017 virvelinis \u0161viestuvas i\u0161 prad\u017ei\u0173 turi ki\u0161tuk\u0105, bet [\u2026]<\/p>","protected":false},"featured_media":87925,"comment_status":"open","ping_status":"open","template":"","meta":[],"product_brand":[],"product_cat":[2113,1231],"product_tag":[],"class_list":{"0":"post-87924","1":"product","2":"type-product","3":"status-publish","4":"has-post-thumbnail","6":"product_cat-drewmax","7":"product_cat-lamps","9":"first","10":"instock","11":"purchasable","12":"product-type-simple"},"_links":{"self":[{"href":"https:\/\/baldumarket.lt\/lt\/wp-json\/wp\/v2\/product\/87924","targetHints":{"allow":["GET"]}}],"collection":[{"href":"https:\/\/baldumarket.lt\/lt\/wp-json\/wp\/v2\/product"}],"about":[{"href":"https:\/\/baldumarket.lt\/lt\/wp-json\/wp\/v2\/types\/product"}],"replies":[{"embeddable":true,"href":"https:\/\/baldumarket.lt\/lt\/wp-json\/wp\/v2\/comments?post=87924"}],"wp:featuredmedia":[{"embeddable":true,"href":"https:\/\/baldumarket.lt\/lt\/wp-json\/wp\/v2\/media\/87925"}],"wp:attachment":[{"href":"https:\/\/baldumarket.lt\/lt\/wp-json\/wp\/v2\/media?parent=87924"}],"wp:term":[{"taxonomy":"product_brand","embeddable":true,"href":"https:\/\/baldumarket.lt\/lt\/wp-json\/wp\/v2\/product_brand?post=87924"},{"taxonomy":"product_cat","embeddable":true,"href":"https:\/\/baldumarket.lt\/lt\/wp-json\/wp\/v2\/product_cat?post=87924"},{"taxonomy":"product_tag","embeddable":true,"href":"https:\/\/baldumarket.lt\/lt\/wp-json\/wp\/v2\/product_tag?post=87924"}],"curies":[{"name":"wp","href":"https:\/\/api.w.org\/{rel}","templated":true}]}}