{"id":87922,"date":"2025-12-05T00:39:39","date_gmt":"2025-12-04T21:39:39","guid":{"rendered":"https:\/\/baldumarket.lt\/product\/lampa-lp018\/"},"modified":"2026-02-04T00:14:49","modified_gmt":"2026-02-03T21:14:49","slug":"lampa-lp018","status":"publish","type":"product","link":"https:\/\/baldumarket.lt\/lt\/product\/lampa-lp018\/","title":{"rendered":"Lempa LP018"},"content":{"rendered":"<p>Stilingas tor\u0161eras LP018 yra gra\u017eus papildomas ap\u0161vietimo elementas, b\u016btinas bet kurioje svetain\u0117je, miegamajame ar darbo kambaryje. Jis suteiks unikal\u0173 charakter\u012f, apgaubdamas erdv\u0119 \u0161velnia \u0161viesa ir apibr\u0117\u017edamas atskiras zonas. Jis puikiai dera prie patogaus fotelio ar sofos, sukurdamas erdv\u0119 vakariniam skaitymui arba tiesiog ap\u0161viesdamas tamsias erdves. LP018 tor\u0161eras yra labai mobilus, tod\u0117l j\u012f galite lengvai perkelti ten, kur jums reikia. Kuriant atmosferin\u012f i\u0161d\u0117stym\u0105, verta rinktis kelis \u0161viesos \u0161altinius. Pasirinkus vien\u0105 \u017eidinio ta\u0161k\u0105, da\u017eniausiai pakabinam\u0105 \u0161viestuv\u0105, galima lengvai sukurti klaustrofobin\u012f, nepatraukl\u0173 ir neprakti\u0161k\u0105 interjer\u0105. Papildant j\u012f keliais kitais ap\u0161vietimo \u0161altiniais, tokiais kaip tor\u0161erai, galima lengvai sukurti jauki\u0105 erdv\u0119.<\/p>\n<p>TECHNIN\u0116S SPECIFIKACIJOS<\/p>\n<p>Matmenys: bendras auk\u0161tis 136 cm, gaubto auk\u0161tis 20 cm, skersmuo 45 cm<\/p>\n<p>Juodas laidas ir jungiklis.<\/p>\n<p>\u0160viestuvo gaubtas yra dviej\u0173 spalv\u0173: baltos ir juodos.<\/p>\n<p>Nominali \u012ftampa: 220\u2013230 V ~ 50 Hz<\/p>\n<p>\u0160viesos \u0161altinis: maks. 15 W LED lemput\u0117, 230 V, 50 Hz<\/p>\n<p>Lizdas\/sriegis: E27<\/p>\n<p>Pastaba: lemput\u0117 nepridedama.<\/p>","protected":false},"excerpt":{"rendered":"<p>Stilingas LP018 tor\u0161eras yra gra\u017eus papildomas ap\u0161vietimo elementas, b\u016btinas bet kurioje svetain\u0117je, miegamajame ar darbo kambaryje. Jis suteiks unikal\u0173 charakter\u012f, apgaubdamas erdv\u0119 \u0161velnia \u0161viesa ir apibr\u0117\u017edamas atskiras zonas. Jis puikiai dera prie patogaus fotelio ar sofos, sukuriant erdv\u0119 vakariniam skaitymui arba tiesiog ap\u0161vie\u010diant tamsias [\u2026]<\/p>","protected":false},"featured_media":87923,"comment_status":"open","ping_status":"open","template":"","meta":[],"product_brand":[],"product_cat":[2113,1231],"product_tag":[],"class_list":{"0":"post-87922","1":"product","2":"type-product","3":"status-publish","4":"has-post-thumbnail","6":"product_cat-drewmax","7":"product_cat-lamps","9":"first","10":"instock","11":"purchasable","12":"product-type-simple"},"_links":{"self":[{"href":"https:\/\/baldumarket.lt\/lt\/wp-json\/wp\/v2\/product\/87922","targetHints":{"allow":["GET"]}}],"collection":[{"href":"https:\/\/baldumarket.lt\/lt\/wp-json\/wp\/v2\/product"}],"about":[{"href":"https:\/\/baldumarket.lt\/lt\/wp-json\/wp\/v2\/types\/product"}],"replies":[{"embeddable":true,"href":"https:\/\/baldumarket.lt\/lt\/wp-json\/wp\/v2\/comments?post=87922"}],"wp:featuredmedia":[{"embeddable":true,"href":"https:\/\/baldumarket.lt\/lt\/wp-json\/wp\/v2\/media\/87923"}],"wp:attachment":[{"href":"https:\/\/baldumarket.lt\/lt\/wp-json\/wp\/v2\/media?parent=87922"}],"wp:term":[{"taxonomy":"product_brand","embeddable":true,"href":"https:\/\/baldumarket.lt\/lt\/wp-json\/wp\/v2\/product_brand?post=87922"},{"taxonomy":"product_cat","embeddable":true,"href":"https:\/\/baldumarket.lt\/lt\/wp-json\/wp\/v2\/product_cat?post=87922"},{"taxonomy":"product_tag","embeddable":true,"href":"https:\/\/baldumarket.lt\/lt\/wp-json\/wp\/v2\/product_tag?post=87922"}],"curies":[{"name":"wp","href":"https:\/\/api.w.org\/{rel}","templated":true}]}}