{"id":87921,"date":"2025-12-05T00:39:37","date_gmt":"2025-12-04T21:39:37","guid":{"rendered":"https:\/\/baldumarket.lt\/product\/lustro-sosnowe-rustikal-la701-sosna-antyczna-biel\/"},"modified":"2026-02-04T00:14:49","modified_gmt":"2026-02-03T21:14:49","slug":"lustro-sosnowe-rustikal-la701-sosna-antyczna-biel","status":"publish","type":"product","link":"https:\/\/baldumarket.lt\/lt\/product\/lustro-sosnowe-rustikal-la701-sosna-antyczna-biel\/","title":{"rendered":"Pu\u0161inis veidrodis RUSTIKAL LA701 sendinta balta pu\u0161is"},"content":{"rendered":"<p>LA701 va\u0161kuotas veidrodis pagamintas i\u0161 tvirtos pu\u0161ies medienos ir sukurtas kaimi\u0161ku stiliumi. Vir\u0161utin\u0117 r\u0117mo dalis padengta dekoratyvine juostele, tod\u0117l jis bus ry\u0161kus miegamojo, svetain\u0117s ar prie\u0161kambario akcentas. Matoma medienos tekst\u016bra i\u0161ry\u0161kina nat\u016bralios medienos gro\u017e\u012f. LA701 veidrodis bet kokiam interjerui suteiks unikalios atmosferos, kupinos \u0161ilumos ir jaukumo.<\/p>\n<p>Baldai padengti nat\u016braliu bi\u010di\u0173 va\u0161ku, kuris sukuria apsaugin\u012f sluoksn\u012f nuo dr\u0117gm\u0117s ir kartu maitina medien\u0105. Va\u0161kavimo procesas i\u0161ry\u0161kina nat\u016brali\u0105 medienos tekst\u016br\u0105 ir pagilina nat\u016brali\u0105 jos spalv\u0105. Bi\u010di\u0173 va\u0161kas yra nat\u016bralus produktas, tod\u0117l va\u0161kuoti baldai pasi\u017eymi antistatin\u0117mis savyb\u0117mis, ma\u017einan\u010diomis dulki\u0173 kaupim\u0105si. Papildomas va\u0161kuot\u0173 bald\u0173 privalumas \u2013 \u0161ilkinis lygus pavir\u0161ius ir malonus nat\u016bralios medienos aromatas.<\/p>\n<p>Sveikos medienos strukt\u016bros palaikymas yra b\u016btinas va\u0161kuot\u0173 bald\u0173 ilgaam\u017ei\u0161kumui. Skyriuje \u201cVa\u0161kuot\u0173 bald\u0173 prie\u017ei\u016bra ir naudojimas\u201d rasite verting\u0173 patarim\u0173, kaip pri\u017ei\u016br\u0117ti \u201eRustikal\u201c kolekcijos baldus.<\/p>","protected":false},"excerpt":{"rendered":"<p>LA701 va\u0161kuotas veidrodis pagamintas i\u0161 tvirtos pu\u0161ies medienos ir sukurtas kaimi\u0161ku stiliumi. Vir\u0161utin\u0117 r\u0117mo dalis padengta dekoratyvine juostele, tod\u0117l jis tampa ry\u0161kiu miegamojo, svetain\u0117s ar prie\u0161kambario akcentu. Matomas medienos ra\u0161tas i\u0161ry\u0161kina nat\u016bralios medienos gro\u017e\u012f. LA701 veidrodis prid\u0117s [\u2026]<\/p>","protected":false},"featured_media":87916,"comment_status":"open","ping_status":"open","template":"","meta":[],"product_brand":[],"product_cat":[9317,2113,1108],"product_tag":[],"class_list":{"0":"post-87921","1":"product","2":"type-product","3":"status-publish","4":"has-post-thumbnail","6":"product_cat-collection-rustikal-drewmax","7":"product_cat-drewmax","8":"product_cat-mirrors","10":"first","11":"instock","12":"purchasable","13":"product-type-simple"},"_links":{"self":[{"href":"https:\/\/baldumarket.lt\/lt\/wp-json\/wp\/v2\/product\/87921","targetHints":{"allow":["GET"]}}],"collection":[{"href":"https:\/\/baldumarket.lt\/lt\/wp-json\/wp\/v2\/product"}],"about":[{"href":"https:\/\/baldumarket.lt\/lt\/wp-json\/wp\/v2\/types\/product"}],"replies":[{"embeddable":true,"href":"https:\/\/baldumarket.lt\/lt\/wp-json\/wp\/v2\/comments?post=87921"}],"wp:featuredmedia":[{"embeddable":true,"href":"https:\/\/baldumarket.lt\/lt\/wp-json\/wp\/v2\/media\/87916"}],"wp:attachment":[{"href":"https:\/\/baldumarket.lt\/lt\/wp-json\/wp\/v2\/media?parent=87921"}],"wp:term":[{"taxonomy":"product_brand","embeddable":true,"href":"https:\/\/baldumarket.lt\/lt\/wp-json\/wp\/v2\/product_brand?post=87921"},{"taxonomy":"product_cat","embeddable":true,"href":"https:\/\/baldumarket.lt\/lt\/wp-json\/wp\/v2\/product_cat?post=87921"},{"taxonomy":"product_tag","embeddable":true,"href":"https:\/\/baldumarket.lt\/lt\/wp-json\/wp\/v2\/product_tag?post=87921"}],"curies":[{"name":"wp","href":"https:\/\/api.w.org\/{rel}","templated":true}]}}