{"id":87913,"date":"2025-12-05T00:39:29","date_gmt":"2025-12-04T21:39:29","guid":{"rendered":"https:\/\/baldumarket.lt\/product\/lampa-lp019\/"},"modified":"2026-02-04T00:14:51","modified_gmt":"2026-02-03T21:14:51","slug":"lampa-lp019","status":"publish","type":"product","link":"https:\/\/baldumarket.lt\/lt\/product\/lampa-lp019\/","title":{"rendered":"Lempa LP019"},"content":{"rendered":"<p>Medinis sieninis \u0161viestuvas LP019 tapo vertingu dekoratyviniu elementu, kuris papildys beveik bet kok\u012f interjer\u0105. \u012edomus dizainas, modernumas, auk\u0161ta kokyb\u0117, patikimumas, saugumas ir universalumas leid\u017eia kiekvienam m\u016bs\u0173 klientui pasirinkti tinkam\u0105 variant\u0105 \u012fvairiems interjero stiliams. Medinis \u0161viestuvas LP019, maitinamas LED juostele, si\u016blo original\u0173 ap\u0161vietimo efekt\u0105 ir energijos taupym\u0105. \u0160viestuvas rank\u0173 darbo, pagamintas i\u0161 auk\u0161tos kokyb\u0117s pu\u0161ies medienos, papildomai tekst\u016bruotas ir nat\u016braliai va\u0161kuotas. Va\u0161kai yra tradicinis ir rafinuotas medienos konservantas. Maitinamasis bi\u010di\u0173 va\u0161ko pagrindo va\u0161ko poveikis i\u0161ry\u0161kina nat\u016brali\u0105 brangios medienos r\u016b\u0161ies strukt\u016br\u0105 ir subtiliai pabr\u0117\u017eia originali\u0105, \u0161ilt\u0105 jos spalv\u0105. \u0160viestuvo plok\u0161t\u0117 skleid\u017eia subtili\u0105 \u0161vies\u0105, sklindan\u010di\u0105 i\u0161 \u0161on\u0173. \u012edomus stilius, auk\u0161ta kokyb\u0117 ir originalus dizainas i\u0161skiria \u0161iuos medinius \u0161viestuvus i\u0161 kit\u0173 rinkoje esan\u010di\u0173 variant\u0173. J\u0173 ne\u012fmanoma ignoruoti. Toks ap\u0161vietimas sukurs gra\u017ei\u0105 atmosfer\u0105 bet kuriame kambaryje. TECHNIN\u0116S SPECIFIKACIJOS<\/p>\n<p>Matmenys: Auk\u0161tis: 200 cm, Plotis: 17 cm, Storis: 4 cm<\/p>\n<p>Svoris: 7 kg<\/p>\n<p>Bendras atstumas nuo sienos: 5 cm<\/p>\n<p>Maitinimo \u0161altinis: LED juostel\u0117<\/p>","protected":false},"excerpt":{"rendered":"<p>Medinis sieninis \u0161viestuvas LP019 tapo vertingu dekoratyviniu elementu, kuris papildys beveik bet kok\u012f interjer\u0105. \u012edomus dizainas, modernumas, auk\u0161ta kokyb\u0117, patikimumas, saugumas ir universalumas leid\u017eia kiekvienam m\u016bs\u0173 klientui pasirinkti tinkam\u0105 variant\u0105 \u012fvairiems interjero stiliams. Medinis \u0161viestuvas LP019, maitinamas LED juostele, si\u016blo [\u2026]<\/p>","protected":false},"featured_media":87914,"comment_status":"open","ping_status":"open","template":"","meta":[],"product_brand":[],"product_cat":[2113,1231],"product_tag":[],"class_list":{"0":"post-87913","1":"product","2":"type-product","3":"status-publish","4":"has-post-thumbnail","6":"product_cat-drewmax","7":"product_cat-lamps","9":"first","10":"instock","11":"purchasable","12":"product-type-simple"},"_links":{"self":[{"href":"https:\/\/baldumarket.lt\/lt\/wp-json\/wp\/v2\/product\/87913","targetHints":{"allow":["GET"]}}],"collection":[{"href":"https:\/\/baldumarket.lt\/lt\/wp-json\/wp\/v2\/product"}],"about":[{"href":"https:\/\/baldumarket.lt\/lt\/wp-json\/wp\/v2\/types\/product"}],"replies":[{"embeddable":true,"href":"https:\/\/baldumarket.lt\/lt\/wp-json\/wp\/v2\/comments?post=87913"}],"wp:featuredmedia":[{"embeddable":true,"href":"https:\/\/baldumarket.lt\/lt\/wp-json\/wp\/v2\/media\/87914"}],"wp:attachment":[{"href":"https:\/\/baldumarket.lt\/lt\/wp-json\/wp\/v2\/media?parent=87913"}],"wp:term":[{"taxonomy":"product_brand","embeddable":true,"href":"https:\/\/baldumarket.lt\/lt\/wp-json\/wp\/v2\/product_brand?post=87913"},{"taxonomy":"product_cat","embeddable":true,"href":"https:\/\/baldumarket.lt\/lt\/wp-json\/wp\/v2\/product_cat?post=87913"},{"taxonomy":"product_tag","embeddable":true,"href":"https:\/\/baldumarket.lt\/lt\/wp-json\/wp\/v2\/product_tag?post=87913"}],"curies":[{"name":"wp","href":"https:\/\/api.w.org\/{rel}","templated":true}]}}