{"id":87911,"date":"2025-12-05T00:39:27","date_gmt":"2025-12-04T21:39:27","guid":{"rendered":"https:\/\/baldumarket.lt\/product\/lampa-lp021\/"},"modified":"2026-02-04T00:14:51","modified_gmt":"2026-02-03T21:14:51","slug":"lampa-lp021","status":"publish","type":"product","link":"https:\/\/baldumarket.lt\/lt\/product\/lampa-lp021\/","title":{"rendered":"Lempa LP021"},"content":{"rendered":"<p>Nauja apvalios formos \u0161viestuvo LP021 versija su \u0161iek tiek plonesniu laidu. \u0160is originalus retro stiliaus sietynas pasi\u017eymi gra\u017eiu dizainu ir funkcionalia meistryste, tod\u0117l tai puikus pasirinkimas visiems stilingo ir unikalaus stiliaus m\u0117g\u0117jams. Medinis apskritimas, apvyniotas d\u017eiuto virvele, pakabintas ant didelio tinklelio metalini\u0173 grandini\u0173. \u0160is modelis primena vinta\u017ein\u012f \u0161viestuv\u0105, suteikiant\u012f \u0161ilumos ir jaukumo bet kokiam interjerui. Dekoratyvin\u0117s lemput\u0117s pad\u0117s sukurti \u017eaving\u0105 i\u0161d\u0117stym\u0105 ir tinkamai ap\u0161viesti erdv\u0119. LP021 \u0161viestuvas bus stilingas tiek nam\u0173, tiek komercini\u0173 erdvi\u0173 papildymas. TECHNIN\u0116S SPECIFIKACIJOS<\/p>\n<p>Matmenys: rato skersmuo: 70 cm, auk\u0161tis: ma\u017edaug 80 cm, virv\u0117s ilgis: 2 x 130 cm, 2 x 150 cm, grandin\u0117s ilgis: 57 cm<\/p>\n<p>Med\u017eiaga: strukt\u016brin\u0117 pu\u0161ies mediena, metalas, juoda viela<\/p>\n<p>\u0160viesos \u0161altinis: maks. 15 W LED lemput\u0117, 230 V, 50 Hz<\/p>\n<p>Reikalinga i\u0161\u0117jimo \u012ftampa (maitinimo \u0161altinis): 220\u2013240 V<\/p>\n<p>Lizdas\/Sriegis: E27<\/p>\n<p>Pastaba: lemput\u0117s \u012f \u0161\u012f \u0161viestuv\u0105 ne\u012feina.<\/p>","protected":false},"excerpt":{"rendered":"<p>Nauja LP021 apvalios formos \u0161viestuvo versija su \u0161iek tiek plonesniu laidu. \u0160is originalus retro stiliaus sietynas pasi\u017eymi gra\u017eiu dizainu ir funkcionalia meistryste, tod\u0117l tai puikus pasirinkimas visiems stilingo ir unikalaus stiliaus m\u0117g\u0117jams. Medinis apskritimas, apvyniotas d\u017eiuto virvele, pakabintas ant didelio tinklelio metalini\u0173 grandin\u0117li\u0173. \u0160is modelis primena vinta\u017ein\u012f [\u2026]<\/p>","protected":false},"featured_media":87912,"comment_status":"open","ping_status":"open","template":"","meta":[],"product_brand":[],"product_cat":[2113,1231],"product_tag":[],"class_list":{"0":"post-87911","1":"product","2":"type-product","3":"status-publish","4":"has-post-thumbnail","6":"product_cat-drewmax","7":"product_cat-lamps","9":"first","10":"instock","11":"purchasable","12":"product-type-simple"},"_links":{"self":[{"href":"https:\/\/baldumarket.lt\/lt\/wp-json\/wp\/v2\/product\/87911","targetHints":{"allow":["GET"]}}],"collection":[{"href":"https:\/\/baldumarket.lt\/lt\/wp-json\/wp\/v2\/product"}],"about":[{"href":"https:\/\/baldumarket.lt\/lt\/wp-json\/wp\/v2\/types\/product"}],"replies":[{"embeddable":true,"href":"https:\/\/baldumarket.lt\/lt\/wp-json\/wp\/v2\/comments?post=87911"}],"wp:featuredmedia":[{"embeddable":true,"href":"https:\/\/baldumarket.lt\/lt\/wp-json\/wp\/v2\/media\/87912"}],"wp:attachment":[{"href":"https:\/\/baldumarket.lt\/lt\/wp-json\/wp\/v2\/media?parent=87911"}],"wp:term":[{"taxonomy":"product_brand","embeddable":true,"href":"https:\/\/baldumarket.lt\/lt\/wp-json\/wp\/v2\/product_brand?post=87911"},{"taxonomy":"product_cat","embeddable":true,"href":"https:\/\/baldumarket.lt\/lt\/wp-json\/wp\/v2\/product_cat?post=87911"},{"taxonomy":"product_tag","embeddable":true,"href":"https:\/\/baldumarket.lt\/lt\/wp-json\/wp\/v2\/product_tag?post=87911"}],"curies":[{"name":"wp","href":"https:\/\/api.w.org\/{rel}","templated":true}]}}