{"id":87909,"date":"2025-12-05T00:39:26","date_gmt":"2025-12-04T21:39:26","guid":{"rendered":"https:\/\/baldumarket.lt\/product\/lampa-lp022\/"},"modified":"2026-02-04T00:14:51","modified_gmt":"2026-02-03T21:14:51","slug":"lampa-lp022","status":"publish","type":"product","link":"https:\/\/baldumarket.lt\/lt\/product\/lampa-lp022\/","title":{"rendered":"Lempa LP022"},"content":{"rendered":"<p>Nauja LP022 spindulio \u0161viestuvo versija su \u0161iek tiek plonesniu laidu. Tai originalus pasi\u016blymas visiems stilingo ir unikalaus stiliaus m\u0117g\u0117jams. Jo konstrukcijoje naudojamos juodos spalvos laidas, pu\u0161ies mediena ir metalas.<\/p>\n<p>LP022 pakabinamas \u0161viestuvas su medin\u0117mis sijomis turi keturis \u0161viesos \u0161altinius. Modeliai, kuriuose \u0161viestuvas pakabintas ant grandin\u0117l\u0117s, o lemput\u0117s yra visi\u0161kai be \u0161e\u0161\u0117lio, papildys lofto stiliaus i\u0161d\u0117stym\u0105. \u0160ie \u0161viestuvai puikiai atrodo su dekoratyvin\u0117mis Edison lemput\u0117mis su \u0161vie\u010dian\u010diu kaitinimo si\u016bleliu, suteikdami dizainerio element\u0105 moderniame ap\u0161vietime.<\/p>\n<p>TECHNIN\u0116S SPECIFIKACIJOS<\/p>\n<p>Matmenys: Sijos matmenys: 110 cm x 11 cm x 11 cm; Lyno ilgis: 2 x 130 cm ir 2 x 150 cm; Grandin\u0117s ilgis: 57 cm.<\/p>\n<p>Med\u017eiaga: strukt\u016brizuota pu\u0161ies mediena + juodas laidas<\/p>\n<p>\u0160viesos \u0161altinis: maks. 15 W LED lemput\u0117, 230 V, 50 Hz<\/p>\n<p>Reikalinga i\u0161\u0117jimo \u012ftampa (maitinimo \u0161altinis): 220\u2013240 V<\/p>\n<p>Lizdas\/Sriegis: E27<\/p>\n<p>Pastaba: lemput\u0117s \u012f \u0161\u012f \u0161viestuv\u0105 ne\u012feina.<\/p>","protected":false},"excerpt":{"rendered":"<p>Nauja LP022 sijos formos \u0161viestuvo versija su \u0161iek tiek plonesniu laidu. Tai originalus pasi\u016blymas visiems stilingo ir unikalaus stiliaus m\u0117g\u0117jams. Jo konstrukcijoje naudojamos juodos spalvos laidas, pu\u0161ies mediena ir metalas. LP022 medin\u0117s sijos pakabinamas \u0161viestuvas turi keturis \u0161viesos \u0161altinius. Modeliai, kuriuose \u0161viestuvas [\u2026]<\/p>","protected":false},"featured_media":87910,"comment_status":"open","ping_status":"open","template":"","meta":[],"product_brand":[],"product_cat":[2113,1231],"product_tag":[],"class_list":{"0":"post-87909","1":"product","2":"type-product","3":"status-publish","4":"has-post-thumbnail","6":"product_cat-drewmax","7":"product_cat-lamps","9":"first","10":"instock","11":"purchasable","12":"product-type-simple"},"_links":{"self":[{"href":"https:\/\/baldumarket.lt\/lt\/wp-json\/wp\/v2\/product\/87909","targetHints":{"allow":["GET"]}}],"collection":[{"href":"https:\/\/baldumarket.lt\/lt\/wp-json\/wp\/v2\/product"}],"about":[{"href":"https:\/\/baldumarket.lt\/lt\/wp-json\/wp\/v2\/types\/product"}],"replies":[{"embeddable":true,"href":"https:\/\/baldumarket.lt\/lt\/wp-json\/wp\/v2\/comments?post=87909"}],"wp:featuredmedia":[{"embeddable":true,"href":"https:\/\/baldumarket.lt\/lt\/wp-json\/wp\/v2\/media\/87910"}],"wp:attachment":[{"href":"https:\/\/baldumarket.lt\/lt\/wp-json\/wp\/v2\/media?parent=87909"}],"wp:term":[{"taxonomy":"product_brand","embeddable":true,"href":"https:\/\/baldumarket.lt\/lt\/wp-json\/wp\/v2\/product_brand?post=87909"},{"taxonomy":"product_cat","embeddable":true,"href":"https:\/\/baldumarket.lt\/lt\/wp-json\/wp\/v2\/product_cat?post=87909"},{"taxonomy":"product_tag","embeddable":true,"href":"https:\/\/baldumarket.lt\/lt\/wp-json\/wp\/v2\/product_tag?post=87909"}],"curies":[{"name":"wp","href":"https:\/\/api.w.org\/{rel}","templated":true}]}}