{"id":87635,"date":"2025-12-05T00:33:28","date_gmt":"2025-12-04T21:33:28","guid":{"rendered":"https:\/\/baldumarket.lt\/product\/lozko-sosnowe-lk706-sosna-biala-patyna-3\/"},"modified":"2026-02-04T00:15:57","modified_gmt":"2026-02-03T21:15:57","slug":"lozko-sosnowe-lk706-sosna-biala-patyna-3","status":"publish","type":"product","link":"https:\/\/baldumarket.lt\/lt\/product\/lozko-sosnowe-lk706-sosna-biala-patyna-3\/","title":{"rendered":"Pu\u0161in\u0117 lova LK706, balta pu\u0161is, patina"},"content":{"rendered":"<p>LK706 va\u0161kuota lova su apmu\u0161tu galv\u016bgaliu, sukurta kaimi\u0161ku stiliumi, pagaminta i\u0161 tvirtos pu\u0161ies medienos. Lovos patvari\u0105 ir tvirt\u0105 konstrukcij\u0105 pary\u0161kina dekoratyvinis galv\u016bgalis su pagalv\u0117l\u0117mis. Pagalv\u0117s pagamintos i\u0161 mink\u0161to liesti audinio su lino tekst\u016bra ir papildomai pritvirtintos rudos odos dir\u017eeliais. Pagalv\u0117s yra tik sm\u0117lio spalvos atspalvio, parodyto nuotraukose. I\u0161skirtinis nat\u016bralus medienos ra\u0161tas ir \u0161iltos spalvos, kuriomis galima \u012fsigyti lov\u0105, suteiks bet kokiam interjerui unikali\u0105, \u0161ilumos ir jaukumo kupin\u0105 atmosfer\u0105.<\/p>\n<p>LK706 lova padengta nat\u016braliu bi\u010di\u0173 va\u0161ku, kuris sukuria apsaugin\u012f sluoksn\u012f nuo dr\u0117gm\u0117s ir kartu maitina medien\u0105. Va\u0161kavimo procesas pary\u0161kina nat\u016bral\u0173 medienos ra\u0161t\u0105 ir pagilina nat\u016brali\u0105 jos spalv\u0105. Bi\u010di\u0173 va\u0161kas yra nat\u016bralus produktas, tod\u0117l va\u0161kuoti baldai \u012fgauna antistatini\u0173 savybi\u0173 \u2013 suma\u017eina dulki\u0173 kaupim\u0105si. Papildomas va\u0161kuot\u0173 bald\u0173 privalumas \u2013 \u0161ilkinis lygus pavir\u0161ius ir malonus nat\u016bralios medienos kvapas.<\/p>\n<p>Prakti\u0161kas LK706 lovos papildymas yra patalyn\u0117s stal\u010dius, kuris stumdomas po lova. Jis tiekiamas trij\u0173 dyd\u017ei\u0173 (auk\u0161tis; plotis; gylis):<\/p>\n<p>LK710 stal\u010dius \u2013 22 cm x 98 cm x 60 cm<\/p>\n<p>LK711 stal\u010dius \u2013 22 cm x 150 cm x 60 cm<\/p>\n<p>LK712 stal\u010dius \u2013 22 cm x 198 cm x 60 cm<\/p>\n<p>Stal\u010dius, lovos r\u0117mas ir \u010diu\u017einys parduodami atskirai.<\/p>\n<p>Sveikos medienos strukt\u016bros palaikymas yra b\u016btinas ilgam va\u0161kuot\u0173 bald\u0173 tarnavimo laikui. Skirtuke \u201cVa\u0161kuot\u0173 bald\u0173 prie\u017ei\u016bra ir naudojimas\u201d rasite verting\u0173 patarim\u0173, kaip pri\u017ei\u016br\u0117ti \u201eRustical\u201c kolekcijos baldus.<\/p>","protected":false},"excerpt":{"rendered":"<p>LK706 va\u0161kuota lova su apmu\u0161tu galv\u016bgaliu, sukurta kaimi\u0161ku stiliumi, pagaminta i\u0161 tvirtos pu\u0161ies medienos. Lovos patvari\u0105 ir tvirt\u0105 konstrukcij\u0105 pary\u0161kina dekoratyvinis galv\u016bgalis su pagalv\u0117l\u0117mis. Pagalv\u0117s pagamintos i\u0161 mink\u0161to liesti audinio su lino tekst\u016bra ir papildomai pritvirtintos rudos odos dir\u017eeliais. [\u2026]<\/p>","protected":false},"featured_media":87607,"comment_status":"open","ping_status":"open","template":"","meta":[],"product_brand":[],"product_cat":[9305,505,2113],"product_tag":[],"class_list":{"0":"post-87635","1":"product","2":"type-product","3":"status-publish","4":"has-post-thumbnail","6":"product_cat-pine-furniture-drewmax","7":"product_cat-bedroom-beds","8":"product_cat-drewmax","10":"first","11":"instock","12":"purchasable","13":"product-type-simple"},"_links":{"self":[{"href":"https:\/\/baldumarket.lt\/lt\/wp-json\/wp\/v2\/product\/87635","targetHints":{"allow":["GET"]}}],"collection":[{"href":"https:\/\/baldumarket.lt\/lt\/wp-json\/wp\/v2\/product"}],"about":[{"href":"https:\/\/baldumarket.lt\/lt\/wp-json\/wp\/v2\/types\/product"}],"replies":[{"embeddable":true,"href":"https:\/\/baldumarket.lt\/lt\/wp-json\/wp\/v2\/comments?post=87635"}],"wp:featuredmedia":[{"embeddable":true,"href":"https:\/\/baldumarket.lt\/lt\/wp-json\/wp\/v2\/media\/87607"}],"wp:attachment":[{"href":"https:\/\/baldumarket.lt\/lt\/wp-json\/wp\/v2\/media?parent=87635"}],"wp:term":[{"taxonomy":"product_brand","embeddable":true,"href":"https:\/\/baldumarket.lt\/lt\/wp-json\/wp\/v2\/product_brand?post=87635"},{"taxonomy":"product_cat","embeddable":true,"href":"https:\/\/baldumarket.lt\/lt\/wp-json\/wp\/v2\/product_cat?post=87635"},{"taxonomy":"product_tag","embeddable":true,"href":"https:\/\/baldumarket.lt\/lt\/wp-json\/wp\/v2\/product_tag?post=87635"}],"curies":[{"name":"wp","href":"https:\/\/api.w.org\/{rel}","templated":true}]}}