{"id":87361,"date":"2025-12-05T00:27:53","date_gmt":"2025-12-04T21:27:53","guid":{"rendered":"https:\/\/baldumarket.lt\/product\/naroznik-sosnowy-rustikal-nr706-sosna-ciemny-wosk\/"},"modified":"2026-02-04T00:16:42","modified_gmt":"2026-02-03T21:16:42","slug":"naroznik-sosnowy-rustikal-nr706-sosna-ciemny-wosk","status":"publish","type":"product","link":"https:\/\/baldumarket.lt\/lt\/product\/naroznik-sosnowy-rustikal-nr706-sosna-ciemny-wosk\/","title":{"rendered":"Pu\u0161in\u0117 kampin\u0117 sofa RUSTIKAL NR706, pu\u0161is, tamsus va\u0161kas"},"content":{"rendered":"<p>NR706 apmu\u0161tas medinis suolas \u2013 puikus sprendimas norint kambariui suteikti \u017eavesio. Tai ne tik b\u016bdas i\u0161naudoti erdv\u0119, bet ir patvarus bei patogus baldas, kuris tarnauja kaip patogi ir patogi s\u0117d\u0117jimo vieta. Jis puikiai tinka tiek namams, tiek vie\u0161oms erdv\u0117ms, taip pat visur, kur svarbus originalumas ir \u012fdomus dizainas. Apmu\u0161ti suolai i\u0161lieka populiar\u016bs jau daugel\u012f met\u0173, daugiausia d\u0117l savo patogumo ir malonios liesti med\u017eiagos.<\/p>\n<p>NR706 apmu\u0161tas medinis suolas parduodamas pilnai surinktas. \u0160is klasikinio stiliaus suolas pasi\u017eymi nuotraukose parodytos spalvos apmu\u0161alais, 45 cm auk\u0161\u010dio s\u0117dyne ir i\u0161lenktomis kojel\u0117mis, b\u016bdingomis Liudviko XIV stiliui.<\/p>\n<p>Baldas padengtas nat\u016braliu bi\u010di\u0173 va\u0161ku, kuris sukuria apsaugin\u012f sluoksn\u012f nuo dr\u0117gm\u0117s ir kartu kondicionuoja medien\u0105. Va\u0161kavimo procesas pary\u0161kina nat\u016brali\u0105 medienos tekst\u016br\u0105 ir pagilina nat\u016brali\u0105 jos spalv\u0105. Bi\u010di\u0173 va\u0161kas yra nat\u016bralus produktas, tod\u0117l va\u0161kuoti baldai \u012fgauna antistatini\u0173 savybi\u0173 \u2013 suma\u017eina dulki\u0173 kaupim\u0105si. Papildomas va\u0161kuot\u0173 bald\u0173 privalumas \u2013 \u0161ilkinis lygus pavir\u0161ius ir malonus nat\u016bralus medienos aromatas.<\/p>\n<p>Sveikos medienos strukt\u016bros i\u0161saugojimas yra b\u016btinas va\u0161kuot\u0173 bald\u0173 ilgaam\u017ei\u0161kumui. Skirtuke \u201cVa\u0161kuot\u0173 bald\u0173 prie\u017ei\u016bra ir naudojimas\u201d rasite verting\u0173 patarim\u0173, kaip pri\u017ei\u016br\u0117ti \u201eRustykal\u201c kolekcijos baldus.<\/p>","protected":false},"excerpt":{"rendered":"<p>NR706 mink\u0161tas medinis suolas \u2013 puikus sprendimas norint kambariui suteikti \u017eavesio. Tai ne tik b\u016bdas i\u0161naudoti erdv\u0119, bet ir patvarus bei patogus baldas, kuris tarnauja kaip patogi ir patogi s\u0117d\u0117jimo vieta. Jis puikiai tinka tiek namams, tiek vie\u0161oms erdv\u0117ms, taip pat bet kur [\u2026]<\/p>","protected":false},"featured_media":87349,"comment_status":"open","ping_status":"open","template":"","meta":[],"product_brand":[],"product_cat":[9317,9307,1928,2113],"product_tag":[],"class_list":{"0":"post-87361","1":"product","2":"type-product","3":"status-publish","4":"has-post-thumbnail","6":"product_cat-collection-rustikal-drewmax","7":"product_cat-garden-furniture-drewmax","8":"product_cat-benches","9":"product_cat-drewmax","11":"first","12":"instock","13":"purchasable","14":"product-type-simple"},"_links":{"self":[{"href":"https:\/\/baldumarket.lt\/lt\/wp-json\/wp\/v2\/product\/87361","targetHints":{"allow":["GET"]}}],"collection":[{"href":"https:\/\/baldumarket.lt\/lt\/wp-json\/wp\/v2\/product"}],"about":[{"href":"https:\/\/baldumarket.lt\/lt\/wp-json\/wp\/v2\/types\/product"}],"replies":[{"embeddable":true,"href":"https:\/\/baldumarket.lt\/lt\/wp-json\/wp\/v2\/comments?post=87361"}],"wp:featuredmedia":[{"embeddable":true,"href":"https:\/\/baldumarket.lt\/lt\/wp-json\/wp\/v2\/media\/87349"}],"wp:attachment":[{"href":"https:\/\/baldumarket.lt\/lt\/wp-json\/wp\/v2\/media?parent=87361"}],"wp:term":[{"taxonomy":"product_brand","embeddable":true,"href":"https:\/\/baldumarket.lt\/lt\/wp-json\/wp\/v2\/product_brand?post=87361"},{"taxonomy":"product_cat","embeddable":true,"href":"https:\/\/baldumarket.lt\/lt\/wp-json\/wp\/v2\/product_cat?post=87361"},{"taxonomy":"product_tag","embeddable":true,"href":"https:\/\/baldumarket.lt\/lt\/wp-json\/wp\/v2\/product_tag?post=87361"}],"curies":[{"name":"wp","href":"https:\/\/api.w.org\/{rel}","templated":true}]}}