{"id":8727,"date":"2025-11-14T04:06:19","date_gmt":"2025-11-14T01:06:19","guid":{"rendered":"https:\/\/baldumarket.lt\/product\/asgard-l\/"},"modified":"2026-03-29T12:44:38","modified_gmt":"2026-03-29T09:44:38","slug":"asgard-l","status":"publish","type":"product","link":"https:\/\/baldumarket.lt\/lt\/product\/asgard-l\/","title":{"rendered":"Asgardas L"},"content":{"rendered":"<p>\u201eAsgard L\u201c \u2013 tai skoninga, atmosferi\u0161ka ir erdvi kampin\u0117 sofa, kurios matmenys \u2013 248 x 162 x 93 cm, retro stiliaus. D\u0117l mink\u0161tos ir patogios s\u0117dyn\u0117s, u\u017epildytos vingiuotomis spyruokl\u0117mis ir T30 putomis, ji puikiai tinka poilsiui dien\u0105 ir atsipalaidavimui nakt\u012f. 120 x 210 cm miegojimo funkcij\u0105 papildo automatinis DL atlo\u0161o mechanizmas. \u201eAsgard L\u201c taip pat turi erdvi\u0105 patalyn\u0117s d\u0117\u017e\u0119. Estetin\u0117s savyb\u0117s: stilingos si\u016bl\u0117s ir subtilus dygsniavimas \u0161onuose ir atlo\u0161e. Be to, ji gali pasigirti auk\u0161tomis, tekintomis medin\u0117mis kojel\u0117mis, apmu\u0161tu atlo\u0161u, kont\u016briniu atlo\u0161u ir auk\u0161tais porankiais. Erdvi kampin\u0117 sofa \u201eAsgard L\u201c sukurta eleganti\u0161kam ir stilingam interjerui. Su \u0161iuo baldu tikrai m\u0117gausit\u0117s didele prabangos doze, kuri pagyvins j\u016bs\u0173 namus.<\/p>","protected":false},"excerpt":{"rendered":"<p>\u201eAsgard L\u201c \u2013 tai skoninga, atmosferi\u0161ka ir erdvi kampin\u0117 sofa, kurios matmenys \u2013 248 x 162 x 93 cm, retro stiliaus. D\u0117l mink\u0161tos ir patogios s\u0117dyn\u0117s, u\u017epildytos vingiuotomis spyruokl\u0117mis ir T30 putomis, ji puikiai tinka poilsiui dien\u0105 ir atsipalaidavimui nakt\u012f. 120 x 210 cm miegojimo funkcija yra [\u2026]<\/p>","protected":false},"featured_media":8728,"comment_status":"open","ping_status":"open","template":"","meta":[],"product_brand":[],"product_cat":[616,1983,2012,9166],"product_tag":[],"class_list":{"0":"post-8727","1":"product","2":"type-product","3":"status-publish","4":"has-post-thumbnail","6":"product_cat-corners","7":"product_cat-corners-l","8":"product_cat-eltap","9":"product_cat-narozniki-eltap","11":"first","12":"instock","13":"purchasable","14":"product-type-variable","15":"wvs-archive-product-wrapper"},"_links":{"self":[{"href":"https:\/\/baldumarket.lt\/lt\/wp-json\/wp\/v2\/product\/8727","targetHints":{"allow":["GET"]}}],"collection":[{"href":"https:\/\/baldumarket.lt\/lt\/wp-json\/wp\/v2\/product"}],"about":[{"href":"https:\/\/baldumarket.lt\/lt\/wp-json\/wp\/v2\/types\/product"}],"replies":[{"embeddable":true,"href":"https:\/\/baldumarket.lt\/lt\/wp-json\/wp\/v2\/comments?post=8727"}],"wp:featuredmedia":[{"embeddable":true,"href":"https:\/\/baldumarket.lt\/lt\/wp-json\/wp\/v2\/media\/8728"}],"wp:attachment":[{"href":"https:\/\/baldumarket.lt\/lt\/wp-json\/wp\/v2\/media?parent=8727"}],"wp:term":[{"taxonomy":"product_brand","embeddable":true,"href":"https:\/\/baldumarket.lt\/lt\/wp-json\/wp\/v2\/product_brand?post=8727"},{"taxonomy":"product_cat","embeddable":true,"href":"https:\/\/baldumarket.lt\/lt\/wp-json\/wp\/v2\/product_cat?post=8727"},{"taxonomy":"product_tag","embeddable":true,"href":"https:\/\/baldumarket.lt\/lt\/wp-json\/wp\/v2\/product_tag?post=8727"}],"curies":[{"name":"wp","href":"https:\/\/api.w.org\/{rel}","templated":true}]}}