{"id":87242,"date":"2025-12-05T00:25:48","date_gmt":"2025-12-04T21:25:48","guid":{"rendered":"https:\/\/baldumarket.lt\/product\/polka-sosnowa-rustikal-pk707-sosna-biala-patyna\/"},"modified":"2026-02-04T00:16:57","modified_gmt":"2026-02-03T21:16:57","slug":"polka-sosnowa-rustikal-pk707-sosna-biala-patyna","status":"publish","type":"product","link":"https:\/\/baldumarket.lt\/lt\/product\/polka-sosnowa-rustikal-pk707-sosna-biala-patyna\/","title":{"rendered":"Pu\u0161in\u0117 lentyna RUSTIKAL PK707, balta pu\u0161is, patina"},"content":{"rendered":"<p>PK707 va\u0161kuota lentyna sukurta kaimi\u0161ku stiliumi. \u0160i modulin\u0117 trapecijos formos lentyna pagaminta i\u0161 nat\u016braliai va\u0161kuotos pu\u0161ies medienos masyvo. Matomas ra\u0161tas i\u0161ry\u0161kina nat\u016bralios medienos gro\u017e\u012f. Medin\u0117s spinteli\u0173 lentynos yra puikus dekoratyvinis elementas ir prakti\u0161kas daikt\u0173 laikymo sprendimas, kai erdv\u0117 ribota. Jos leid\u017eia sukurti unikal\u0173 interjero dizain\u0105.<\/p>\n<p>Baldai padengti nat\u016braliu bi\u010di\u0173 va\u0161ku, kuris sukuria dr\u0117gm\u0117s apsaugos sluoksn\u012f ir kartu kondicionuoja medien\u0105. Va\u0161kavimo procesas pary\u0161kina nat\u016brali\u0105 medienos tekst\u016br\u0105 ir pagilina nat\u016brali\u0105 jos spalv\u0105. Bi\u010di\u0173 va\u0161kas yra nat\u016bralus produktas, tod\u0117l va\u0161kuoti baldai \u012fgauna antistatini\u0173 savybi\u0173 \u2013 suma\u017eina dulki\u0173 kaupim\u0105si. Papildomas va\u0161kuot\u0173 bald\u0173 privalumas \u2013 \u0161ilkinis lygus pavir\u0161ius ir malonus nat\u016bralios medienos aromatas.<\/p>\n<p>Sveikos medienos tekst\u016bros i\u0161laikymas yra va\u0161kuot\u0173 bald\u0173 ilgo tarnavimo pagrindas. Skirtuke \u201cVa\u0161kuot\u0173 bald\u0173 prie\u017ei\u016bra ir naudojimas\u201d rasite verting\u0173 patarim\u0173, kaip pri\u017ei\u016br\u0117ti \u201eRustikal\u201c kolekcijos baldus.<\/p>","protected":false},"excerpt":{"rendered":"<p>PK707 va\u0161kuota lentyna sukurta kaimi\u0161ku stiliumi. \u0160i modulin\u0117 trapecijos formos lentyna pagaminta i\u0161 nat\u016braliai va\u0161kuotos pu\u0161ies medienos masyvo. Matomas ra\u0161tas i\u0161ry\u0161kina nat\u016bralios medienos gro\u017e\u012f. Medin\u0117s spinteli\u0173 lentynos yra puikus dekoratyvinis elementas ir prakti\u0161kas daikt\u0173 laikymo sprendimas, kai erdv\u0117 ribota. Jos leid\u017eia [\u2026]<\/p>","protected":false},"featured_media":87237,"comment_status":"open","ping_status":"open","template":"","meta":[],"product_brand":[],"product_cat":[9317,9305,2113,1174],"product_tag":[],"class_list":{"0":"post-87242","1":"product","2":"type-product","3":"status-publish","4":"has-post-thumbnail","6":"product_cat-collection-rustikal-drewmax","7":"product_cat-pine-furniture-drewmax","8":"product_cat-drewmax","9":"product_cat-hanging-shelves","11":"first","12":"instock","13":"purchasable","14":"product-type-simple"},"_links":{"self":[{"href":"https:\/\/baldumarket.lt\/lt\/wp-json\/wp\/v2\/product\/87242","targetHints":{"allow":["GET"]}}],"collection":[{"href":"https:\/\/baldumarket.lt\/lt\/wp-json\/wp\/v2\/product"}],"about":[{"href":"https:\/\/baldumarket.lt\/lt\/wp-json\/wp\/v2\/types\/product"}],"replies":[{"embeddable":true,"href":"https:\/\/baldumarket.lt\/lt\/wp-json\/wp\/v2\/comments?post=87242"}],"wp:featuredmedia":[{"embeddable":true,"href":"https:\/\/baldumarket.lt\/lt\/wp-json\/wp\/v2\/media\/87237"}],"wp:attachment":[{"href":"https:\/\/baldumarket.lt\/lt\/wp-json\/wp\/v2\/media?parent=87242"}],"wp:term":[{"taxonomy":"product_brand","embeddable":true,"href":"https:\/\/baldumarket.lt\/lt\/wp-json\/wp\/v2\/product_brand?post=87242"},{"taxonomy":"product_cat","embeddable":true,"href":"https:\/\/baldumarket.lt\/lt\/wp-json\/wp\/v2\/product_cat?post=87242"},{"taxonomy":"product_tag","embeddable":true,"href":"https:\/\/baldumarket.lt\/lt\/wp-json\/wp\/v2\/product_tag?post=87242"}],"curies":[{"name":"wp","href":"https:\/\/api.w.org\/{rel}","templated":true}]}}