{"id":87229,"date":"2025-12-05T00:25:29","date_gmt":"2025-12-04T21:25:29","guid":{"rendered":"https:\/\/baldumarket.lt\/product\/polka-sosnowa-rustikal-pk708-sosna-brunatny-wosk-3\/"},"modified":"2026-02-04T00:16:59","modified_gmt":"2026-02-03T21:16:59","slug":"polka-sosnowa-rustikal-pk708-sosna-brunatny-wosk-3","status":"publish","type":"product","link":"https:\/\/baldumarket.lt\/lt\/product\/polka-sosnowa-rustikal-pk708-sosna-brunatny-wosk-3\/","title":{"rendered":"Pu\u0161in\u0117 lentyna RUSTIKAL PK708 pu\u0161ies rudas va\u0161kas"},"content":{"rendered":"<p>Paprasta PK708 laisvai kabanti lentyna sukurta kaimi\u0161ku stiliumi. Svetain\u0117je ji praver\u010dia knygoms ir kompaktiniams diskams laikyti, o virtuv\u0117je leid\u017eia susid\u0117ti visus b\u016btiniausius daiktus. Be to, jos puikiai telpa ni\u0161ose ir leid\u017eia i\u0161naudoti erdv\u0119 antresol\u0117je ir po laiptais. Tinkamai parinktos ir sumontuotos pu\u0161in\u0117s lentynos suteikia lengv\u0105 prieig\u0105 prie surinkt\u0173 daikt\u0173 ir leid\u017eia juos gra\u017eiai eksponuoti. Jos gali b\u016bti naudojamos kuriant unikalias interjero dekoracijas.<\/p>\n<p>Baldai padengti nat\u016braliu bi\u010di\u0173 va\u0161ku, kuris sukuria apsaugin\u012f sluoksn\u012f nuo dr\u0117gm\u0117s ir kartu apsaugo medien\u0105. Va\u0161kavimo procesas i\u0161ry\u0161kina nat\u016brali\u0105 medienos tekst\u016br\u0105 ir pagilina nat\u016brali\u0105 jos spalv\u0105. Bi\u010di\u0173 va\u0161kas yra nat\u016bralus produktas, tod\u0117l va\u0161kuoti baldai \u012fgauna antistatini\u0173 savybi\u0173 \u2013 suma\u017eina dulki\u0173 kaupim\u0105si. Papildomas va\u0161kuot\u0173 bald\u0173 privalumas \u2013 \u0161ilkinis lygus pavir\u0161ius ir malonus nat\u016bralios medienos kvapas.<\/p>\n<p>Sveikos medienos strukt\u016bros i\u0161saugojimas yra b\u016btinas va\u0161kuot\u0173 bald\u0173 ilgaam\u017ei\u0161kumui. Skyriuje \u201cVa\u0161kuot\u0173 bald\u0173 prie\u017ei\u016bra ir naudojimas\u201d rasite verting\u0173 patarim\u0173, kaip pri\u017ei\u016br\u0117ti \u201eRustikal\u201c kolekcijos baldus.<\/p>","protected":false},"excerpt":{"rendered":"<p>Paprasta PK708 laisvai kabanti lentyna sukurta kaimi\u0161ku stiliumi. Svetain\u0117je ji praver\u010dia knygoms ir kompaktiniams diskams laikyti, o virtuv\u0117je leid\u017eia susid\u0117ti visus b\u016btiniausius daiktus. Be to, ji puikiai telpa \u012f ni\u0161as ir leid\u017eia i\u0161naudoti erdv\u0119 antresol\u0117je ir po laiptais. Tinkamai parinktos ir sumontuotos pu\u0161in\u0117s [\u2026]<\/p>","protected":false},"featured_media":87194,"comment_status":"open","ping_status":"open","template":"","meta":[],"product_brand":[],"product_cat":[9317,9305,2113,1174],"product_tag":[],"class_list":{"0":"post-87229","1":"product","2":"type-product","3":"status-publish","4":"has-post-thumbnail","6":"product_cat-collection-rustikal-drewmax","7":"product_cat-pine-furniture-drewmax","8":"product_cat-drewmax","9":"product_cat-hanging-shelves","11":"first","12":"instock","13":"purchasable","14":"product-type-simple"},"_links":{"self":[{"href":"https:\/\/baldumarket.lt\/lt\/wp-json\/wp\/v2\/product\/87229","targetHints":{"allow":["GET"]}}],"collection":[{"href":"https:\/\/baldumarket.lt\/lt\/wp-json\/wp\/v2\/product"}],"about":[{"href":"https:\/\/baldumarket.lt\/lt\/wp-json\/wp\/v2\/types\/product"}],"replies":[{"embeddable":true,"href":"https:\/\/baldumarket.lt\/lt\/wp-json\/wp\/v2\/comments?post=87229"}],"wp:featuredmedia":[{"embeddable":true,"href":"https:\/\/baldumarket.lt\/lt\/wp-json\/wp\/v2\/media\/87194"}],"wp:attachment":[{"href":"https:\/\/baldumarket.lt\/lt\/wp-json\/wp\/v2\/media?parent=87229"}],"wp:term":[{"taxonomy":"product_brand","embeddable":true,"href":"https:\/\/baldumarket.lt\/lt\/wp-json\/wp\/v2\/product_brand?post=87229"},{"taxonomy":"product_cat","embeddable":true,"href":"https:\/\/baldumarket.lt\/lt\/wp-json\/wp\/v2\/product_cat?post=87229"},{"taxonomy":"product_tag","embeddable":true,"href":"https:\/\/baldumarket.lt\/lt\/wp-json\/wp\/v2\/product_tag?post=87229"}],"curies":[{"name":"wp","href":"https:\/\/api.w.org\/{rel}","templated":true}]}}