{"id":87138,"date":"2025-12-05T00:23:33","date_gmt":"2025-12-04T21:23:33","guid":{"rendered":"https:\/\/baldumarket.lt\/product\/polka-sosnowa-rustikal-pk710-sosna-ciemny-wosk\/"},"modified":"2026-02-04T00:17:13","modified_gmt":"2026-02-03T21:17:13","slug":"polka-sosnowa-rustikal-pk710-sosna-ciemny-wosk","status":"publish","type":"product","link":"https:\/\/baldumarket.lt\/lt\/product\/polka-sosnowa-rustikal-pk710-sosna-ciemny-wosk\/","title":{"rendered":"Pu\u0161in\u0117 lentyna RUSTIKAL PK710, pu\u0161is, tamsus va\u0161kas"},"content":{"rendered":"<p>PK710 med\u017eio formos knyg\u0173 lentyna yra originalus, stilingas ir skoningas sprendimas. Med\u017eio formos sienin\u0117 lentyna taip pat yra labai prakti\u0161kas baldas, nes be knyg\u0173, ant jos galite eksponuoti ir kitus dekoracijos elementus, pavyzd\u017eiui, vazoninius augalus, nuotrauk\u0173 r\u0117melius ar dekoratyvinius suvenyrus. Ji leid\u017eia sukurti unikal\u0173 interjero dekor\u0105.<\/p>\n<p>Baldai padengti nat\u016braliu bi\u010di\u0173 va\u0161ku, kuris sukuria apsaugos nuo dr\u0117gm\u0117s sluoksn\u012f ir tuo pa\u010diu metu kondicionuoja medien\u0105. Va\u0161kavimo procesas i\u0161ry\u0161kina nat\u016brali\u0105 medienos tekst\u016br\u0105 ir pagilina nat\u016brali\u0105 jos spalv\u0105. Bi\u010di\u0173 va\u0161kas yra nat\u016bralus produktas, tod\u0117l va\u0161kuoti baldai \u012fgauna antistatini\u0173 savybi\u0173 \u2013 suma\u017eina dulki\u0173 kaupim\u0105si. Papildomas va\u0161kuot\u0173 bald\u0173 privalumas \u2013 \u0161ilkinis lygus pavir\u0161ius ir malonus nat\u016bralus medienos aromatas.<\/p>\n<p>Sveikos medienos strukt\u016bros palaikymas yra va\u0161kuot\u0173 bald\u0173 ilgo tarnavimo pagrindas. Skirtuke \u201cVa\u0161kuot\u0173 bald\u0173 prie\u017ei\u016bra ir naudojimas\u201d rasite verting\u0173 patarim\u0173, kaip pri\u017ei\u016br\u0117ti \u201eRustical\u201c kolekcijos baldus.<\/p>","protected":false},"excerpt":{"rendered":"<p>Med\u017eio formos knyg\u0173 lentyna PK710 yra originalus, stilingas ir skoningas sprendimas. Med\u017eio formos sienin\u0117 lentyna taip pat yra labai prakti\u0161kas baldas, nes be knyg\u0173, ant jos galite eksponuoti ir kitus dekoracijos elementus, pavyzd\u017eiui, vazoninius augalus, nuotrauk\u0173 r\u0117melius ar dekoratyvinius suvenyrus. Tai leid\u017eia sukurti unikal\u0173 interjero dekor\u0105. Baldai [\u2026]<\/p>","protected":false},"featured_media":87139,"comment_status":"open","ping_status":"open","template":"","meta":[],"product_brand":[],"product_cat":[9317,9305,2113,1174],"product_tag":[],"class_list":{"0":"post-87138","1":"product","2":"type-product","3":"status-publish","4":"has-post-thumbnail","6":"product_cat-collection-rustikal-drewmax","7":"product_cat-pine-furniture-drewmax","8":"product_cat-drewmax","9":"product_cat-hanging-shelves","11":"first","12":"instock","13":"purchasable","14":"product-type-simple"},"_links":{"self":[{"href":"https:\/\/baldumarket.lt\/lt\/wp-json\/wp\/v2\/product\/87138","targetHints":{"allow":["GET"]}}],"collection":[{"href":"https:\/\/baldumarket.lt\/lt\/wp-json\/wp\/v2\/product"}],"about":[{"href":"https:\/\/baldumarket.lt\/lt\/wp-json\/wp\/v2\/types\/product"}],"replies":[{"embeddable":true,"href":"https:\/\/baldumarket.lt\/lt\/wp-json\/wp\/v2\/comments?post=87138"}],"wp:featuredmedia":[{"embeddable":true,"href":"https:\/\/baldumarket.lt\/lt\/wp-json\/wp\/v2\/media\/87139"}],"wp:attachment":[{"href":"https:\/\/baldumarket.lt\/lt\/wp-json\/wp\/v2\/media?parent=87138"}],"wp:term":[{"taxonomy":"product_brand","embeddable":true,"href":"https:\/\/baldumarket.lt\/lt\/wp-json\/wp\/v2\/product_brand?post=87138"},{"taxonomy":"product_cat","embeddable":true,"href":"https:\/\/baldumarket.lt\/lt\/wp-json\/wp\/v2\/product_cat?post=87138"},{"taxonomy":"product_tag","embeddable":true,"href":"https:\/\/baldumarket.lt\/lt\/wp-json\/wp\/v2\/product_tag?post=87138"}],"curies":[{"name":"wp","href":"https:\/\/api.w.org\/{rel}","templated":true}]}}