{"id":87051,"date":"2025-12-05T00:21:55","date_gmt":"2025-12-04T21:21:55","guid":{"rendered":"https:\/\/baldumarket.lt\/product\/regal-sosnowy-rustikal-rg706-sosna-jasny-wosk\/"},"modified":"2026-02-04T00:17:22","modified_gmt":"2026-02-03T21:17:22","slug":"regal-sosnowy-rustikal-rg706-sosna-jasny-wosk","status":"publish","type":"product","link":"https:\/\/baldumarket.lt\/lt\/product\/regal-sosnowy-rustikal-rg706-sosna-jasny-wosk\/","title":{"rendered":"Pu\u0161in\u0117 lentyna RUSTIKAL RG706, pu\u0161is, \u0161viesus va\u0161kas"},"content":{"rendered":"<p>Va\u0161kuota RG706 knyg\u0173 lentyna, sukurta kaimi\u0161ku stiliumi, pagaminta i\u0161 tvirtos pu\u0161ies medienos. Joje yra trys atviros lentynos (nereguliuojamos, pritvirtintos prie lenteli\u0173) ir vienas erdvus stal\u010dius su medin\u0117mis b\u0117gel\u0117mis. Visas blokas papuo\u0161tas rai\u017eytomis dailylent\u0117mis. \u0160i knyg\u0173 lentyna puikiai tinka kaip nam\u0173 biblioteka. Ji taip pat gali b\u016bti naudojama nam\u0173 apyvokos daiktams, papuo\u0161alams ar suvenyrams laikyti. Baldas pasi\u017eymi patvaria ir tvirta konstrukcija. Jos konstrukcijoje panaudotos rank\u0173 darbo metalin\u0117s rankenos su sendinta apdaila. RG706 knyg\u0173 lentyna bet kokiam interjerui suteiks unikalios atmosferos, kupinos \u0161ilumos ir nam\u0173 jaukumo. Jos funkcionalumas labai palengvina daikt\u0173 laikym\u0105.<\/p>\n<p>Baldas padengtas nat\u016braliu bi\u010di\u0173 va\u0161ku, kuris sukuria apsaugin\u012f sluoksn\u012f nuo dr\u0117gm\u0117s ir kartu kondicionuoja medien\u0105. Va\u0161kavimo procesas pary\u0161kina nat\u016bral\u0173 medienos ra\u0161t\u0105 ir pagilina nat\u016brali\u0105 jos spalv\u0105. Bi\u010di\u0173 va\u0161kas yra nat\u016bralus produktas, tod\u0117l va\u0161kuoti baldai \u012fgauna antistatini\u0173 savybi\u0173 \u2013 suma\u017eina dulki\u0173 kaupim\u0105si. Papildomas va\u0161kuot\u0173 bald\u0173 privalumas \u2013 \u0161ilkinis lygus pavir\u0161ius ir malonus nat\u016bralus medienos aromatas.<\/p>\n<p>Sveikos medienos strukt\u016bros i\u0161saugojimas yra b\u016btinas va\u0161kuot\u0173 bald\u0173 ilgaam\u017ei\u0161kumui. Skirtuke \u201cVa\u0161kuot\u0173 bald\u0173 prie\u017ei\u016bra ir naudojimas\u201d rasite verting\u0173 patarim\u0173, kaip pri\u017ei\u016br\u0117ti \u201eRustykal\u201c kolekcijos baldus.<\/p>","protected":false},"excerpt":{"rendered":"<p>Va\u0161kuota RG706 knyg\u0173 lentyna, sukurta kaimi\u0161ku stiliumi, pagaminta i\u0161 tvirtos pu\u0161ies medienos. Joje yra trys atviros lentynos (nereguliuojamos, pritvirtintos prie lenteli\u0173) ir vienas erdvus stal\u010dius su medin\u0117mis b\u0117gel\u0117mis. Visas blokas papuo\u0161tas rai\u017eytomis panel\u0117mis. \u0160i knyg\u0173 lentyna puikiai tinka kaip nam\u0173 biblioteka. Ji taip pat gali b\u016bti naudojama daiktams laikyti [\u2026]<\/p>","protected":false},"featured_media":87052,"comment_status":"open","ping_status":"open","template":"","meta":[],"product_brand":[],"product_cat":[9317,9305,2113,1987],"product_tag":[],"class_list":{"0":"post-87051","1":"product","2":"type-product","3":"status-publish","4":"has-post-thumbnail","6":"product_cat-collection-rustikal-drewmax","7":"product_cat-pine-furniture-drewmax","8":"product_cat-drewmax","9":"product_cat-shelving-units","11":"first","12":"instock","13":"purchasable","14":"product-type-simple"},"_links":{"self":[{"href":"https:\/\/baldumarket.lt\/lt\/wp-json\/wp\/v2\/product\/87051","targetHints":{"allow":["GET"]}}],"collection":[{"href":"https:\/\/baldumarket.lt\/lt\/wp-json\/wp\/v2\/product"}],"about":[{"href":"https:\/\/baldumarket.lt\/lt\/wp-json\/wp\/v2\/types\/product"}],"replies":[{"embeddable":true,"href":"https:\/\/baldumarket.lt\/lt\/wp-json\/wp\/v2\/comments?post=87051"}],"wp:featuredmedia":[{"embeddable":true,"href":"https:\/\/baldumarket.lt\/lt\/wp-json\/wp\/v2\/media\/87052"}],"wp:attachment":[{"href":"https:\/\/baldumarket.lt\/lt\/wp-json\/wp\/v2\/media?parent=87051"}],"wp:term":[{"taxonomy":"product_brand","embeddable":true,"href":"https:\/\/baldumarket.lt\/lt\/wp-json\/wp\/v2\/product_brand?post=87051"},{"taxonomy":"product_cat","embeddable":true,"href":"https:\/\/baldumarket.lt\/lt\/wp-json\/wp\/v2\/product_cat?post=87051"},{"taxonomy":"product_tag","embeddable":true,"href":"https:\/\/baldumarket.lt\/lt\/wp-json\/wp\/v2\/product_tag?post=87051"}],"curies":[{"name":"wp","href":"https:\/\/api.w.org\/{rel}","templated":true}]}}