{"id":86938,"date":"2025-12-05T00:19:39","date_gmt":"2025-12-04T21:19:39","guid":{"rendered":"https:\/\/baldumarket.lt\/product\/stol-sosnowy-st700-sosna-antyczna-biel-11\/"},"modified":"2026-02-04T00:17:36","modified_gmt":"2026-02-03T21:17:36","slug":"stol-sosnowy-st700-sosna-antyczna-biel-11","status":"publish","type":"product","link":"https:\/\/baldumarket.lt\/lt\/produktas\/stol-sosnowy-st700-sosna-antyczna-biel-11\/","title":{"rendered":"Pu\u0161inis stalas ST700 antikvarin\u0117 balta pu\u0161is"},"content":{"rendered":"<p>Va\u0161kuotas ST700 stalas, sukurtas kaimi\u0161ko stiliaus ir pagamintas vien i\u0161 tvirtos pu\u0161ies medienos, yra esminis bet kokio stilingo interjero elementas. Jis puikiai papildo kaimi\u0161k\u0105 svetain\u0119, darbo kambar\u012f ar valgom\u0105j\u012f, bet taip pat dera ir klasikiniuose interjeruose. Stilingas stalas yra daugiau nei baldas; tai geriausia j\u016bs\u0173 nam\u0173 vitrina. Stalas yra \u0161eimos gyvenimo traukos centras. ST700 stalas pasi\u017eymi storomis, tekintomis kojel\u0117mis (8 cm x 8 cm) ir lygiu, 4 cm storio stalvir\u0161iu. Jis puikiai dera su nat\u016braliomis linin\u0117mis stalties\u0117mis ir \u0161vie\u017eiomis g\u0117l\u0117mis. Jis suteiks unikali\u0105 atmosfer\u0105 bet kokiam interjerui, kupin\u0105 \u0161ilumos ir jaukios atmosferos.<\/p>\n<p>Stalvir\u0161\u012f \u201eSt700\u201c galima prailginti va\u0161kuotu ST711 prailginimu. Prailginim\u0105 reikia \u012fsigyti kartu su stalu. Tai leis pritaikyti stal\u0105 prie prailginimo.<\/p>\n<p>Stalas padengtas nat\u016braliu bi\u010di\u0173 va\u0161ku, kuris sukuria apsaugin\u012f sluoksn\u012f nuo dr\u0117gm\u0117s ir kartu apsaugo medien\u0105. Va\u0161kavimas pary\u0161kina nat\u016brali\u0105 medienos tekst\u016br\u0105 ir pagilina nat\u016brali\u0105 jos spalv\u0105. Bi\u010di\u0173 va\u0161kas yra nat\u016bralus produktas, tod\u0117l va\u0161kuoti baldai \u012fgauna antistatini\u0173 savybi\u0173, suma\u017eina dulki\u0173 kaupim\u0105si. Papildomas va\u0161kuot\u0173 bald\u0173 privalumas \u2013 \u0161ilkiniai lygus pavir\u0161ius ir malonus nat\u016bralus medienos aromatas.<\/p>\n<p>Sveikos medienos tekst\u016bros i\u0161saugojimas yra b\u016btinas va\u0161kuot\u0173 bald\u0173 ilgaam\u017ei\u0161kumui. Skyriuje \u201cVa\u0161kuot\u0173 bald\u0173 prie\u017ei\u016bra ir naudojimas\u201d rasite verting\u0173 patarim\u0173, kaip pri\u017ei\u016br\u0117ti \u201eRustikal\u201c kolekcijos baldus.<\/p>","protected":false},"excerpt":{"rendered":"<p>Va\u0161kuotas ST700 stalas, sukurtas kaimi\u0161ku stiliumi ir pagamintas vien i\u0161 tvirtos pu\u0161ies medienos, yra esminis bet kurio stilingai \u012frengto interjero elementas. Jis puikiai papildo kaimi\u0161k\u0105 svetain\u0119, darbo kambar\u012f ar valgom\u0105j\u012f, bet taip pat gerai dera ir klasikiniame interjere. Stilingas stalas yra daugiau nei tik baldas; jis [\u2026]<\/p>","protected":false},"featured_media":86854,"comment_status":"open","ping_status":"open","template":"","meta":[],"product_brand":[],"product_cat":[9305,2113,1934],"product_tag":[],"class_list":{"0":"post-86938","1":"product","2":"type-product","3":"status-publish","4":"has-post-thumbnail","6":"product_cat-pine-furniture-drewmax","7":"product_cat-drewmax","8":"product_cat-tables","9":"pa_tabletop-material-solid-lamellas","11":"first","12":"instock","13":"purchasable","14":"product-type-simple"},"_links":{"self":[{"href":"https:\/\/baldumarket.lt\/lt\/wp-json\/wp\/v2\/product\/86938","targetHints":{"allow":["GET"]}}],"collection":[{"href":"https:\/\/baldumarket.lt\/lt\/wp-json\/wp\/v2\/product"}],"about":[{"href":"https:\/\/baldumarket.lt\/lt\/wp-json\/wp\/v2\/types\/product"}],"replies":[{"embeddable":true,"href":"https:\/\/baldumarket.lt\/lt\/wp-json\/wp\/v2\/comments?post=86938"}],"wp:featuredmedia":[{"embeddable":true,"href":"https:\/\/baldumarket.lt\/lt\/wp-json\/wp\/v2\/media\/86854"}],"wp:attachment":[{"href":"https:\/\/baldumarket.lt\/lt\/wp-json\/wp\/v2\/media?parent=86938"}],"wp:term":[{"taxonomy":"product_brand","embeddable":true,"href":"https:\/\/baldumarket.lt\/lt\/wp-json\/wp\/v2\/product_brand?post=86938"},{"taxonomy":"product_cat","embeddable":true,"href":"https:\/\/baldumarket.lt\/lt\/wp-json\/wp\/v2\/product_cat?post=86938"},{"taxonomy":"product_tag","embeddable":true,"href":"https:\/\/baldumarket.lt\/lt\/wp-json\/wp\/v2\/product_tag?post=86938"}],"curies":[{"name":"wp","href":"https:\/\/api.w.org\/{rel}","templated":true}]}}