{"id":86588,"date":"2025-12-05T00:12:21","date_gmt":"2025-12-04T21:12:21","guid":{"rendered":"https:\/\/baldumarket.lt\/product\/skrzynia-sosnowa-rustikal-ks701-sosna-antyczna-biel\/"},"modified":"2026-02-04T00:19:05","modified_gmt":"2026-02-03T21:19:05","slug":"skrzynia-sosnowa-rustikal-ks701-sosna-antyczna-biel","status":"publish","type":"product","link":"https:\/\/baldumarket.lt\/lt\/product\/skrzynia-sosnowa-rustikal-ks701-sosna-antyczna-biel\/","title":{"rendered":"Pu\u0161in\u0117 komoda RUSTIKAL KS701 antikvarin\u0117 pu\u0161is balta"},"content":{"rendered":"<p>Va\u0161kuota KS701 komoda puikiai papildys ir papuo\u0161 bet kok\u012f interjer\u0105. Sukurta kaimi\u0161ku stiliumi, ji pagaminta vien i\u0161 tvirtos pu\u0161ies medienos. Miegamajame ji suteikia papildomos vietos pagalv\u0117ms ir antklod\u0117ms, tarnauja kaip s\u0117dyn\u0117 koridoriuje avint batus, o svetain\u0117je gali lengvai pakeisti kavos staliuk\u0105. Stabili ir prakti\u0161ka, ji stovi ant medini\u0173 rutulio formos kojeli\u0173. Ji turi patvar\u0173 dangt\u012f, kuris atsidaro \u012f vien\u0105 pus\u0119, ir vien\u0105 stal\u010di\u0173, kuris i\u0161stumiamas ant medini\u0173 b\u0117geli\u0173. Jos konstrukcijoje naudojami rank\u0173 darbo metaliniai vyriai ir rankenos su sendinta apdaila. KS701 komoda suteiks bet kokiam interjerui unikali\u0105 atmosfer\u0105, kupin\u0105 \u0161ilumos ir nam\u0173 jaukumo.<\/p>\n<p>Baldas padengtas nat\u016braliu bi\u010di\u0173 va\u0161ku, kuris sukuria apsaugin\u012f sluoksn\u012f nuo dr\u0117gm\u0117s ir kartu kondicionuoja medien\u0105. Va\u0161kavimo procesas pary\u0161kina nat\u016bral\u0173 medienos ra\u0161t\u0105 ir pagilina nat\u016brali\u0105 jos spalv\u0105. Bi\u010di\u0173 va\u0161kas yra nat\u016bralus produktas, tod\u0117l va\u0161kuoti baldai \u012fgauna antistatini\u0173 savybi\u0173 \u2013 suma\u017eina dulki\u0173 kaupim\u0105si. Papildomas va\u0161kuot\u0173 bald\u0173 privalumas \u2013 \u0161ilkinis lygus pavir\u0161ius ir malonus nat\u016bralus medienos aromatas.<\/p>\n<p>Sveikos medienos strukt\u016bros i\u0161saugojimas yra b\u016btinas va\u0161kuot\u0173 bald\u0173 ilgaam\u017ei\u0161kumui. Skyriuje \u201cVa\u0161kuot\u0173 bald\u0173 prie\u017ei\u016bra ir naudojimas\u201d rasite verting\u0173 patarim\u0173, kaip pri\u017ei\u016br\u0117ti \u201eRustikal\u201c kolekcijos baldus.<\/p>","protected":false},"excerpt":{"rendered":"<p>Va\u0161kuota KS701 komoda puikiai papildo ir puo\u0161ia bet kok\u012f interjer\u0105. Sukurta kaimi\u0161ku stiliumi, ji pagaminta i\u0161 tvirtos pu\u0161ies medienos. Miegamajame ji suteikia papildomos vietos pagalv\u0117ms ir antklod\u0117ms, tarnauja kaip s\u0117dyn\u0117 koridoriuje apsiaunant batus ir gali lengvai pakeisti kavos staliuk\u0105 [\u2026]<\/p>","protected":false},"featured_media":86573,"comment_status":"open","ping_status":"open","template":"","meta":[],"product_brand":[],"product_cat":[9317,9305,9120,2113],"product_tag":[],"class_list":{"0":"post-86588","1":"product","2":"type-product","3":"status-publish","4":"has-post-thumbnail","6":"product_cat-collection-rustikal-drewmax","7":"product_cat-pine-furniture-drewmax","8":"product_cat-cabinets","9":"product_cat-drewmax","11":"first","12":"instock","13":"purchasable","14":"product-type-simple"},"_links":{"self":[{"href":"https:\/\/baldumarket.lt\/lt\/wp-json\/wp\/v2\/product\/86588","targetHints":{"allow":["GET"]}}],"collection":[{"href":"https:\/\/baldumarket.lt\/lt\/wp-json\/wp\/v2\/product"}],"about":[{"href":"https:\/\/baldumarket.lt\/lt\/wp-json\/wp\/v2\/types\/product"}],"replies":[{"embeddable":true,"href":"https:\/\/baldumarket.lt\/lt\/wp-json\/wp\/v2\/comments?post=86588"}],"wp:featuredmedia":[{"embeddable":true,"href":"https:\/\/baldumarket.lt\/lt\/wp-json\/wp\/v2\/media\/86573"}],"wp:attachment":[{"href":"https:\/\/baldumarket.lt\/lt\/wp-json\/wp\/v2\/media?parent=86588"}],"wp:term":[{"taxonomy":"product_brand","embeddable":true,"href":"https:\/\/baldumarket.lt\/lt\/wp-json\/wp\/v2\/product_brand?post=86588"},{"taxonomy":"product_cat","embeddable":true,"href":"https:\/\/baldumarket.lt\/lt\/wp-json\/wp\/v2\/product_cat?post=86588"},{"taxonomy":"product_tag","embeddable":true,"href":"https:\/\/baldumarket.lt\/lt\/wp-json\/wp\/v2\/product_tag?post=86588"}],"curies":[{"name":"wp","href":"https:\/\/api.w.org\/{rel}","templated":true}]}}