{"id":86562,"date":"2025-12-05T00:11:51","date_gmt":"2025-12-04T21:11:51","guid":{"rendered":"https:\/\/baldumarket.lt\/product\/stol-sosnowy-st704-sosna-brunatny-wosk\/"},"modified":"2026-02-04T00:19:08","modified_gmt":"2026-02-03T21:19:08","slug":"stol-sosnowy-st704-sosna-brunatny-wosk","status":"publish","type":"product","link":"https:\/\/baldumarket.lt\/lt\/product\/stol-sosnowy-st704-sosna-brunatny-wosk\/","title":{"rendered":"Pu\u0161inis stalas ST704, pu\u0161ies rudas va\u0161kas"},"content":{"rendered":"<p>Va\u0161kuotas ST704 stalas, sukurtas kaimi\u0161ko stiliaus ir pagamintas vien i\u0161 tvirtos pu\u0161ies medienos, yra esminis bet kurio stilingai \u012frengto interjero elementas. Jis puikiai papildo kaimi\u0161k\u0105 svetain\u0119, darbo kambar\u012f ar valgom\u0105j\u012f, bet taip pat dera ir klasikiniuose interjeruose. Stilingas stalas yra daugiau nei baldas; tai puiki j\u016bs\u0173 nam\u0173 vitrina. Stalas da\u017enai tampa \u0161eimos gyvenimo traukos centru. ST704 stalas pasi\u017eymi tvirtomis, rai\u017einiais dekoruotomis kojel\u0117mis ir lygiu, frezuotu stalvir\u0161iu. Jis puikiai dera su nat\u016braliomis linin\u0117mis stalties\u0117mis ir \u0161vie\u017eiomis g\u0117l\u0117mis. Jis suteiks bet kokiam interjerui unikali\u0105, \u0161ilumos ir jaukumo kupin\u0105 atmosfer\u0105.<\/p>\n<p>Baldas padengtas nat\u016braliu bi\u010di\u0173 va\u0161ku, kuris sukuria apsaugin\u012f sluoksn\u012f nuo dr\u0117gm\u0117s ir kartu kondicionuoja medien\u0105. Va\u0161kavimo procesas pary\u0161kina nat\u016bral\u0173 medienos ra\u0161t\u0105 ir pagilina nat\u016brali\u0105 jos spalv\u0105. Bi\u010di\u0173 va\u0161kas yra nat\u016bralus produktas, tod\u0117l va\u0161kuoti baldai pasi\u017eymi antistatin\u0117mis savyb\u0117mis, ma\u017einan\u010diomis dulki\u0173 kaupim\u0105si. Papildomas va\u0161kuot\u0173 bald\u0173 privalumas \u2013 \u0161ilkinis lygus pavir\u0161ius ir malonus nat\u016bralus medienos aromatas.<\/p>\n<p>Sveikos medienos strukt\u016bros i\u0161saugojimas yra b\u016btinas va\u0161kuot\u0173 bald\u0173 ilgaam\u017ei\u0161kumui. Skyriuje \u201cVa\u0161kuot\u0173 bald\u0173 prie\u017ei\u016bra ir naudojimas\u201d rasite verting\u0173 patarim\u0173, kaip pri\u017ei\u016br\u0117ti \u201eRustikal\u201c kolekcijos baldus.<\/p>","protected":false},"excerpt":{"rendered":"<p>Va\u0161kuotas ST704 stalas, sukurtas kaimi\u0161ku stiliumi ir pagamintas vien i\u0161 tvirtos pu\u0161ies medienos, yra esminis bet kurio stilingai \u012frengto interjero elementas. Jis puikiai papildo kaimi\u0161k\u0105 svetain\u0119, darbo kambar\u012f ar valgom\u0105j\u012f, bet taip pat gerai dera ir klasikiniame interjere. Stilingas stalas yra daugiau nei tik baldas; jis [\u2026]<\/p>","protected":false},"featured_media":86563,"comment_status":"open","ping_status":"open","template":"","meta":[],"product_brand":[],"product_cat":[9305,2113,1934],"product_tag":[],"class_list":{"0":"post-86562","1":"product","2":"type-product","3":"status-publish","4":"has-post-thumbnail","6":"product_cat-pine-furniture-drewmax","7":"product_cat-drewmax","8":"product_cat-tables","10":"first","11":"instock","12":"purchasable","13":"product-type-simple"},"_links":{"self":[{"href":"https:\/\/baldumarket.lt\/lt\/wp-json\/wp\/v2\/product\/86562","targetHints":{"allow":["GET"]}}],"collection":[{"href":"https:\/\/baldumarket.lt\/lt\/wp-json\/wp\/v2\/product"}],"about":[{"href":"https:\/\/baldumarket.lt\/lt\/wp-json\/wp\/v2\/types\/product"}],"replies":[{"embeddable":true,"href":"https:\/\/baldumarket.lt\/lt\/wp-json\/wp\/v2\/comments?post=86562"}],"wp:featuredmedia":[{"embeddable":true,"href":"https:\/\/baldumarket.lt\/lt\/wp-json\/wp\/v2\/media\/86563"}],"wp:attachment":[{"href":"https:\/\/baldumarket.lt\/lt\/wp-json\/wp\/v2\/media?parent=86562"}],"wp:term":[{"taxonomy":"product_brand","embeddable":true,"href":"https:\/\/baldumarket.lt\/lt\/wp-json\/wp\/v2\/product_brand?post=86562"},{"taxonomy":"product_cat","embeddable":true,"href":"https:\/\/baldumarket.lt\/lt\/wp-json\/wp\/v2\/product_cat?post=86562"},{"taxonomy":"product_tag","embeddable":true,"href":"https:\/\/baldumarket.lt\/lt\/wp-json\/wp\/v2\/product_tag?post=86562"}],"curies":[{"name":"wp","href":"https:\/\/api.w.org\/{rel}","templated":true}]}}