{"id":86545,"date":"2025-12-05T00:11:27","date_gmt":"2025-12-04T21:11:27","guid":{"rendered":"https:\/\/baldumarket.lt\/product\/stolik-kawowy-sosnowy-st706-sosna-antyczna-biel\/"},"modified":"2026-04-07T00:46:28","modified_gmt":"2026-04-06T21:46:28","slug":"stolik-kawowy-sosnowy-st706-sosna-antyczna-biel","status":"publish","type":"product","link":"https:\/\/baldumarket.lt\/lt\/product\/stolik-kawowy-sosnowy-st706-sosna-antyczna-biel\/","title":{"rendered":"pu\u0161ies kavos staliukas ST706 antikvarin\u0117 balta pu\u0161is"},"content":{"rendered":"<p>Va\u0161kuotas kavos staliukas ST706. Sukurtas kaimi\u0161ku stiliumi, jis pagamintas vien i\u0161 tvirtos pu\u0161ies medienos. Tai b\u016btinas bet kurio stilingo interjero elementas. Jis pasi\u017eymi ergonomi\u0161ka forma ir tvirta konstrukcija. Stalvir\u0161is suteikia daug vietos patogiai pasid\u0117ti l\u0117k\u0161tes su u\u017ekand\u017eiais ar puodelius kar\u0161tos arbatos. Stalas turi storas, tiesias 8 cm x 8 cm kojas ir rai\u017eyt\u0105 stal\u010di\u0173, kuris i\u0161stumiamas ant medini\u0173 b\u0117geli\u0173. Jo konstrukcijoje buvo panaudoti rank\u0173 darbo metaliniai vyriai ir rankenos su sendinta apdaila. ST706 kavos staliukas suteiks unikali\u0105 atmosfer\u0105 bet kokiam interjerui, kupin\u0105 \u0161ilumos ir jaukios atmosferos.<\/p>\n<p>Baldas padengtas nat\u016braliu bi\u010di\u0173 va\u0161ku, kuris sukuria apsaugin\u012f sluoksn\u012f nuo dr\u0117gm\u0117s ir kartu kondicionuoja medien\u0105. Va\u0161kavimo procesas pary\u0161kina nat\u016bral\u0173 medienos ra\u0161t\u0105 ir pagilina nat\u016brali\u0105 jos spalv\u0105. Bi\u010di\u0173 va\u0161kas yra nat\u016bralus produktas, tod\u0117l va\u0161kuoti baldai pasi\u017eymi antistatin\u0117mis savyb\u0117mis, ma\u017einan\u010diomis dulki\u0173 kaupim\u0105si. Papildomas va\u0161kuot\u0173 bald\u0173 privalumas \u2013 \u0161ilkinis lygus pavir\u0161ius ir malonus nat\u016bralus medienos aromatas.<\/p>\n<p>Sveikos medienos strukt\u016bros i\u0161saugojimas yra b\u016btinas va\u0161kuot\u0173 bald\u0173 ilgaam\u017ei\u0161kumui. Skyriuje \u201cVa\u0161kuot\u0173 bald\u0173 prie\u017ei\u016bra ir naudojimas\u201d rasite verting\u0173 patarim\u0173, kaip pri\u017ei\u016br\u0117ti \u201eRustikal\u201c kolekcijos baldus.<\/p>","protected":false},"excerpt":{"rendered":"<p>Va\u0161kuotas kavos staliukas ST706. Sukurtas kaimi\u0161ku stiliumi, jis pagamintas vien i\u0161 tvirtos pu\u0161ies medienos. Tai esminis bet kurio stilingo interjero elementas. Jis pasi\u017eymi ergonomi\u0161ka forma ir tvirta konstrukcija. Stalvir\u0161is suteikia daug vietos patogiai pasid\u0117ti l\u0117k\u0161tes su u\u017ekand\u017eiais ar puodelius kar\u0161tos arbatos. Stalas pasi\u017eymi storomis, tiesiomis 8 cm [\u2026]<\/p>","protected":false},"featured_media":86539,"comment_status":"open","ping_status":"open","template":"","meta":[],"product_brand":[],"product_cat":[9305,866,2113],"product_tag":[],"class_list":{"0":"post-86545","1":"product","2":"type-product","3":"status-publish","4":"has-post-thumbnail","6":"product_cat-pine-furniture-drewmax","7":"product_cat-coffee-tables","8":"product_cat-drewmax","10":"first","11":"instock","12":"purchasable","13":"product-type-simple"},"_links":{"self":[{"href":"https:\/\/baldumarket.lt\/lt\/wp-json\/wp\/v2\/product\/86545","targetHints":{"allow":["GET"]}}],"collection":[{"href":"https:\/\/baldumarket.lt\/lt\/wp-json\/wp\/v2\/product"}],"about":[{"href":"https:\/\/baldumarket.lt\/lt\/wp-json\/wp\/v2\/types\/product"}],"replies":[{"embeddable":true,"href":"https:\/\/baldumarket.lt\/lt\/wp-json\/wp\/v2\/comments?post=86545"}],"wp:featuredmedia":[{"embeddable":true,"href":"https:\/\/baldumarket.lt\/lt\/wp-json\/wp\/v2\/media\/86539"}],"wp:attachment":[{"href":"https:\/\/baldumarket.lt\/lt\/wp-json\/wp\/v2\/media?parent=86545"}],"wp:term":[{"taxonomy":"product_brand","embeddable":true,"href":"https:\/\/baldumarket.lt\/lt\/wp-json\/wp\/v2\/product_brand?post=86545"},{"taxonomy":"product_cat","embeddable":true,"href":"https:\/\/baldumarket.lt\/lt\/wp-json\/wp\/v2\/product_cat?post=86545"},{"taxonomy":"product_tag","embeddable":true,"href":"https:\/\/baldumarket.lt\/lt\/wp-json\/wp\/v2\/product_tag?post=86545"}],"curies":[{"name":"wp","href":"https:\/\/api.w.org\/{rel}","templated":true}]}}