{"id":8648,"date":"2025-11-14T04:04:06","date_gmt":"2025-11-14T01:04:06","guid":{"rendered":"https:\/\/baldumarket.lt\/product\/asgard-31\/"},"modified":"2026-03-24T18:01:21","modified_gmt":"2026-03-24T15:01:21","slug":"asgard-31","status":"publish","type":"product","link":"https:\/\/baldumarket.lt\/lt\/product\/asgard-31\/","title":{"rendered":"Asgardas 3+1"},"content":{"rendered":"<p>\u201eAsgard\u201c poilsio bald\u0173 komplektas \u2013 puikus sprendimas tiems, kurie svajoja apie stiling\u0105 ir eleganti\u0161k\u0105 interjer\u0105. \u0160io fotelio ir sofos pasirinkimas neabejotinai bus tikras malonumas tiems, kurie m\u0117gsta gra\u017eiai suprojektuot\u0105 interjer\u0105. Atskiri baldai pasi\u017eymi klasikiniu, ta\u010diau moderniu dizainu. Dekoratyvinis dygsniavimas papuo\u0161 bet kur\u012f \u012fprast\u0105 j\u016bs\u0173 nam\u0173 kampel\u012f. 107 x 92 x 86 cm dyd\u017eio fotelis pasi\u017eymi gilia, lygia s\u0117dyne, kont\u016bruotu atlo\u0161u, didele pagalv\u0117le ir daugybe spalv\u0173 variant\u0173. Tas pats pasakytina ir apie 235 x 95 x 86 cm dyd\u017eio sof\u0105, skirt\u0105 tiek dienos, tiek nakties poilsiui, transformuojam\u0105 \u012f 133 x 196 cm dyd\u017eio lov\u0105 (\u0161iame modelyje taip pat yra erdvus patalyn\u0117s skyrius). D\u0117l vingiuot\u0173 spyruokli\u0173 ir T25 putplas\u010dio sofos ir fotelio s\u0117dyn\u0117 yra itin lanksti, mink\u0161ta ir atspari vis\u0173 tip\u0173 deformacijoms. Paprasta forma, eleganti\u0161ka apdaila ir tvirta konstrukcija \u2013 tai m\u016bs\u0173 \u201eAsgard\u201c poilsio bald\u0173 bruo\u017eai. Verta tur\u0117ti \u0161i\u0105 sof\u0105 savo namuose, kad gal\u0117tum\u0117te m\u0117gautis i\u0161skirtiniu komfortu ir stiliumi. Nuo\u0161ird\u017eiai rekomenduojame m\u016bs\u0173 \u201eAsgard\u201c. \u0160is pasirinkimas niekada nenuvilia!<\/p>","protected":false},"excerpt":{"rendered":"<p>\u201eAsgard\u201c poilsio komplektas \u2013 puikus sprendimas tiems, kurie svajoja apie stiling\u0105 ir eleganti\u0161k\u0105 interjer\u0105. \u0160io fotelio ir sofos pasirinkimas neabejotinai bus tikras malonumas tiems, kurie m\u0117gsta gra\u017eiai suprojektuot\u0105 interjer\u0105. Atskiri baldai pasi\u017eymi klasikiniu, ta\u010diau moderniu dizainu. Dekoratyvinis dygsniavimas papuo\u0161 bet kur\u012f \u012fprast\u0105 j\u016bs\u0173 nam\u0173 kampel\u012f. Fotelis, [\u2026]<\/p>","protected":false},"featured_media":8649,"comment_status":"open","ping_status":"open","template":"","meta":[],"product_brand":[],"product_cat":[2012,9172,660],"product_tag":[],"class_list":{"0":"post-8648","1":"product","2":"type-product","3":"status-publish","4":"has-post-thumbnail","6":"product_cat-eltap","7":"product_cat-zestawy-mebli-eltap","8":"product_cat-lounge-sets","9":"pa_frame-material-wood","10":"pa_frame-material-type-pine","11":"pa_leg-color-sonoma","12":"pa_leg-material-wood","13":"pa_linen-box-yes","14":"pa_main-color-beige","15":"pa_main-color-blue","16":"pa_main-color-dark-blue","17":"pa_main-color-gray","18":"pa_main-color-green","19":"pa_main-color-pink","20":"pa_main-color-red","21":"pa_main-color-yellow","22":"pa_price-group-prestige","23":"pa_price-group-classic","24":"pa_price-group-standard","25":"pa_seat-depth-709","26":"pa_seat-width-undefined","27":"pa_sleep-function-yes","28":"pa_sleeping-area-length-711","29":"pa_sleeping-area-width-710","30":"pa_style-scandinavian","31":"pa_textile-cover-87","32":"pa_textile-kronos-13","33":"pa_textile-kronos-19-jungle-32","34":"pa_textile-mat-velvet-68","35":"pa_textile-mat-velvet-75","36":"pa_textile-monolith-77-botanical-80","37":"pa_textile-omega-68-zigzag-53","38":"pa_textile-paros-02-zigzag-53","39":"pa_textile-sawana-21-zigzag-53","40":"pa_textile-soft-33","41":"pa_textile-soro-61","42":"pa_upholstery-material-polyester","44":"first","45":"instock","46":"purchasable","47":"product-type-variable","48":"wvs-archive-product-wrapper"},"_links":{"self":[{"href":"https:\/\/baldumarket.lt\/lt\/wp-json\/wp\/v2\/product\/8648","targetHints":{"allow":["GET"]}}],"collection":[{"href":"https:\/\/baldumarket.lt\/lt\/wp-json\/wp\/v2\/product"}],"about":[{"href":"https:\/\/baldumarket.lt\/lt\/wp-json\/wp\/v2\/types\/product"}],"replies":[{"embeddable":true,"href":"https:\/\/baldumarket.lt\/lt\/wp-json\/wp\/v2\/comments?post=8648"}],"wp:featuredmedia":[{"embeddable":true,"href":"https:\/\/baldumarket.lt\/lt\/wp-json\/wp\/v2\/media\/8649"}],"wp:attachment":[{"href":"https:\/\/baldumarket.lt\/lt\/wp-json\/wp\/v2\/media?parent=8648"}],"wp:term":[{"taxonomy":"product_brand","embeddable":true,"href":"https:\/\/baldumarket.lt\/lt\/wp-json\/wp\/v2\/product_brand?post=8648"},{"taxonomy":"product_cat","embeddable":true,"href":"https:\/\/baldumarket.lt\/lt\/wp-json\/wp\/v2\/product_cat?post=8648"},{"taxonomy":"product_tag","embeddable":true,"href":"https:\/\/baldumarket.lt\/lt\/wp-json\/wp\/v2\/product_tag?post=8648"}],"curies":[{"name":"wp","href":"https:\/\/api.w.org\/{rel}","templated":true}]}}