{"id":86477,"date":"2025-12-05T00:10:13","date_gmt":"2025-12-04T21:10:13","guid":{"rendered":"https:\/\/baldumarket.lt\/product\/stolik-kawowy-sosnowy-st713-sosna-bielony-wosk\/"},"modified":"2026-04-07T00:45:22","modified_gmt":"2026-04-06T21:45:22","slug":"stolik-kawowy-sosnowy-st713-sosna-bielony-wosk","status":"publish","type":"product","link":"https:\/\/baldumarket.lt\/lt\/product\/stolik-kawowy-sosnowy-st713-sosna-bielony-wosk\/","title":{"rendered":"Pu\u0161inis kavos staliukas ST713 balintas va\u0161kuotas pu\u0161is"},"content":{"rendered":"<p>Va\u0161kuotas kavos staliukas ST713. Sukurtas kaimi\u0161ku stiliumi, jis pagamintas vien i\u0161 tvirtos pu\u0161ies medienos. Tai esminis bet kurio stilingai \u012frengto interjero elementas. Jis pasi\u017eymi ergonomi\u0161ka forma ir stabilia konstrukcija, kuri\u0105 palaiko \u0161velniai siaur\u0117jan\u010dios kojel\u0117s. Stalvir\u0161is suteikia daug vietos patogiai pasid\u0117ti l\u0117k\u0161tes su u\u017ekand\u017eiais ar puodelius kar\u0161tos arbatos. Matomas nat\u016bralios medienos ra\u0161tas i\u0161ry\u0161kina jos gro\u017e\u012f. ST713 kavos staliukas bet kokiam interjerui suteiks unikalios atmosferos, kupinos \u0161ilumos ir jaukios atmosferos.<\/p>\n<p>Baldas padengtas nat\u016braliu bi\u010di\u0173 va\u0161ku, kuris sukuria apsaugin\u012f sluoksn\u012f nuo dr\u0117gm\u0117s ir kartu maitina medien\u0105. Va\u0161kavimo procesas pary\u0161kina nat\u016brali\u0105 medienos tekst\u016br\u0105 ir pagilina nat\u016brali\u0105 jos spalv\u0105. Bi\u010di\u0173 va\u0161kas yra nat\u016bralus produktas, tod\u0117l va\u0161kuoti baldai pasi\u017eymi antistatin\u0117mis savyb\u0117mis \u2013 suma\u017eina dulki\u0173 kaupim\u0105si ant j\u0173 pavir\u0161iaus. Papildomas va\u0161kuot\u0173 bald\u0173 privalumas \u2013 \u0161ilkinis lygus pavir\u0161ius ir malonus nat\u016bralios medienos aromatas.<\/p>\n<p>Sveikos medienos strukt\u016bros i\u0161saugojimas yra b\u016btinas va\u0161kuot\u0173 bald\u0173 ilgaam\u017ei\u0161kumui. Skirtuke \u201cVa\u0161kuot\u0173 bald\u0173 prie\u017ei\u016bra ir naudojimas\u201d rasite verting\u0173 patarim\u0173, kaip pri\u017ei\u016br\u0117ti \u201eRustikal\u201c kolekcijos baldus.<\/p>","protected":false},"excerpt":{"rendered":"<p>Va\u0161kuotas kavos staliukas ST713. Sukurtas kaimi\u0161ku stiliumi, jis pagamintas vien i\u0161 tvirtos pu\u0161ies medienos. Tai esminis bet kurio stilingai \u012frengto interjero elementas. Jis pasi\u017eymi ergonomi\u0161ka forma ir stabilia konstrukcija, kuri\u0105 palaiko \u0161velniai siaur\u0117jan\u010dios kojel\u0117s. Stalvir\u0161is suteikia daug vietos patogiai pasid\u0117ti l\u0117k\u0161tes su u\u017ekand\u017eiais ar puodelius kar\u0161tos arbatos. [\u2026]<\/p>","protected":false},"featured_media":86470,"comment_status":"open","ping_status":"open","template":"","meta":[],"product_brand":[],"product_cat":[9305,866,2113],"product_tag":[],"class_list":{"0":"post-86477","1":"product","2":"type-product","3":"status-publish","4":"has-post-thumbnail","6":"product_cat-pine-furniture-drewmax","7":"product_cat-coffee-tables","8":"product_cat-drewmax","10":"first","11":"instock","12":"purchasable","13":"product-type-simple"},"_links":{"self":[{"href":"https:\/\/baldumarket.lt\/lt\/wp-json\/wp\/v2\/product\/86477","targetHints":{"allow":["GET"]}}],"collection":[{"href":"https:\/\/baldumarket.lt\/lt\/wp-json\/wp\/v2\/product"}],"about":[{"href":"https:\/\/baldumarket.lt\/lt\/wp-json\/wp\/v2\/types\/product"}],"replies":[{"embeddable":true,"href":"https:\/\/baldumarket.lt\/lt\/wp-json\/wp\/v2\/comments?post=86477"}],"wp:featuredmedia":[{"embeddable":true,"href":"https:\/\/baldumarket.lt\/lt\/wp-json\/wp\/v2\/media\/86470"}],"wp:attachment":[{"href":"https:\/\/baldumarket.lt\/lt\/wp-json\/wp\/v2\/media?parent=86477"}],"wp:term":[{"taxonomy":"product_brand","embeddable":true,"href":"https:\/\/baldumarket.lt\/lt\/wp-json\/wp\/v2\/product_brand?post=86477"},{"taxonomy":"product_cat","embeddable":true,"href":"https:\/\/baldumarket.lt\/lt\/wp-json\/wp\/v2\/product_cat?post=86477"},{"taxonomy":"product_tag","embeddable":true,"href":"https:\/\/baldumarket.lt\/lt\/wp-json\/wp\/v2\/product_tag?post=86477"}],"curies":[{"name":"wp","href":"https:\/\/api.w.org\/{rel}","templated":true}]}}