{"id":86455,"date":"2025-12-05T00:09:49","date_gmt":"2025-12-04T21:09:49","guid":{"rendered":"https:\/\/baldumarket.lt\/product\/stol-sosnowy-st716-sosna-jasny-wosk-3\/"},"modified":"2026-02-04T00:19:22","modified_gmt":"2026-02-03T21:19:22","slug":"stol-sosnowy-st716-sosna-jasny-wosk-3","status":"publish","type":"product","link":"https:\/\/baldumarket.lt\/lt\/product\/stol-sosnowy-st716-sosna-jasny-wosk-3\/","title":{"rendered":"Pu\u0161inis stalas ST716, \u0161viesaus va\u0161ko pu\u0161is"},"content":{"rendered":"<p>Medinis stalas ST716 su sukry\u017eiuotomis kojel\u0117mis. Sukurtas kaimi\u0161ku stiliumi, jis pagamintas vien i\u0161 tvirtos pu\u0161ies medienos. \u0160is tvirtas ir tvirtas pu\u0161ies stalas pasi\u017eymi patvaria ir patikima konstrukcija. J\u012f sudaro sukry\u017eiuotos kojel\u0117s ir sutvirtinanti sija, einanti per vis\u0105 stalo ilg\u012f. Va\u0161kuotas stalas vis\u0173 pirma i\u0161siskiria labai auk\u0161tu stabilumu ir kruop\u0161\u010diu d\u0117mesiu detal\u0117ms, u\u017etikrinan\u010diu jo visi\u0161k\u0105 funkcionalum\u0105 ir patogum\u0105 kasdieniam naudojimui. Va\u0161kuotas ST716 stalas bet kokiam interjerui suteiks unikalios atmosferos, kupinos \u0161ilumos ir \u0161eimyni\u0161kos atmosferos.<\/p>\n<p>Baldas padengtas nat\u016braliu bi\u010di\u0173 va\u0161ku, kuris sukuria apsaugin\u012f sluoksn\u012f nuo dr\u0117gm\u0117s ir kartu apsaugo medien\u0105. Va\u0161kavimo procesas pary\u0161kina nat\u016brali\u0105 medienos tekst\u016br\u0105 ir pagilina nat\u016brali\u0105 jos spalv\u0105. Bi\u010di\u0173 va\u0161kas yra nat\u016bralus produktas, tod\u0117l va\u0161kuoti baldai \u012fgauna antistatini\u0173 savybi\u0173 \u2013 suma\u017eina dulki\u0173 kaupim\u0105si. Papildomas va\u0161kuot\u0173 bald\u0173 privalumas \u2013 \u0161ilkinis lygus pavir\u0161ius ir malonus nat\u016bralios medienos aromatas.<\/p>\n<p>Sveikos medienos strukt\u016bros i\u0161saugojimas yra b\u016btinas va\u0161kuot\u0173 bald\u0173 ilgaam\u017ei\u0161kumui. Skyriuje \u201cVa\u0161kuot\u0173 bald\u0173 prie\u017ei\u016bra ir naudojimas\u201d pateikiami vertingi patarimai, kaip pri\u017ei\u016br\u0117ti \u201eRustykal\u201c kolekcijos baldus.<\/p>","protected":false},"excerpt":{"rendered":"<p>Medinis stalas ST716 su kry\u017emin\u0117mis kojel\u0117mis. Sukurtas kaimi\u0161ku stiliumi, jis pagamintas i\u0161 tvirtos pu\u0161ies medienos. \u0160is tvirtas ir tvirtas pu\u0161ies stalas pasi\u017eymi patvaria ir patikima konstrukcija. J\u012f sudaro kry\u017emin\u0117s kojel\u0117s ir sutvirtinanti sija, einanti per vis\u0105 stalo ilg\u012f. Va\u0161kuotas stalas vis\u0173 pirma i\u0161siskiria tuo, kad [\u2026]<\/p>","protected":false},"featured_media":86432,"comment_status":"open","ping_status":"open","template":"","meta":[],"product_brand":[],"product_cat":[9305,2113,1934],"product_tag":[],"class_list":{"0":"post-86455","1":"product","2":"type-product","3":"status-publish","4":"has-post-thumbnail","6":"product_cat-pine-furniture-drewmax","7":"product_cat-drewmax","8":"product_cat-tables","10":"first","11":"instock","12":"purchasable","13":"product-type-simple"},"_links":{"self":[{"href":"https:\/\/baldumarket.lt\/lt\/wp-json\/wp\/v2\/product\/86455","targetHints":{"allow":["GET"]}}],"collection":[{"href":"https:\/\/baldumarket.lt\/lt\/wp-json\/wp\/v2\/product"}],"about":[{"href":"https:\/\/baldumarket.lt\/lt\/wp-json\/wp\/v2\/types\/product"}],"replies":[{"embeddable":true,"href":"https:\/\/baldumarket.lt\/lt\/wp-json\/wp\/v2\/comments?post=86455"}],"wp:featuredmedia":[{"embeddable":true,"href":"https:\/\/baldumarket.lt\/lt\/wp-json\/wp\/v2\/media\/86432"}],"wp:attachment":[{"href":"https:\/\/baldumarket.lt\/lt\/wp-json\/wp\/v2\/media?parent=86455"}],"wp:term":[{"taxonomy":"product_brand","embeddable":true,"href":"https:\/\/baldumarket.lt\/lt\/wp-json\/wp\/v2\/product_brand?post=86455"},{"taxonomy":"product_cat","embeddable":true,"href":"https:\/\/baldumarket.lt\/lt\/wp-json\/wp\/v2\/product_cat?post=86455"},{"taxonomy":"product_tag","embeddable":true,"href":"https:\/\/baldumarket.lt\/lt\/wp-json\/wp\/v2\/product_tag?post=86455"}],"curies":[{"name":"wp","href":"https:\/\/api.w.org\/{rel}","templated":true}]}}