{"id":86426,"date":"2025-12-05T00:09:16","date_gmt":"2025-12-04T21:09:16","guid":{"rendered":"https:\/\/baldumarket.lt\/product\/stol-sosnowy-st724-sosna-ciemny-wosk\/"},"modified":"2026-02-04T00:19:29","modified_gmt":"2026-02-03T21:19:29","slug":"stol-sosnowy-st724-sosna-ciemny-wosk","status":"publish","type":"product","link":"https:\/\/baldumarket.lt\/lt\/product\/stol-sosnowy-st724-sosna-ciemny-wosk\/","title":{"rendered":"Pu\u0161inis stalas ST724, tamsaus va\u0161ko pu\u0161is"},"content":{"rendered":"<p>Medinis stalas ST724. Sukurtas kaimi\u0161ko stiliaus, jis pagamintas vien i\u0161 tvirtos pu\u0161ies medienos. \u0160is tvirtas, va\u0161kuotas stalas pasi\u017eymi patvaria ir patikima konstrukcija. J\u012f sudaro medin\u0117s kojel\u0117s, \u0161iek tiek smail\u0117jan\u010dios apa\u010dioje. Kiekvienos kojos vir\u0161uje yra dekoratyviniai rai\u017einiai. Bendras dizainas derina prakti\u0161kum\u0105 ir vizualin\u012f patrauklum\u0105. Kruop\u0161\u010diai pagaminti skandinavi\u0161ko stiliaus baldai pasi\u017eymi d\u0117mesiu detal\u0117ms ir stulbinan\u010dia paprasta i\u0161vaizda. Va\u0161kuotas stalas ST724 suteiks bet kokiam interjerui unikali\u0105 atmosfer\u0105, kupin\u0105 \u0161ilumos ir nam\u0173 jaukumo.<\/p>\n<p>Baldas padengtas nat\u016braliu bi\u010di\u0173 va\u0161ku, kuris sukuria apsaugin\u012f sluoksn\u012f nuo dr\u0117gm\u0117s ir kartu apsaugo medien\u0105. Va\u0161kavimo procesas pary\u0161kina nat\u016bral\u0173 medienos ra\u0161t\u0105 ir pagilina nat\u016brali\u0105 jos spalv\u0105. Bi\u010di\u0173 va\u0161kas yra nat\u016bralus produktas, tod\u0117l va\u0161kuoti baldai pasi\u017eymi antistatin\u0117mis savyb\u0117mis \u2013 suma\u017eina dulki\u0173 kaupim\u0105si ant j\u0173 pavir\u0161iaus. Papildomas va\u0161kuot\u0173 bald\u0173 privalumas \u2013 \u0161ilkinis lygus pavir\u0161ius ir malonus nat\u016bralus medienos aromatas.<\/p>\n<p>Sveikos medienos strukt\u016bros i\u0161saugojimas yra b\u016btinas va\u0161kuot\u0173 bald\u0173 ilgaam\u017ei\u0161kumui. Skyriuje \u201cVa\u0161kuot\u0173 bald\u0173 prie\u017ei\u016bra ir naudojimas\u201d rasite verting\u0173 patarim\u0173, kaip pri\u017ei\u016br\u0117ti \u201eRustykal\u201c kolekcijos baldus.<\/p>","protected":false},"excerpt":{"rendered":"<p>Medinis stalas ST724. Sukurtas kaimi\u0161ku stiliumi, jis pagamintas i\u0161 tvirtos pu\u0161ies medienos. \u0160is tvirtas, va\u0161kuotas stalas pasi\u017eymi patvaria ir patikima konstrukcija. J\u012f sudaro medin\u0117s kojel\u0117s, \u0161iek tiek smail\u0117jan\u010dios apa\u010dioje. Kiekvienos kojos vir\u0161uje yra dekoratyviniai rai\u017einiai. Bendras dizainas derina prakti\u0161kum\u0105 ir vizualin\u012f patrauklum\u0105. Kruop\u0161\u010diai [\u2026]<\/p>","protected":false},"featured_media":86423,"comment_status":"open","ping_status":"open","template":"","meta":[],"product_brand":[],"product_cat":[9305,2113,1934],"product_tag":[],"class_list":{"0":"post-86426","1":"product","2":"type-product","3":"status-publish","4":"has-post-thumbnail","6":"product_cat-pine-furniture-drewmax","7":"product_cat-drewmax","8":"product_cat-tables","10":"first","11":"instock","12":"purchasable","13":"product-type-simple"},"_links":{"self":[{"href":"https:\/\/baldumarket.lt\/lt\/wp-json\/wp\/v2\/product\/86426","targetHints":{"allow":["GET"]}}],"collection":[{"href":"https:\/\/baldumarket.lt\/lt\/wp-json\/wp\/v2\/product"}],"about":[{"href":"https:\/\/baldumarket.lt\/lt\/wp-json\/wp\/v2\/types\/product"}],"replies":[{"embeddable":true,"href":"https:\/\/baldumarket.lt\/lt\/wp-json\/wp\/v2\/comments?post=86426"}],"wp:featuredmedia":[{"embeddable":true,"href":"https:\/\/baldumarket.lt\/lt\/wp-json\/wp\/v2\/media\/86423"}],"wp:attachment":[{"href":"https:\/\/baldumarket.lt\/lt\/wp-json\/wp\/v2\/media?parent=86426"}],"wp:term":[{"taxonomy":"product_brand","embeddable":true,"href":"https:\/\/baldumarket.lt\/lt\/wp-json\/wp\/v2\/product_brand?post=86426"},{"taxonomy":"product_cat","embeddable":true,"href":"https:\/\/baldumarket.lt\/lt\/wp-json\/wp\/v2\/product_cat?post=86426"},{"taxonomy":"product_tag","embeddable":true,"href":"https:\/\/baldumarket.lt\/lt\/wp-json\/wp\/v2\/product_tag?post=86426"}],"curies":[{"name":"wp","href":"https:\/\/api.w.org\/{rel}","templated":true}]}}