{"id":86420,"date":"2025-12-05T00:09:11","date_gmt":"2025-12-04T21:09:11","guid":{"rendered":"https:\/\/baldumarket.lt\/product\/stolik-kawowy-sosnowy-st730-sosna-bezbarwny-wosk\/"},"modified":"2026-04-07T00:45:06","modified_gmt":"2026-04-06T21:45:06","slug":"stolik-kawowy-sosnowy-st730-sosna-bezbarwny-wosk","status":"publish","type":"product","link":"https:\/\/baldumarket.lt\/lt\/product\/stolik-kawowy-sosnowy-st730-sosna-bezbarwny-wosk\/","title":{"rendered":"pu\u0161ies kavos staliukas ST730 bespalvis pu\u0161ies va\u0161kas"},"content":{"rendered":"<p>Va\u0161kuotas kavos staliukas ST730. Sukurtas kaimi\u0161ku stiliumi, jis pagamintas vien i\u0161 tvirtos pu\u0161ies medienos. Tai esminis bet kurio stilingo interjero elementas. Jis pasi\u017eymi ergonomi\u0161ka forma ir tvirta konstrukcija. Stalvir\u0161is suteikia daug vietos patogiai pasid\u0117ti l\u0117k\u0161tes su u\u017ekand\u017eiais ar puodelius kar\u0161tos arbatos. Matomas nat\u016bralios medienos ra\u0161tas i\u0161ry\u0161kina jos gro\u017e\u012f. Medinis kavos staliukas ST730 suteiks bet kokiam interjerui unikali\u0105 atmosfer\u0105, kupin\u0105 \u0161ilumos ir jaukumo.<\/p>\n<p>Baldas padengtas nat\u016braliu bi\u010di\u0173 va\u0161ku, kuris sukuria apsaugin\u012f sluoksn\u012f nuo dr\u0117gm\u0117s ir kartu maitina medien\u0105. Va\u0161kavimo procesas i\u0161ry\u0161kina nat\u016brali\u0105 medienos tekst\u016br\u0105 ir pagilina nat\u016brali\u0105 jos spalv\u0105. Bi\u010di\u0173 va\u0161kas yra nat\u016bralus produktas, tod\u0117l va\u0161kuoti baldai \u012fgauna antistatini\u0173 savybi\u0173 \u2013 suma\u017eina dulki\u0173 kaupim\u0105si. Papildomas va\u0161kuot\u0173 bald\u0173 privalumas \u2013 \u0161ilkinis lygus pavir\u0161ius ir malonus nat\u016bralios medienos kvapas.<\/p>\n<p>Sveikos medienos strukt\u016bros i\u0161saugojimas yra b\u016btinas va\u0161kuot\u0173 bald\u0173 ilgaam\u017ei\u0161kumui. Skyriuje \u201cVa\u0161kuot\u0173 bald\u0173 prie\u017ei\u016bra ir naudojimas\u201d rasite verting\u0173 patarim\u0173, kaip pri\u017ei\u016br\u0117ti \u201eRustikal\u201c kolekcijos baldus.<\/p>","protected":false},"excerpt":{"rendered":"<p>Va\u0161kuotas kavos staliukas ST730. Sukurtas kaimi\u0161ku stiliumi, jis pagamintas vien i\u0161 tvirtos pu\u0161ies medienos. Tai esminis bet kurio stilingo interjero elementas. Jis pasi\u017eymi ergonomi\u0161ka forma ir tvirta konstrukcija. Stalvir\u0161is suteikia daug vietos patogiai pasid\u0117ti l\u0117k\u0161tes su u\u017ekand\u017eiais ar puodelius kar\u0161tos arbatos. Matomas ra\u0161tas i\u0161ry\u0161kina [\u2026]<\/p>","protected":false},"featured_media":86412,"comment_status":"open","ping_status":"open","template":"","meta":[],"product_brand":[],"product_cat":[9305,866,2113],"product_tag":[],"class_list":{"0":"post-86420","1":"product","2":"type-product","3":"status-publish","4":"has-post-thumbnail","6":"product_cat-pine-furniture-drewmax","7":"product_cat-coffee-tables","8":"product_cat-drewmax","10":"first","11":"instock","12":"purchasable","13":"product-type-simple"},"_links":{"self":[{"href":"https:\/\/baldumarket.lt\/lt\/wp-json\/wp\/v2\/product\/86420","targetHints":{"allow":["GET"]}}],"collection":[{"href":"https:\/\/baldumarket.lt\/lt\/wp-json\/wp\/v2\/product"}],"about":[{"href":"https:\/\/baldumarket.lt\/lt\/wp-json\/wp\/v2\/types\/product"}],"replies":[{"embeddable":true,"href":"https:\/\/baldumarket.lt\/lt\/wp-json\/wp\/v2\/comments?post=86420"}],"wp:featuredmedia":[{"embeddable":true,"href":"https:\/\/baldumarket.lt\/lt\/wp-json\/wp\/v2\/media\/86412"}],"wp:attachment":[{"href":"https:\/\/baldumarket.lt\/lt\/wp-json\/wp\/v2\/media?parent=86420"}],"wp:term":[{"taxonomy":"product_brand","embeddable":true,"href":"https:\/\/baldumarket.lt\/lt\/wp-json\/wp\/v2\/product_brand?post=86420"},{"taxonomy":"product_cat","embeddable":true,"href":"https:\/\/baldumarket.lt\/lt\/wp-json\/wp\/v2\/product_cat?post=86420"},{"taxonomy":"product_tag","embeddable":true,"href":"https:\/\/baldumarket.lt\/lt\/wp-json\/wp\/v2\/product_tag?post=86420"}],"curies":[{"name":"wp","href":"https:\/\/api.w.org\/{rel}","templated":true}]}}