{"id":86400,"date":"2025-12-05T00:08:51","date_gmt":"2025-12-04T21:08:51","guid":{"rendered":"https:\/\/baldumarket.lt\/product\/stolik-kawowy-sosnowy-st739-sosna-biala-patyna\/"},"modified":"2026-04-07T00:44:50","modified_gmt":"2026-04-06T21:44:50","slug":"stolik-kawowy-sosnowy-st739-sosna-biala-patyna","status":"publish","type":"product","link":"https:\/\/baldumarket.lt\/lt\/product\/stolik-kawowy-sosnowy-st739-sosna-biala-patyna\/","title":{"rendered":"pu\u0161ies kavos staliukas ST739 balta pu\u0161is patina"},"content":{"rendered":"<p>Va\u0161kuotas kavos staliukas ST739. Sukurtas kaimi\u0161ku stiliumi, jis pagamintas vien i\u0161 tvirtos pu\u0161ies medienos. Tai esminis bet kurio stilingo interjero elementas. Jis pasi\u017eymi ergonomi\u0161ka, kvadratine forma ir tvirta konstrukcija. Matomas medienos ra\u0161tas i\u0161ry\u0161kina nat\u016bralios medienos gro\u017e\u012f. Medinis kavos staliukas ST739 suteiks bet kokiam interjerui unikali\u0105 atmosfer\u0105, kupin\u0105 \u0161ilumos ir jaukumo.<\/p>\n<p>Baldas padengtas nat\u016braliu bi\u010di\u0173 va\u0161ku, kuris sukuria apsaugin\u012f sluoksn\u012f nuo dr\u0117gm\u0117s ir kartu maitina medien\u0105. Va\u0161kavimo procesas i\u0161ry\u0161kina nat\u016brali\u0105 medienos tekst\u016br\u0105 ir pagilina nat\u016brali\u0105 jos spalv\u0105. Bi\u010di\u0173 va\u0161kas yra nat\u016bralus produktas, tod\u0117l va\u0161kuoti baldai \u012fgauna antistatini\u0173 savybi\u0173 \u2013 suma\u017eina dulki\u0173 kaupim\u0105si. Papildomas va\u0161kuot\u0173 bald\u0173 privalumas \u2013 \u0161ilkinis lygus pavir\u0161ius ir malonus nat\u016bralios medienos aromatas.<\/p>\n<p>Sveikos medienos tekst\u016bros i\u0161laikymas yra va\u0161kuot\u0173 bald\u0173 ilgo tarnavimo pagrindas. Skirtuke \u201cVa\u0161kuot\u0173 bald\u0173 prie\u017ei\u016bra ir naudojimas\u201d rasite verting\u0173 patarim\u0173, kaip pri\u017ei\u016br\u0117ti \u201eRustikal\u201c kolekcijos baldus.<\/p>","protected":false},"excerpt":{"rendered":"<p>Va\u0161kuotas kavos staliukas ST739. Sukurtas kaimi\u0161ku stiliumi, jis pagamintas vien i\u0161 tvirtos pu\u0161ies medienos. Tai esminis bet kurio stilingai \u012frengto interjero elementas. Jis pasi\u017eymi ergonomi\u0161ka, kvadratine forma ir tvirta konstrukcija. Matomas medienos ra\u0161tas i\u0161ry\u0161kina nat\u016bralios medienos gro\u017e\u012f. Medinis kavos staliukas ST739 suteiks unikali\u0105 atmosfer\u0105 [\u2026]<\/p>","protected":false},"featured_media":86401,"comment_status":"open","ping_status":"open","template":"","meta":[],"product_brand":[],"product_cat":[9305,866,2113],"product_tag":[],"class_list":{"0":"post-86400","1":"product","2":"type-product","3":"status-publish","4":"has-post-thumbnail","6":"product_cat-pine-furniture-drewmax","7":"product_cat-coffee-tables","8":"product_cat-drewmax","10":"first","11":"instock","12":"purchasable","13":"product-type-simple"},"_links":{"self":[{"href":"https:\/\/baldumarket.lt\/lt\/wp-json\/wp\/v2\/product\/86400","targetHints":{"allow":["GET"]}}],"collection":[{"href":"https:\/\/baldumarket.lt\/lt\/wp-json\/wp\/v2\/product"}],"about":[{"href":"https:\/\/baldumarket.lt\/lt\/wp-json\/wp\/v2\/types\/product"}],"replies":[{"embeddable":true,"href":"https:\/\/baldumarket.lt\/lt\/wp-json\/wp\/v2\/comments?post=86400"}],"wp:featuredmedia":[{"embeddable":true,"href":"https:\/\/baldumarket.lt\/lt\/wp-json\/wp\/v2\/media\/86401"}],"wp:attachment":[{"href":"https:\/\/baldumarket.lt\/lt\/wp-json\/wp\/v2\/media?parent=86400"}],"wp:term":[{"taxonomy":"product_brand","embeddable":true,"href":"https:\/\/baldumarket.lt\/lt\/wp-json\/wp\/v2\/product_brand?post=86400"},{"taxonomy":"product_cat","embeddable":true,"href":"https:\/\/baldumarket.lt\/lt\/wp-json\/wp\/v2\/product_cat?post=86400"},{"taxonomy":"product_tag","embeddable":true,"href":"https:\/\/baldumarket.lt\/lt\/wp-json\/wp\/v2\/product_tag?post=86400"}],"curies":[{"name":"wp","href":"https:\/\/api.w.org\/{rel}","templated":true}]}}