{"id":86397,"date":"2025-12-05T00:08:45","date_gmt":"2025-12-04T21:08:45","guid":{"rendered":"https:\/\/baldumarket.lt\/product\/szafa-sosnowa-rustikal-sf700-lewa-sosna-ciemny-wosk\/"},"modified":"2026-02-04T00:19:35","modified_gmt":"2026-02-03T21:19:35","slug":"szafa-sosnowa-rustikal-sf700-lewa-sosna-ciemny-wosk","status":"publish","type":"product","link":"https:\/\/baldumarket.lt\/lt\/product\/szafa-sosnowa-rustikal-sf700-lewa-sosna-ciemny-wosk\/","title":{"rendered":"Pu\u0161in\u0117 spinta RUSTIKAL SF700 KAIR\u0116 pu\u0161is tamsaus va\u0161ko"},"content":{"rendered":"<p>Va\u0161kuota SF700 SLIM spinta, sukurta kaimi\u0161ku stiliumi, pagaminta vien i\u0161 tvirtos pu\u0161ies medienos. U\u017e vien\u0173 dureli\u0173 yra pakaba daiktams ir lentyna. Spinta taip pat turi i\u0161traukiam\u0105 stal\u010di\u0173 ant medini\u0173 b\u0117geli\u0173. Baldas pasi\u017eymi patvaria ir tvirta konstrukcija. Jos gamyboje buvo naudojamos rank\u0173 darbo metalin\u0117s rankenos ir sendinto stiliaus vyriai. SF700 pu\u0161in\u0117 spinta \u2013 puikus sprendimas r\u016bbinei, prie\u0161kambariui ar miegamajam. Ji suteiks bet kokiam interjerui unikali\u0105, \u0161ilt\u0105 ir jauki\u0105 atmosfer\u0105. Jos funkcionalumas labai palengvins daikt\u0173 laikym\u0105.<\/p>\n<p>STANDARTIN\u0116 SF800 KAIR\u0116 Spinta<\/p>\n<p>SF700 spinta padengta nat\u016braliu bi\u010di\u0173 va\u0161ku, kuris sukuria dr\u0117gm\u0117s apsaugos sluoksn\u012f ir kartu kondicionuoja medien\u0105. Va\u0161kavimo procesas pary\u0161kina nat\u016brali\u0105 medienos tekst\u016br\u0105 ir sodrina nat\u016brali\u0105 jos spalv\u0105. Bi\u010di\u0173 va\u0161kas yra nat\u016bralus produktas, tod\u0117l va\u0161kuoti baldai \u012fgauna antistatini\u0173 savybi\u0173 \u2013 suma\u017eina dulki\u0173 kaupim\u0105si. Papildomas va\u0161kuot\u0173 bald\u0173 privalumas \u2013 \u0161ilkiniai lygus pavir\u0161ius ir malonus nat\u016bralus medienos aromatas.<\/p>\n<p>Sveikos medienos strukt\u016bros i\u0161saugojimas yra b\u016btinas va\u0161kuot\u0173 bald\u0173 ilgaam\u017ei\u0161kumui. Skirtuke \u201cVa\u0161kuot\u0173 bald\u0173 prie\u017ei\u016bra ir naudojimas\u201d rasite verting\u0173 patarim\u0173, kaip pri\u017ei\u016br\u0117ti \u201eRustikal\u201c kolekcijos baldus.<\/p>","protected":false},"excerpt":{"rendered":"<p>Va\u0161kuota SF700 SLIM spinta, sukurta kaimi\u0161ku stiliumi, pagaminta i\u0161 tvirtos pu\u0161ies medienos. U\u017e vien\u0173 dureli\u0173 yra pakaba pakabinimui ir lentyna. Spinta taip pat turi i\u0161traukiam\u0105 stal\u010di\u0173 ant medini\u0173 b\u0117geli\u0173. Baldas pasi\u017eymi patvaria ir tvirta konstrukcija. Jos gamybai buvo panaudotos rank\u0173 darbo metalin\u0117s rankenos ir sendinto stiliaus vyriai [\u2026]<\/p>","protected":false},"featured_media":86388,"comment_status":"open","ping_status":"open","template":"","meta":[],"product_brand":[],"product_cat":[9317,2113,1177],"product_tag":[],"class_list":{"0":"post-86397","1":"product","2":"type-product","3":"status-publish","4":"has-post-thumbnail","6":"product_cat-collection-rustikal-drewmax","7":"product_cat-drewmax","8":"product_cat-wardrobes","10":"first","11":"instock","12":"purchasable","13":"product-type-simple"},"_links":{"self":[{"href":"https:\/\/baldumarket.lt\/lt\/wp-json\/wp\/v2\/product\/86397","targetHints":{"allow":["GET"]}}],"collection":[{"href":"https:\/\/baldumarket.lt\/lt\/wp-json\/wp\/v2\/product"}],"about":[{"href":"https:\/\/baldumarket.lt\/lt\/wp-json\/wp\/v2\/types\/product"}],"replies":[{"embeddable":true,"href":"https:\/\/baldumarket.lt\/lt\/wp-json\/wp\/v2\/comments?post=86397"}],"wp:featuredmedia":[{"embeddable":true,"href":"https:\/\/baldumarket.lt\/lt\/wp-json\/wp\/v2\/media\/86388"}],"wp:attachment":[{"href":"https:\/\/baldumarket.lt\/lt\/wp-json\/wp\/v2\/media?parent=86397"}],"wp:term":[{"taxonomy":"product_brand","embeddable":true,"href":"https:\/\/baldumarket.lt\/lt\/wp-json\/wp\/v2\/product_brand?post=86397"},{"taxonomy":"product_cat","embeddable":true,"href":"https:\/\/baldumarket.lt\/lt\/wp-json\/wp\/v2\/product_cat?post=86397"},{"taxonomy":"product_tag","embeddable":true,"href":"https:\/\/baldumarket.lt\/lt\/wp-json\/wp\/v2\/product_tag?post=86397"}],"curies":[{"name":"wp","href":"https:\/\/api.w.org\/{rel}","templated":true}]}}