{"id":86310,"date":"2025-12-05T00:06:41","date_gmt":"2025-12-04T21:06:41","guid":{"rendered":"https:\/\/baldumarket.lt\/product\/szafa-sosnowa-rustikal-sf710-sosna-bialy-wosk\/"},"modified":"2026-05-08T13:52:20","modified_gmt":"2026-05-08T10:52:20","slug":"szafa-sosnowa-rustikal-sf710-sosna-bialy-wosk","status":"publish","type":"product","link":"https:\/\/baldumarket.lt\/lt\/product\/szafa-sosnowa-rustikal-sf710-sosna-bialy-wosk\/","title":{"rendered":"Pu\u0161in\u0117 spinta RUSTIKAL SF710 pu\u0161ies baltas va\u0161kas"},"content":{"rendered":"<p>Dviej\u0173 dur\u0173, va\u0161kuota SF710 spinta, sukurta kaimi\u0161ku stiliumi, pagaminta i\u0161 tvirtos pu\u0161ies medienos. Per vis\u0105 spintos plot\u012f eina b\u0117gelis, o po juo \u2013 lentyna. Apatin\u0117je dalyje yra stal\u010dius, i\u0161stumiamas mediniais b\u0117geliais. Baldas pasi\u017eymi patvaria ir tvirta konstrukcija. SF710 spinta \u2013 puikus pasirinkimas tiems, kurie vertina nat\u016bralum\u0105 ir elegancij\u0105 savo interjere. Kiekvienas baldas pasi\u017eymi nesenstan\u010diu dizainu, apiman\u010diu tiek klasikin\u012f, tiek modern\u0173 stili\u0173. Jo gamyboje naudojami juodi vyriai ir odin\u0117s rankenos. SF710 pu\u0161in\u0117 spinta \u2013 puikus sprendimas r\u016bbinei, prie\u0161kambariui ar miegamajam. Ji suteiks bet kokiam interjerui unikali\u0105, \u0161ilumos ir \u0161eimyni\u0161kos atmosferos atmosfer\u0105. Jos funkcionalumas labai palengvins daikt\u0173 laikym\u0105.<\/p>\n<p>SF710 spinta padengta nat\u016braliu bi\u010di\u0173 va\u0161ku, kuris sukuria apsaugin\u012f sluoksn\u012f nuo dr\u0117gm\u0117s ir kartu apsaugo medien\u0105. Va\u0161kavimas pary\u0161kina nat\u016brali\u0105 medienos tekst\u016br\u0105 ir pagilina nat\u016brali\u0105 jos spalv\u0105. Bi\u010di\u0173 va\u0161kas yra nat\u016bralus produktas, tod\u0117l va\u0161kuoti baldai \u012fgauna antistatini\u0173 savybi\u0173 \u2013 suma\u017eina dulki\u0173 kaupim\u0105si. Papildomas va\u0161kuot\u0173 bald\u0173 privalumas \u2013 \u0161ilkinis lygus pavir\u0161ius ir malonus nat\u016bralus medienos aromatas.<\/p>\n<p>Sveikos medienos tekst\u016bros i\u0161saugojimas yra b\u016btinas va\u0161kuot\u0173 bald\u0173 ilgaam\u017ei\u0161kumui. Skyriuje \u201cVa\u0161kuot\u0173 bald\u0173 prie\u017ei\u016bra ir naudojimas\u201d rasite verting\u0173 patarim\u0173, kaip pri\u017ei\u016br\u0117ti \u201eRustikal\u201c kolekcijos baldus.<\/p>","protected":false},"excerpt":{"rendered":"<p>Dviej\u0173 dur\u0173, va\u0161kuota SF710 spinta, sukurta kaimi\u0161ku stiliumi, pagaminta i\u0161 tvirtos pu\u0161ies medienos. Per vis\u0105 spintos plot\u012f eina b\u0117gelis, o po juo \u2013 lentyna. Apatin\u0117je dalyje yra stal\u010dius, i\u0161stumiamas mediniais b\u0117geliais. Baldas pasi\u017eymi patvaria ir tvirta konstrukcija. SF710 spinta yra [\u2026]<\/p>","protected":false},"featured_media":86300,"comment_status":"open","ping_status":"open","template":"","meta":[],"product_brand":[],"product_cat":[9317,2113,1177],"product_tag":[],"class_list":{"0":"post-86310","1":"product","2":"type-product","3":"status-publish","4":"has-post-thumbnail","6":"product_cat-collection-rustikal-drewmax","7":"product_cat-drewmax","8":"product_cat-wardrobes","10":"first","11":"instock","12":"purchasable","13":"product-type-simple"},"_links":{"self":[{"href":"https:\/\/baldumarket.lt\/lt\/wp-json\/wp\/v2\/product\/86310","targetHints":{"allow":["GET"]}}],"collection":[{"href":"https:\/\/baldumarket.lt\/lt\/wp-json\/wp\/v2\/product"}],"about":[{"href":"https:\/\/baldumarket.lt\/lt\/wp-json\/wp\/v2\/types\/product"}],"replies":[{"embeddable":true,"href":"https:\/\/baldumarket.lt\/lt\/wp-json\/wp\/v2\/comments?post=86310"}],"wp:featuredmedia":[{"embeddable":true,"href":"https:\/\/baldumarket.lt\/lt\/wp-json\/wp\/v2\/media\/86300"}],"wp:attachment":[{"href":"https:\/\/baldumarket.lt\/lt\/wp-json\/wp\/v2\/media?parent=86310"}],"wp:term":[{"taxonomy":"product_brand","embeddable":true,"href":"https:\/\/baldumarket.lt\/lt\/wp-json\/wp\/v2\/product_brand?post=86310"},{"taxonomy":"product_cat","embeddable":true,"href":"https:\/\/baldumarket.lt\/lt\/wp-json\/wp\/v2\/product_cat?post=86310"},{"taxonomy":"product_tag","embeddable":true,"href":"https:\/\/baldumarket.lt\/lt\/wp-json\/wp\/v2\/product_tag?post=86310"}],"curies":[{"name":"wp","href":"https:\/\/api.w.org\/{rel}","templated":true}]}}