{"id":86274,"date":"2025-12-05T00:05:48","date_gmt":"2025-12-04T21:05:48","guid":{"rendered":"https:\/\/baldumarket.lt\/product\/szafa-sosnowa-rustikal-sf736-sosna-jasny-wosk\/"},"modified":"2026-05-08T13:52:51","modified_gmt":"2026-05-08T10:52:51","slug":"szafa-sosnowa-rustikal-sf736-sosna-jasny-wosk","status":"publish","type":"product","link":"https:\/\/baldumarket.lt\/lt\/product\/szafa-sosnowa-rustikal-sf736-sosna-jasny-wosk\/","title":{"rendered":"Pu\u0161in\u0117 spinta RUSTIKAL SF736, \u0161viesaus va\u0161ko spalvos pu\u0161is"},"content":{"rendered":"<p>Dviej\u0173 dur\u0173, va\u0161kuota SLIM stiliaus spinta SF736 yra sukurta kaimi\u0161ko stiliaus ir pagaminta vien i\u0161 tvirtos pu\u0161ies medienos. Spinta padalinta \u012f dvi dalis. Vienoje pus\u0117je yra pakaba daiktams, o kitoje \u2013 trys lentynos. Apatin\u0117je spintos dalyje yra du stal\u010diai, kurie i\u0161stumdomi mediniais b\u0117geliais. \u0160is baldas pasi\u017eymi patvaria ir tvirta konstrukcija. \u0160i masyvi dviej\u0173 dur\u0173 bohemi\u0161ko stiliaus spinta pasi\u017eymi a\u017e\u016brin\u0117mis grotel\u0117mis, stal\u010diais ir sendinto aukso atspalvio metalin\u0117mis furnit\u016bra. SF736 pu\u0161in\u0117 spinta yra puikus sprendimas r\u016bbinei, prie\u0161kambariui ar miegamajam. Ji suteiks bet kokiam interjerui unikali\u0105, \u0161ilumos ir \u0161eimos atmosferos kupin\u0105 atmosfer\u0105. Jos funkcionalumas labai palengvins daikt\u0173 laikym\u0105. Standartin\u0117 SF836 spinta<\/p>\n<p>SF736 spinta padengta nat\u016braliu bi\u010di\u0173 va\u0161ku, kuris sukuria apsaugin\u012f sluoksn\u012f nuo dr\u0117gm\u0117s ir kartu maitina medien\u0105. Va\u0161kavimo procesas i\u0161ry\u0161kina nat\u016brali\u0105 medienos tekst\u016br\u0105 ir pagilina nat\u016brali\u0105 jos spalv\u0105. Bi\u010di\u0173 va\u0161kas yra nat\u016bralus produktas, tod\u0117l va\u0161kuoti baldai pasi\u017eymi antistatin\u0117mis savyb\u0117mis \u2013 suma\u017eina dulki\u0173 kaupim\u0105si. Papildomas va\u0161kuot\u0173 bald\u0173 privalumas \u2013 \u0161ilkinis lygus pavir\u0161ius ir malonus nat\u016bralus medienos aromatas.<\/p>\n<p>Sveikos medienos tekst\u016bros i\u0161saugojimas yra b\u016btinas va\u0161kuot\u0173 bald\u0173 ilgaam\u017ei\u0161kumui. Skyriuje \u201cVa\u0161kuot\u0173 bald\u0173 prie\u017ei\u016bra ir naudojimas\u201d rasite verting\u0173 patarim\u0173, kaip pri\u017ei\u016br\u0117ti \u201eRustikal\u201c kolekcijos baldus.<\/p>","protected":false},"excerpt":{"rendered":"<p>Dviej\u0173 dur\u0173, va\u0161kuota SLIM spinta SF736 yra sukurta kaimi\u0161ko stiliaus ir pagaminta vien i\u0161 tvirtos pu\u0161ies medienos. Spinta yra padalinta \u012f dvi dalis. Vienoje pus\u0117je yra pakaba baldams, o kitoje \u2013 trys lentynos. Apatin\u0117je spintos dalyje yra du stal\u010diai, kurie i\u0161stumdomi mediniais b\u0117geliais. \u0160is baldas pasi\u017eymi [\u2026]<\/p>","protected":false},"featured_media":86043,"comment_status":"open","ping_status":"open","template":"","meta":[],"product_brand":[],"product_cat":[9317,2113,1177],"product_tag":[],"class_list":{"0":"post-86274","1":"product","2":"type-product","3":"status-publish","4":"has-post-thumbnail","6":"product_cat-collection-rustikal-drewmax","7":"product_cat-drewmax","8":"product_cat-wardrobes","10":"first","11":"instock","12":"purchasable","13":"product-type-simple"},"_links":{"self":[{"href":"https:\/\/baldumarket.lt\/lt\/wp-json\/wp\/v2\/product\/86274","targetHints":{"allow":["GET"]}}],"collection":[{"href":"https:\/\/baldumarket.lt\/lt\/wp-json\/wp\/v2\/product"}],"about":[{"href":"https:\/\/baldumarket.lt\/lt\/wp-json\/wp\/v2\/types\/product"}],"replies":[{"embeddable":true,"href":"https:\/\/baldumarket.lt\/lt\/wp-json\/wp\/v2\/comments?post=86274"}],"wp:featuredmedia":[{"embeddable":true,"href":"https:\/\/baldumarket.lt\/lt\/wp-json\/wp\/v2\/media\/86043"}],"wp:attachment":[{"href":"https:\/\/baldumarket.lt\/lt\/wp-json\/wp\/v2\/media?parent=86274"}],"wp:term":[{"taxonomy":"product_brand","embeddable":true,"href":"https:\/\/baldumarket.lt\/lt\/wp-json\/wp\/v2\/product_brand?post=86274"},{"taxonomy":"product_cat","embeddable":true,"href":"https:\/\/baldumarket.lt\/lt\/wp-json\/wp\/v2\/product_cat?post=86274"},{"taxonomy":"product_tag","embeddable":true,"href":"https:\/\/baldumarket.lt\/lt\/wp-json\/wp\/v2\/product_tag?post=86274"}],"curies":[{"name":"wp","href":"https:\/\/api.w.org\/{rel}","templated":true}]}}