{"id":86194,"date":"2025-12-05T00:03:12","date_gmt":"2025-12-04T21:03:12","guid":{"rendered":"https:\/\/baldumarket.lt\/product\/szafa-sosnowa-rustikal-sf802-ii-sosna-brunatny-wosk\/"},"modified":"2026-02-04T00:20:24","modified_gmt":"2026-02-03T21:20:24","slug":"szafa-sosnowa-rustikal-sf802-ii-sosna-brunatny-wosk","status":"publish","type":"product","link":"https:\/\/baldumarket.lt\/lt\/product\/szafa-sosnowa-rustikal-sf802-ii-sosna-brunatny-wosk\/","title":{"rendered":"Pu\u0161in\u0117 spinta RUSTIKAL SF802\/II pu\u0161ies rudas va\u0161kas"},"content":{"rendered":"<p>Trij\u0173 dur\u0173, va\u0161kuota STANDARTIN\u0116S versijos kombinuota spinta SF802\/II, sukurta kaimi\u0161ko stiliaus, pagaminta i\u0161 tvirtos pu\u0161ies medienos. J\u0105 sudaro dvi atskiros dalys. Surinktos jos sudaro darni\u0105 visum\u0105. \u0160is modelis sukurtas ma\u017eesniems butams, \u012f kuriuos b\u016bt\u0173 problemi\u0161ka \u012fne\u0161ti pilnai surinkt\u0105 trij\u0173 dur\u0173 spint\u0105. Kair\u0117je pus\u0117je, u\u017e dvigub\u0173 dur\u0173, sumontuotas medinis b\u0117gelis ir lentyna. De\u0161in\u0117je, vien\u0173 dur\u0173 dalyje, yra trys erdvios lentynos. Be to, spinta turi tris stal\u010dius, kurie i\u0161traukiami ant medini\u0173 b\u0117geli\u0173. Spintel\u0117 pasi\u017eymi patvaria ir tvirta konstrukcija. Jos gamyboje buvo naudojamos rank\u0173 darbo metalin\u0117s rankenos ir vyriai su sendinto med\u017eio efektu. Spinta SF802\/II i\u0161 pu\u0161ies \u2013 puikus sprendimas r\u016bbinei, prie\u0161kambariui ar miegamajam. Ji suteiks bet kokiam interjerui unikali\u0105, \u0161ilumos ir \u0161eimyni\u0161kos atmosferos atmosfer\u0105. Jos funkcionalumas labai palengvins daikt\u0173 laikym\u0105. Spinta SLIM SF702\/II<\/p>\n<p>Prie trij\u0173 dur\u0173 spintos SF802\/II puikiai dera specialus prailginimas SF805\/II, kuris puikiai tinka papildomai daikt\u0173, pavyzd\u017eiui, sezonini\u0173 drabu\u017ei\u0173, rank\u0161luos\u010di\u0173 ar patalyn\u0117s, laikymui.<\/p>\n<p>Spinta SF802\/II padengta nat\u016braliu bi\u010di\u0173 va\u0161ku, kuris sukuria apsaugin\u012f sluoksn\u012f nuo dr\u0117gm\u0117s ir kartu maitina medien\u0105. Va\u0161kavimo procesas pary\u0161kina nat\u016brali\u0105 medienos tekst\u016br\u0105 ir pagilina nat\u016brali\u0105 jos spalv\u0105. Bi\u010di\u0173 va\u0161kas yra nat\u016bralus produktas, tod\u0117l va\u0161kuoti baldai pasi\u017eymi antistatin\u0117mis savyb\u0117mis, ma\u017einan\u010diomis dulki\u0173 kaupim\u0105si. Papildomas va\u0161kuot\u0173 bald\u0173 privalumas \u2013 \u0161ilkinis lygus pavir\u0161ius ir malonus nat\u016bralus medienos aromatas.<\/p>\n<p>Sveikos medienos strukt\u016bros palaikymas yra b\u016btinas va\u0161kuot\u0173 bald\u0173 ilgaam\u017ei\u0161kumui. Skyriuje \u201cVa\u0161kuot\u0173 bald\u0173 prie\u017ei\u016bra ir naudojimas\u201d rasite verting\u0173 patarim\u0173, kaip pri\u017ei\u016br\u0117ti \u201eRustikal\u201c kolekcijos baldus.<\/p>","protected":false},"excerpt":{"rendered":"<p>Trij\u0173 dur\u0173, va\u0161kuota STANDARTIN\u0116S versijos kombinuota spinta SF802\/II, sukurta kaimi\u0161ko stiliaus, pagaminta i\u0161 tvirtos pu\u0161ies medienos. J\u0105 sudaro dvi atskiros dalys. Surinktos jos sudaro darni\u0105 visum\u0105. \u0160is modelis buvo sukurtas ma\u017eesniems butams, \u012f kuriuos b\u016bt\u0173 problemati\u0161ka \u012fne\u0161ti pilnai surinkt\u0105 trij\u0173 dur\u0173 spint\u0105. Kair\u0117je [\u2026]<\/p>","protected":false},"featured_media":86186,"comment_status":"open","ping_status":"open","template":"","meta":[],"product_brand":[],"product_cat":[9317,2113,1177],"product_tag":[],"class_list":{"0":"post-86194","1":"product","2":"type-product","3":"status-publish","4":"has-post-thumbnail","6":"product_cat-collection-rustikal-drewmax","7":"product_cat-drewmax","8":"product_cat-wardrobes","10":"first","11":"instock","12":"purchasable","13":"product-type-simple"},"_links":{"self":[{"href":"https:\/\/baldumarket.lt\/lt\/wp-json\/wp\/v2\/product\/86194","targetHints":{"allow":["GET"]}}],"collection":[{"href":"https:\/\/baldumarket.lt\/lt\/wp-json\/wp\/v2\/product"}],"about":[{"href":"https:\/\/baldumarket.lt\/lt\/wp-json\/wp\/v2\/types\/product"}],"replies":[{"embeddable":true,"href":"https:\/\/baldumarket.lt\/lt\/wp-json\/wp\/v2\/comments?post=86194"}],"wp:featuredmedia":[{"embeddable":true,"href":"https:\/\/baldumarket.lt\/lt\/wp-json\/wp\/v2\/media\/86186"}],"wp:attachment":[{"href":"https:\/\/baldumarket.lt\/lt\/wp-json\/wp\/v2\/media?parent=86194"}],"wp:term":[{"taxonomy":"product_brand","embeddable":true,"href":"https:\/\/baldumarket.lt\/lt\/wp-json\/wp\/v2\/product_brand?post=86194"},{"taxonomy":"product_cat","embeddable":true,"href":"https:\/\/baldumarket.lt\/lt\/wp-json\/wp\/v2\/product_cat?post=86194"},{"taxonomy":"product_tag","embeddable":true,"href":"https:\/\/baldumarket.lt\/lt\/wp-json\/wp\/v2\/product_tag?post=86194"}],"curies":[{"name":"wp","href":"https:\/\/api.w.org\/{rel}","templated":true}]}}