{"id":86152,"date":"2025-12-05T00:02:31","date_gmt":"2025-12-04T21:02:31","guid":{"rendered":"https:\/\/baldumarket.lt\/product\/szafa-sosnowa-rustikal-sf804-sosna-bielony-wosk\/"},"modified":"2026-02-04T00:20:31","modified_gmt":"2026-02-03T21:20:31","slug":"szafa-sosnowa-rustikal-sf804-sosna-bielony-wosk","status":"publish","type":"product","link":"https:\/\/baldumarket.lt\/lt\/product\/szafa-sosnowa-rustikal-sf804-sosna-bielony-wosk\/","title":{"rendered":"Pu\u0161in\u0117 spinta RUSTIKAL SF804, pu\u0161is, balintas va\u0161kas"},"content":{"rendered":"<p>Va\u0161kuotas STANDARTIN\u0116S versijos SF804 spintos prailginimas, sukurtas kaimi\u0161ku stiliumi, pagamintas i\u0161 tvirtos pu\u0161ies medienos. \u0160is baldas pasi\u017eymi patvaria ir tvirta konstrukcija. Jo gamyboje buvo naudojamos rank\u0173 darbo metalin\u0117s rankenos ir vyriai su sendinto efekto efektu. \u0160is prailginimas puikiai papildo dvidur\u0119 spint\u0105. Jis puikiai tinka kaip papildoma vieta sezoniniams drabu\u017eiams, rank\u0161luos\u010diams ar patalynei laikyti. Jis suteiks bet kokiam interjerui unikali\u0105, \u0161ilt\u0105 ir \u0161eimai palanki\u0105 atmosfer\u0105. Jo funkcionalumas labai palengvins daikt\u0173 laikym\u0105.<\/p>\n<p>SLIM SF704 prailginimas<\/p>\n<p>SF804 prailginimas padengtas nat\u016braliu bi\u010di\u0173 va\u0161ku, kuris sukuria apsaugin\u012f sluoksn\u012f nuo dr\u0117gm\u0117s ir kartu apsaugo medien\u0105. Va\u0161kavimo procesas i\u0161ry\u0161kina nat\u016brali\u0105 medienos tekst\u016br\u0105 ir pagilina nat\u016brali\u0105 jos spalv\u0105. Bi\u010di\u0173 va\u0161kas yra nat\u016bralus produktas, tod\u0117l va\u0161kuoti baldai pasi\u017eymi antistatin\u0117mis savyb\u0117mis, ma\u017einan\u010diomis dulki\u0173 kaupim\u0105si. Papildomas va\u0161kuot\u0173 bald\u0173 privalumas \u2013 \u0161ilkinis lygus pavir\u0161ius ir malonus nat\u016bralus medienos aromatas.<\/p>\n<p>Sveikos medienos strukt\u016bros i\u0161saugojimas yra b\u016btinas va\u0161kuot\u0173 bald\u0173 ilgaam\u017ei\u0161kumui. Skyriuje \u201cVa\u0161kuot\u0173 bald\u0173 prie\u017ei\u016bra ir naudojimas\u201d rasite verting\u0173 patarim\u0173, kaip pri\u017ei\u016br\u0117ti \u201eRustikal\u201c kolekcijos baldus.<\/p>","protected":false},"excerpt":{"rendered":"<p>Va\u0161kuotas STANDARD versijos SF804 spintos prailginimas, sukurtas kaimi\u0161ku stiliumi, pagamintas i\u0161 tvirtos pu\u0161ies medienos. \u0160is baldas pasi\u017eymi patvaria ir tvirta konstrukcija. Jo gamyboje buvo naudojamos rank\u0173 darbo metalin\u0117s rankenos ir vyriai su sendinto efekto efektu. \u0160is prailginimas puikiai papildo dviej\u0173 dur\u0173 spint\u0105. Jis puikiai [\u2026]<\/p>","protected":false},"featured_media":86147,"comment_status":"open","ping_status":"open","template":"","meta":[],"product_brand":[],"product_cat":[9317,2113,1177],"product_tag":[],"class_list":{"0":"post-86152","1":"product","2":"type-product","3":"status-publish","4":"has-post-thumbnail","6":"product_cat-collection-rustikal-drewmax","7":"product_cat-drewmax","8":"product_cat-wardrobes","10":"first","11":"instock","12":"purchasable","13":"product-type-simple"},"_links":{"self":[{"href":"https:\/\/baldumarket.lt\/lt\/wp-json\/wp\/v2\/product\/86152","targetHints":{"allow":["GET"]}}],"collection":[{"href":"https:\/\/baldumarket.lt\/lt\/wp-json\/wp\/v2\/product"}],"about":[{"href":"https:\/\/baldumarket.lt\/lt\/wp-json\/wp\/v2\/types\/product"}],"replies":[{"embeddable":true,"href":"https:\/\/baldumarket.lt\/lt\/wp-json\/wp\/v2\/comments?post=86152"}],"wp:featuredmedia":[{"embeddable":true,"href":"https:\/\/baldumarket.lt\/lt\/wp-json\/wp\/v2\/media\/86147"}],"wp:attachment":[{"href":"https:\/\/baldumarket.lt\/lt\/wp-json\/wp\/v2\/media?parent=86152"}],"wp:term":[{"taxonomy":"product_brand","embeddable":true,"href":"https:\/\/baldumarket.lt\/lt\/wp-json\/wp\/v2\/product_brand?post=86152"},{"taxonomy":"product_cat","embeddable":true,"href":"https:\/\/baldumarket.lt\/lt\/wp-json\/wp\/v2\/product_cat?post=86152"},{"taxonomy":"product_tag","embeddable":true,"href":"https:\/\/baldumarket.lt\/lt\/wp-json\/wp\/v2\/product_tag?post=86152"}],"curies":[{"name":"wp","href":"https:\/\/api.w.org\/{rel}","templated":true}]}}