{"id":86134,"date":"2025-12-05T00:02:12","date_gmt":"2025-12-04T21:02:12","guid":{"rendered":"https:\/\/baldumarket.lt\/product\/szafa-sosnowa-rustikal-sf806-sosna-bezbarwny-wosk\/"},"modified":"2026-02-04T00:20:35","modified_gmt":"2026-02-03T21:20:35","slug":"szafa-sosnowa-rustikal-sf806-sosna-bezbarwny-wosk","status":"publish","type":"product","link":"https:\/\/baldumarket.lt\/lt\/product\/szafa-sosnowa-rustikal-sf806-sosna-bezbarwny-wosk\/","title":{"rendered":"Pu\u0161in\u0117 spinta RUSTIKAL SF806, skaidraus va\u0161ko imitacija"},"content":{"rendered":"<p>Dviej\u0173 dur\u0173, va\u0161kuota STANDARTIN\u0116S versijos SF806 spinta, sukurta kaimi\u0161ko stiliaus, pagaminta i\u0161 pu\u0161ies masyvo. Per vis\u0105 spintos plot\u012f eina karnizas, o apa\u010dioje \u2013 lentyna. Apatin\u0117je spintos dalyje yra du stal\u010diai, stumdomi mediniais b\u0117geliais. \u0160is baldas pasi\u017eymi patvaria ir tvirta konstrukcija. \u0160i masyvi dviej\u0173 dur\u0173 bohemi\u0161ko stiliaus spinta pasi\u017eymi a\u017e\u016brin\u0117mis grotel\u0117mis, stal\u010diais ir sendinto aukso atspalvio metalin\u0117mis furnit\u016bra. SF806 pu\u0161ies spinta \u2013 puikus sprendimas r\u016bbinei, prie\u0161kambariui ar miegamajam. Ji suteiks bet kokiam interjerui unikali\u0105 atmosfer\u0105, kupin\u0105 \u0161ilumos ir jaukios atmosferos. Jos funkcionalumas labai palengvins daikt\u0173 laikym\u0105.<\/p>\n<p>SLIM spinta SF706<\/p>\n<p>SF806 spinta padengta nat\u016braliu bi\u010di\u0173 va\u0161ku, kuris sukuria apsaugin\u012f sluoksn\u012f nuo dr\u0117gm\u0117s ir kartu apsaugo medien\u0105. Va\u0161kavimas pary\u0161kina nat\u016brali\u0105 medienos tekst\u016br\u0105 ir pagilina nat\u016brali\u0105 jos spalv\u0105. Bi\u010di\u0173 va\u0161kas yra nat\u016bralus produktas, tod\u0117l va\u0161kuoti baldai \u012fgauna antistatini\u0173 savybi\u0173 \u2013 suma\u017eina dulki\u0173 kaupim\u0105si. Papildomas va\u0161kuot\u0173 bald\u0173 privalumas \u2013 \u0161ilkinis lygus pavir\u0161ius ir malonus nat\u016bralus medienos aromatas.<\/p>\n<p>Sveikos medienos tekst\u016bros i\u0161saugojimas yra b\u016btinas va\u0161kuot\u0173 bald\u0173 ilgaam\u017ei\u0161kumui. Skyriuje \u201cVa\u0161kuot\u0173 bald\u0173 prie\u017ei\u016bra ir naudojimas\u201d rasite verting\u0173 patarim\u0173, kaip pri\u017ei\u016br\u0117ti \u201eRustikal\u201c kolekcijos baldus.<\/p>","protected":false},"excerpt":{"rendered":"<p>Dviej\u0173 dur\u0173, va\u0161kuota STANDARTIN\u0116S versijos SF806 spinta, sukurta kaimi\u0161ko stiliaus, pagaminta i\u0161 tvirtos pu\u0161ies medienos. Per vis\u0105 spintos plot\u012f eina b\u0117gelis, o apa\u010dioje \u2013 lentyna. Apatin\u0117je spintos dalyje yra du stal\u010diai, stumdomi mediniais b\u0117geliais. \u0160is baldas pasi\u017eymi patvaria ir tvirta konstrukcija. \u0160is [\u2026]<\/p>","protected":false},"featured_media":86128,"comment_status":"open","ping_status":"open","template":"","meta":[],"product_brand":[],"product_cat":[9317,2113,1177],"product_tag":[],"class_list":{"0":"post-86134","1":"product","2":"type-product","3":"status-publish","4":"has-post-thumbnail","6":"product_cat-collection-rustikal-drewmax","7":"product_cat-drewmax","8":"product_cat-wardrobes","10":"first","11":"instock","12":"purchasable","13":"product-type-simple"},"_links":{"self":[{"href":"https:\/\/baldumarket.lt\/lt\/wp-json\/wp\/v2\/product\/86134","targetHints":{"allow":["GET"]}}],"collection":[{"href":"https:\/\/baldumarket.lt\/lt\/wp-json\/wp\/v2\/product"}],"about":[{"href":"https:\/\/baldumarket.lt\/lt\/wp-json\/wp\/v2\/types\/product"}],"replies":[{"embeddable":true,"href":"https:\/\/baldumarket.lt\/lt\/wp-json\/wp\/v2\/comments?post=86134"}],"wp:featuredmedia":[{"embeddable":true,"href":"https:\/\/baldumarket.lt\/lt\/wp-json\/wp\/v2\/media\/86128"}],"wp:attachment":[{"href":"https:\/\/baldumarket.lt\/lt\/wp-json\/wp\/v2\/media?parent=86134"}],"wp:term":[{"taxonomy":"product_brand","embeddable":true,"href":"https:\/\/baldumarket.lt\/lt\/wp-json\/wp\/v2\/product_brand?post=86134"},{"taxonomy":"product_cat","embeddable":true,"href":"https:\/\/baldumarket.lt\/lt\/wp-json\/wp\/v2\/product_cat?post=86134"},{"taxonomy":"product_tag","embeddable":true,"href":"https:\/\/baldumarket.lt\/lt\/wp-json\/wp\/v2\/product_tag?post=86134"}],"curies":[{"name":"wp","href":"https:\/\/api.w.org\/{rel}","templated":true}]}}