{"id":85898,"date":"2025-12-04T23:56:28","date_gmt":"2025-12-04T20:56:28","guid":{"rendered":"https:\/\/baldumarket.lt\/product\/szafka-nocna-rustikal-sn704-prawa-sosna-bialy-wosk\/"},"modified":"2026-02-04T00:21:17","modified_gmt":"2026-02-03T21:21:17","slug":"szafka-nocna-rustikal-sn704-prawa-sosna-bialy-wosk","status":"publish","type":"product","link":"https:\/\/baldumarket.lt\/lt\/product\/szafka-nocna-rustikal-sn704-prawa-sosna-bialy-wosk\/","title":{"rendered":"RUSTIKAL SN704 naktinis staliukas, de\u0161in\u0117, pu\u0161is, baltas va\u0161kas"},"content":{"rendered":"<p>Va\u0161kuotas SN704 naktinis staliukas SLIM versijoje yra sukurtas kaimi\u0161ku stiliumi ir pagamintas vien i\u0161 tvirtos pu\u0161ies. \u0160is tvirtas pu\u0161ies naktinis staliukas turi dekoratyvines, a\u017e\u016brines dureles ir vien\u0105 patog\u0173 stal\u010di\u0173, kuris i\u0161stumiamas ant medini\u0173 b\u0117geli\u0173. Tvirti \u0161onai puo\u0161ti rai\u017eytomis panel\u0117mis. Jo konstrukcijai panaudotos metalin\u0117s rankenos ir vyriai su sendinto aukso apdaila. \u0160is naktinis staliukas yra prakti\u0161kas sprendimas bet kuriam miegamajam. Ant ma\u017eo, bet prakti\u0161ko stalvir\u0161io galima pastatyti naktinio stalelio lemp\u0105 arba laikyti smulkius daiktus, kuriuos norite tur\u0117ti po ranka pabudus. SN704 naktinis staliukas suteiks unikali\u0105 atmosfer\u0105 bet kokiam interjerui, kupin\u0105 \u0161ilumos ir jaukios atmosferos. Jo funkcionalumas labai palengvins daikt\u0173 laikym\u0105. STANDARTINIS SN804 naktinis staliukas DE\u0160IN\u0116<\/p>\n<p>SN704 naktinis staliukas padengtas nat\u016braliu bi\u010di\u0173 va\u0161ku, kuris sukuria apsaugin\u012f sluoksn\u012f nuo dr\u0117gm\u0117s ir kartu maitina medien\u0105. Va\u0161kavimo procesas i\u0161ry\u0161kina nat\u016brali\u0105 medienos tekst\u016br\u0105 ir sustiprina nat\u016brali\u0105 jos spalv\u0105. Bi\u010di\u0173 va\u0161kas yra nat\u016bralus produktas, tod\u0117l va\u0161kuoti baldai \u012fgauna antistatini\u0173 savybi\u0173 \u2013 suma\u017eina dulki\u0173 kaupim\u0105si. Papildomas va\u0161kuot\u0173 bald\u0173 privalumas \u2013 \u0161ilkiniai lygus pavir\u0161ius ir malonus nat\u016bralus medienos aromatas.<\/p>\n<p>Sveikos medienos tekst\u016bros i\u0161saugojimas yra b\u016btinas va\u0161kuot\u0173 bald\u0173 ilgaam\u017ei\u0161kumui. Skyriuje \u201cVa\u0161kuot\u0173 bald\u0173 prie\u017ei\u016bra ir naudojimas\u201d rasite verting\u0173 patarim\u0173, kaip pri\u017ei\u016br\u0117ti \u201eRustikal\u201c kolekcijos baldus.<\/p>","protected":false},"excerpt":{"rendered":"<p>Va\u0161kuotas SN704 naktinis staliukas SLIM versijoje yra sukurtas kaimi\u0161ku stiliumi ir pagamintas vien i\u0161 tvirtos pu\u0161ies medienos. \u0160is tvirtas pu\u0161ies naktinis staliukas turi dekoratyvines, a\u017e\u016brines duris ir vien\u0105 patog\u0173 stal\u010di\u0173, kuris i\u0161stumiamas ant medini\u0173 b\u0117geli\u0173. Tvirti \u0161onai puo\u0161ti rai\u017eytomis panel\u0117mis. Metalin\u0117s rankenos ir vyriai i\u0161 sendinto aukso [\u2026]<\/p>","protected":false},"featured_media":85826,"comment_status":"open","ping_status":"open","template":"","meta":[],"product_brand":[],"product_cat":[9317,1176,2113],"product_tag":[],"class_list":{"0":"post-85898","1":"product","2":"type-product","3":"status-publish","4":"has-post-thumbnail","6":"product_cat-collection-rustikal-drewmax","7":"product_cat-bedside-tables","8":"product_cat-drewmax","10":"first","11":"instock","12":"purchasable","13":"product-type-simple"},"_links":{"self":[{"href":"https:\/\/baldumarket.lt\/lt\/wp-json\/wp\/v2\/product\/85898","targetHints":{"allow":["GET"]}}],"collection":[{"href":"https:\/\/baldumarket.lt\/lt\/wp-json\/wp\/v2\/product"}],"about":[{"href":"https:\/\/baldumarket.lt\/lt\/wp-json\/wp\/v2\/types\/product"}],"replies":[{"embeddable":true,"href":"https:\/\/baldumarket.lt\/lt\/wp-json\/wp\/v2\/comments?post=85898"}],"wp:featuredmedia":[{"embeddable":true,"href":"https:\/\/baldumarket.lt\/lt\/wp-json\/wp\/v2\/media\/85826"}],"wp:attachment":[{"href":"https:\/\/baldumarket.lt\/lt\/wp-json\/wp\/v2\/media?parent=85898"}],"wp:term":[{"taxonomy":"product_brand","embeddable":true,"href":"https:\/\/baldumarket.lt\/lt\/wp-json\/wp\/v2\/product_brand?post=85898"},{"taxonomy":"product_cat","embeddable":true,"href":"https:\/\/baldumarket.lt\/lt\/wp-json\/wp\/v2\/product_cat?post=85898"},{"taxonomy":"product_tag","embeddable":true,"href":"https:\/\/baldumarket.lt\/lt\/wp-json\/wp\/v2\/product_tag?post=85898"}],"curies":[{"name":"wp","href":"https:\/\/api.w.org\/{rel}","templated":true}]}}