{"id":85892,"date":"2025-12-04T23:56:21","date_gmt":"2025-12-04T20:56:21","guid":{"rendered":"https:\/\/baldumarket.lt\/product\/szafka-nocna-rustikal-sn705-sosna-ciemny-wosk\/"},"modified":"2026-02-04T00:21:18","modified_gmt":"2026-02-03T21:21:18","slug":"szafka-nocna-rustikal-sn705-sosna-ciemny-wosk","status":"publish","type":"product","link":"https:\/\/baldumarket.lt\/lt\/product\/szafka-nocna-rustikal-sn705-sosna-ciemny-wosk\/","title":{"rendered":"RUSTIKAL SN705 naktinis staliukas, pu\u0161is, tamsus va\u0161kas"},"content":{"rendered":"<p>SN705 va\u0161kuotas naktinis staliukas. Sukurtas kaimi\u0161ku stiliumi, jis pagamintas vien i\u0161 tvirtos pu\u0161ies medienos. Tai b\u016btinas bet kurio stilingai dekoruoto miegamojo ir kit\u0173 erdvi\u0173 elementas. Naktinis staliukas stovi ant lengv\u0173, siaur\u0117jan\u010di\u0173 kojeli\u0173 ir turi du prakti\u0161kus stal\u010dius aksesuarams laikyti ir daiktams tvarkingai tvarkyti. Naudojamos paprastos, juodos spalvos milteliniu b\u016bdu da\u017eytos ranken\u0117l\u0117s. Matomas medienos ra\u0161tas i\u0161ry\u0161kina nat\u016bralios medienos gro\u017e\u012f. SN705 suteiks bet kokiam interjerui unikali\u0105 atmosfer\u0105, kupin\u0105 \u0161ilumos ir jaukumo.<\/p>\n<p>Baldai padengti nat\u016braliu bi\u010di\u0173 va\u0161ku, kuris sukuria apsaugin\u012f sluoksn\u012f nuo dr\u0117gm\u0117s ir kartu maitina medien\u0105. Va\u0161kavimo procesas pary\u0161kina nat\u016bral\u0173 medienos ra\u0161t\u0105 ir pagilina nat\u016brali\u0105 jos spalv\u0105. Bi\u010di\u0173 va\u0161kas yra nat\u016bralus produktas, tod\u0117l va\u0161kuoti baldai pasi\u017eymi antistatin\u0117mis savyb\u0117mis, ma\u017einan\u010diomis dulki\u0173 kaupim\u0105si. Papildomas va\u0161kuot\u0173 bald\u0173 privalumas \u2013 \u0161ilkiniai lygus pavir\u0161ius ir malonus nat\u016bralus medienos aromatas.<\/p>\n<p>Sveikos medienos strukt\u016bros i\u0161saugojimas yra b\u016btinas va\u0161kuot\u0173 bald\u0173 ilgaam\u017ei\u0161kumui. Skyriuje \u201cVa\u0161kuot\u0173 bald\u0173 prie\u017ei\u016bra ir naudojimas\u201d rasite verting\u0173 patarim\u0173, kaip pri\u017ei\u016br\u0117ti \u201eRustykal\u201c kolekcijos baldus.<\/p>","protected":false},"excerpt":{"rendered":"<p>Va\u0161kuotas naktinis staliukas SN705. Sukurtas kaimi\u0161ku stiliumi, jis pagamintas vien i\u0161 tvirtos pu\u0161ies medienos. Tai b\u016btinas bet kurio stilingai dekoruoto miegamojo ir kit\u0173 erdvi\u0173 elementas. Naudojamas lengvas, siaur\u0117jan\u010dias kojeles ir turi du prakti\u0161kus stal\u010dius aksesuarams laikyti ir daiktams tvarkingai laikyti. Naudojamos paprastos, juodos spalvos milteliniu b\u016bdu da\u017eytos ranken\u0117l\u0117s. Matomas medienos ra\u0161tas [\u2026]<\/p>","protected":false},"featured_media":85888,"comment_status":"open","ping_status":"open","template":"","meta":[],"product_brand":[],"product_cat":[9317,1176,2113],"product_tag":[],"class_list":{"0":"post-85892","1":"product","2":"type-product","3":"status-publish","4":"has-post-thumbnail","6":"product_cat-collection-rustikal-drewmax","7":"product_cat-bedside-tables","8":"product_cat-drewmax","10":"first","11":"instock","12":"purchasable","13":"product-type-simple"},"_links":{"self":[{"href":"https:\/\/baldumarket.lt\/lt\/wp-json\/wp\/v2\/product\/85892","targetHints":{"allow":["GET"]}}],"collection":[{"href":"https:\/\/baldumarket.lt\/lt\/wp-json\/wp\/v2\/product"}],"about":[{"href":"https:\/\/baldumarket.lt\/lt\/wp-json\/wp\/v2\/types\/product"}],"replies":[{"embeddable":true,"href":"https:\/\/baldumarket.lt\/lt\/wp-json\/wp\/v2\/comments?post=85892"}],"wp:featuredmedia":[{"embeddable":true,"href":"https:\/\/baldumarket.lt\/lt\/wp-json\/wp\/v2\/media\/85888"}],"wp:attachment":[{"href":"https:\/\/baldumarket.lt\/lt\/wp-json\/wp\/v2\/media?parent=85892"}],"wp:term":[{"taxonomy":"product_brand","embeddable":true,"href":"https:\/\/baldumarket.lt\/lt\/wp-json\/wp\/v2\/product_brand?post=85892"},{"taxonomy":"product_cat","embeddable":true,"href":"https:\/\/baldumarket.lt\/lt\/wp-json\/wp\/v2\/product_cat?post=85892"},{"taxonomy":"product_tag","embeddable":true,"href":"https:\/\/baldumarket.lt\/lt\/wp-json\/wp\/v2\/product_tag?post=85892"}],"curies":[{"name":"wp","href":"https:\/\/api.w.org\/{rel}","templated":true}]}}