{"id":85869,"date":"2025-12-04T23:55:54","date_gmt":"2025-12-04T20:55:54","guid":{"rendered":"https:\/\/baldumarket.lt\/product\/szafka-nocna-rustikal-sn800-sosna-bialy-wosk\/"},"modified":"2026-02-04T00:21:21","modified_gmt":"2026-02-03T21:21:21","slug":"szafka-nocna-rustikal-sn800-sosna-bialy-wosk","status":"publish","type":"product","link":"https:\/\/baldumarket.lt\/lt\/product\/szafka-nocna-rustikal-sn800-sosna-bialy-wosk\/","title":{"rendered":"RUSTIKAL SN800 naktinis staliukas, pu\u0161is, baltas va\u0161kas"},"content":{"rendered":"<p>STANDARTIN\u0116S versijos va\u0161kuotas naktinis staliukas SN800, sukurtas kaimi\u0161ko stiliaus, pagamintas i\u0161 tvirtos pu\u0161ies medienos. J\u012f sudaro du patog\u016bs stal\u010diai, kurie i\u0161stumdomi medin\u0117mis b\u0117gel\u0117mis. Spintel\u0117 pasi\u017eymi patvaria ir tvirta konstrukcija. Jos gamyboje naudojamos rank\u0173 darbo metalin\u0117s rankenos ir sendinto stiliaus vyriai. \u0160is naktinis staliukas yra prakti\u0161kas sprendimas bet kuriam miegamajam. Ma\u017eas, bet prakti\u0161kas stalvir\u0161is gali b\u016bti naudojamas kaip naktinio stalelio lempa arba smulkiems daiktams, kuriuos norite lengvai pasiekti pabudus, laikyti. SN800 naktinis staliukas suteiks unikali\u0105 atmosfer\u0105 bet kokiam interjerui, kupin\u0105 \u0161ilumos ir jaukios atmosferos. Jo funkcionalumas labai palengvins daikt\u0173 laikym\u0105.<\/p>\n<p>SN700 SLIM naktinis staliukas<\/p>\n<p>SN800 naktinis staliukas padengtas nat\u016braliu bi\u010di\u0173 va\u0161ku, kuris sukuria apsaugin\u012f sluoksn\u012f nuo dr\u0117gm\u0117s ir kartu kondicionuoja medien\u0105. Va\u0161kavimas pary\u0161kina nat\u016brali\u0105 medienos tekst\u016br\u0105 ir pagilina nat\u016brali\u0105 jos spalv\u0105. Bi\u010di\u0173 va\u0161kas yra nat\u016bralus produktas, tod\u0117l va\u0161kuoti baldai \u012fgauna antistatini\u0173 savybi\u0173 \u2013 suma\u017eina dulki\u0173 kaupim\u0105si. Papildomas va\u0161kuot\u0173 bald\u0173 privalumas \u2013 \u0161ilkiniai lygus pavir\u0161ius ir malonus nat\u016bralus medienos aromatas.<\/p>\n<p>Sveikos medienos strukt\u016bros i\u0161saugojimas yra b\u016btinas va\u0161kuot\u0173 bald\u0173 ilgaam\u017ei\u0161kumui. Skyriuje \u201cVa\u0161kuot\u0173 bald\u0173 prie\u017ei\u016bra ir naudojimas\u201d rasite verting\u0173 patarim\u0173, kaip pri\u017ei\u016br\u0117ti \u201eRustikal\u201c kolekcijos baldus.<\/p>","protected":false},"excerpt":{"rendered":"<p>STANDARTIN\u0116S versijos va\u0161kuotas naktinis staliukas SN800, sukurtas kaimi\u0161ku stiliumi, pagamintas i\u0161 tvirtos pu\u0161ies medienos. J\u012f sudaro du patog\u016bs stal\u010diai, i\u0161traukiami medin\u0117mis b\u0117gel\u0117mis. Spintel\u0117 pasi\u017eymi patvaria ir tvirta konstrukcija. Jos gamyboje naudojamos rank\u0173 darbo metalin\u0117s rankenos ir sendinto stiliaus vyriai. \u0160is naktinis staliukas yra [\u2026]<\/p>","protected":false},"featured_media":85864,"comment_status":"open","ping_status":"open","template":"","meta":[],"product_brand":[],"product_cat":[9317,1176,2113],"product_tag":[],"class_list":{"0":"post-85869","1":"product","2":"type-product","3":"status-publish","4":"has-post-thumbnail","6":"product_cat-collection-rustikal-drewmax","7":"product_cat-bedside-tables","8":"product_cat-drewmax","10":"first","11":"instock","12":"purchasable","13":"product-type-simple"},"_links":{"self":[{"href":"https:\/\/baldumarket.lt\/lt\/wp-json\/wp\/v2\/product\/85869","targetHints":{"allow":["GET"]}}],"collection":[{"href":"https:\/\/baldumarket.lt\/lt\/wp-json\/wp\/v2\/product"}],"about":[{"href":"https:\/\/baldumarket.lt\/lt\/wp-json\/wp\/v2\/types\/product"}],"replies":[{"embeddable":true,"href":"https:\/\/baldumarket.lt\/lt\/wp-json\/wp\/v2\/comments?post=85869"}],"wp:featuredmedia":[{"embeddable":true,"href":"https:\/\/baldumarket.lt\/lt\/wp-json\/wp\/v2\/media\/85864"}],"wp:attachment":[{"href":"https:\/\/baldumarket.lt\/lt\/wp-json\/wp\/v2\/media?parent=85869"}],"wp:term":[{"taxonomy":"product_brand","embeddable":true,"href":"https:\/\/baldumarket.lt\/lt\/wp-json\/wp\/v2\/product_brand?post=85869"},{"taxonomy":"product_cat","embeddable":true,"href":"https:\/\/baldumarket.lt\/lt\/wp-json\/wp\/v2\/product_cat?post=85869"},{"taxonomy":"product_tag","embeddable":true,"href":"https:\/\/baldumarket.lt\/lt\/wp-json\/wp\/v2\/product_tag?post=85869"}],"curies":[{"name":"wp","href":"https:\/\/api.w.org\/{rel}","templated":true}]}}