{"id":85834,"date":"2025-12-04T23:55:10","date_gmt":"2025-12-04T20:55:10","guid":{"rendered":"https:\/\/baldumarket.lt\/product\/szafka-nocna-rustikal-sn804-prawa-sosna-bielony-wosk\/"},"modified":"2026-02-04T00:21:29","modified_gmt":"2026-02-03T21:21:29","slug":"szafka-nocna-rustikal-sn804-prawa-sosna-bielony-wosk","status":"publish","type":"product","link":"https:\/\/baldumarket.lt\/lt\/product\/szafka-nocna-rustikal-sn804-prawa-sosna-bielony-wosk\/","title":{"rendered":"RUSTIKAL SN804 naktinis staliukas DE\u0160IN\u0116S pu\u0161ies balintas va\u0161kas"},"content":{"rendered":"<p>Va\u0161kuotas SN804 naktinis staliukas STANDARTIN\u0116S versijos yra sukurtas kaimi\u0161ku stiliumi ir pagamintas vien i\u0161 tvirtos pu\u0161ies medienos. \u0160is tvirtas pu\u0161ies naktinis staliukas pasi\u017eymi a\u017e\u016briniu, dekoruotu dur\u0173 priekiu ir vienu patogiu stal\u010diumi, kuris i\u0161stumiamas ant medini\u0173 b\u0117geli\u0173. Tvirti \u0161onai puo\u0161ti rai\u017eytomis panel\u0117mis. Jo konstrukcijai panaudotos metalin\u0117s rankenos ir vyriai su sendinto aukso apdaila. \u0160is naktinis staliukas yra prakti\u0161kas sprendimas bet kuriam miegamajam. Ant ma\u017eo, bet prakti\u0161ko stalvir\u0161io galima pastatyti naktinio stalelio lemp\u0105 arba laikyti smulkius daiktus, kuriuos norite tur\u0117ti po ranka pabudus. SN804 naktinis staliukas suteiks unikali\u0105 atmosfer\u0105 bet kokiam interjerui, kupin\u0105 \u0161ilumos ir \u0161eimyni\u0161kos atmosferos. Jo funkcionalumas labai palengvins daikt\u0173 laikym\u0105. SLIM naktinis staliukas SN704 RIGHT<\/p>\n<p>SN804 naktinis staliukas padengtas nat\u016braliu bi\u010di\u0173 va\u0161ku, kuris sukuria apsaugin\u012f sluoksn\u012f nuo dr\u0117gm\u0117s ir kartu maitina medien\u0105. Va\u0161kavimo procesas pagerina nat\u016brali\u0105 medienos strukt\u016br\u0105 ir pary\u0161kina nat\u016brali\u0105 jos spalv\u0105. Bi\u010di\u0173 va\u0161kas yra nat\u016bralus produktas, tod\u0117l va\u0161kuoti baldai \u012fgauna antistatini\u0173 savybi\u0173 \u2013 suma\u017eina dulki\u0173 kaupim\u0105si. Papildomas va\u0161kuot\u0173 bald\u0173 privalumas \u2013 \u0161ilkiniai lygus pavir\u0161ius ir malonus nat\u016bralus medienos aromatas.<\/p>\n<p>Sveikos medienos strukt\u016bros palaikymas yra b\u016btinas va\u0161kuot\u0173 bald\u0173 ilgaam\u017ei\u0161kumui. Skyriuje \u201cVa\u0161kuot\u0173 bald\u0173 prie\u017ei\u016bra ir naudojimas\u201d rasite verting\u0173 patarim\u0173, kaip pri\u017ei\u016br\u0117ti \u201eRustikal\u201c kolekcijos baldus.<\/p>","protected":false},"excerpt":{"rendered":"<p>Va\u0161kuotas SN804 naktinis staliukas STANDARTIN\u0116S versijos yra sukurtas kaimi\u0161ku stiliumi ir pagamintas vien i\u0161 tvirtos pu\u0161ies medienos. \u0160is tvirtas pu\u0161ies naktinis staliukas pasi\u017eymi a\u017e\u016briniu, dekoruotu dur\u0173 priekiu ir vienu patogiu stal\u010diumi, kuris i\u0161stumiamas ant medini\u0173 b\u0117geli\u0173. Tvirti \u0161onai puo\u0161ti rai\u017eytomis panel\u0117mis. Metalin\u0117s rankenos ir vyriai antikvarinio [\u2026]<\/p>","protected":false},"featured_media":85826,"comment_status":"open","ping_status":"open","template":"","meta":[],"product_brand":[],"product_cat":[9317,1176,2113],"product_tag":[],"class_list":{"0":"post-85834","1":"product","2":"type-product","3":"status-publish","4":"has-post-thumbnail","6":"product_cat-collection-rustikal-drewmax","7":"product_cat-bedside-tables","8":"product_cat-drewmax","10":"first","11":"instock","12":"purchasable","13":"product-type-simple"},"_links":{"self":[{"href":"https:\/\/baldumarket.lt\/lt\/wp-json\/wp\/v2\/product\/85834","targetHints":{"allow":["GET"]}}],"collection":[{"href":"https:\/\/baldumarket.lt\/lt\/wp-json\/wp\/v2\/product"}],"about":[{"href":"https:\/\/baldumarket.lt\/lt\/wp-json\/wp\/v2\/types\/product"}],"replies":[{"embeddable":true,"href":"https:\/\/baldumarket.lt\/lt\/wp-json\/wp\/v2\/comments?post=85834"}],"wp:featuredmedia":[{"embeddable":true,"href":"https:\/\/baldumarket.lt\/lt\/wp-json\/wp\/v2\/media\/85826"}],"wp:attachment":[{"href":"https:\/\/baldumarket.lt\/lt\/wp-json\/wp\/v2\/media?parent=85834"}],"wp:term":[{"taxonomy":"product_brand","embeddable":true,"href":"https:\/\/baldumarket.lt\/lt\/wp-json\/wp\/v2\/product_brand?post=85834"},{"taxonomy":"product_cat","embeddable":true,"href":"https:\/\/baldumarket.lt\/lt\/wp-json\/wp\/v2\/product_cat?post=85834"},{"taxonomy":"product_tag","embeddable":true,"href":"https:\/\/baldumarket.lt\/lt\/wp-json\/wp\/v2\/product_tag?post=85834"}],"curies":[{"name":"wp","href":"https:\/\/api.w.org\/{rel}","templated":true}]}}