{"id":85824,"date":"2025-12-04T23:54:59","date_gmt":"2025-12-04T20:54:59","guid":{"rendered":"https:\/\/baldumarket.lt\/product\/szafka-rtv-sosnowa-rustikal-rv700-sosna-antyczna-biel\/"},"modified":"2026-02-04T00:21:31","modified_gmt":"2026-02-03T21:21:31","slug":"szafka-rtv-sosnowa-rustikal-rv700-sosna-antyczna-biel","status":"publish","type":"product","link":"https:\/\/baldumarket.lt\/lt\/product\/szafka-rtv-sosnowa-rustikal-rv700-sosna-antyczna-biel\/","title":{"rendered":"Pu\u0161in\u0117 TV spintel\u0117 RUSTIKAL RV700 antikvarin\u0117 pu\u0161is balta"},"content":{"rendered":"<p>Va\u0161kuotas, kaimi\u0161ko stiliaus RV700 televizoriaus staliukas pagamintas i\u0161 tvirtos pu\u0161ies medienos. Jis stovi ant medini\u0173 rutulio formos kojeli\u0173. U\u017e dvigub\u0173 dureli\u0173 rasite vietos \u017eaidim\u0173 konsolei, grotuvui, diskams ir kitiems smulkiems daiktams. Vir\u0161 dureli\u0173 yra atvira lentyna, puikiai tinkanti pried\u0117liui laikyti. Dureli\u0173 priekin\u0117s dalys ir stovo apa\u010dia dekoruoti frezuotomis detal\u0117mis. Spintel\u0117 pasi\u017eymi patvaria ir tvirta konstrukcija. Jo konstrukcijoje naudojami rank\u0173 darbo metaliniai vyriai ir rankenos su sendinta apdaila. RV700 stovas bet kokiam interjerui suteiks unikalios atmosferos, kupinos \u0161ilumos ir nam\u0173 jaukumo.<\/p>\n<p>Baldas padengtas nat\u016braliu bi\u010di\u0173 va\u0161ku, kuris sukuria apsaugin\u012f sluoksn\u012f nuo dr\u0117gm\u0117s ir kartu kondicionuoja medien\u0105. Va\u0161kavimo procesas pary\u0161kina nat\u016bral\u0173 medienos ra\u0161t\u0105 ir pagilina nat\u016brali\u0105 jos spalv\u0105. Bi\u010di\u0173 va\u0161kas yra nat\u016bralus produktas, tod\u0117l va\u0161kuoti baldai pasi\u017eymi antistatin\u0117mis savyb\u0117mis, ma\u017einan\u010diomis dulki\u0173 kaupim\u0105si. Papildomas va\u0161kuot\u0173 bald\u0173 privalumas \u2013 \u0161ilkiniai lygus pavir\u0161ius ir malonus nat\u016bralus medienos aromatas.<\/p>\n<p>Sveikos medienos strukt\u016bros i\u0161saugojimas yra b\u016btinas va\u0161kuot\u0173 bald\u0173 ilgaam\u017ei\u0161kumui. Skyriuje \u201cVa\u0161kuot\u0173 bald\u0173 prie\u017ei\u016bra ir naudojimas\u201d rasite verting\u0173 patarim\u0173, kaip pri\u017ei\u016br\u0117ti \u201eRustikal\u201c kolekcijos baldus.<\/p>","protected":false},"excerpt":{"rendered":"<p>Va\u0161kuotas RV700 televizoriaus staliukas, sukurtas kaimi\u0161ku stiliumi, yra pagamintas i\u0161 tvirtos pu\u0161ies medienos. Jis stovi ant medini\u0173 rutulio formos kojeli\u0173. U\u017e dvigub\u0173 dureli\u0173 rasite vietos \u017eaidim\u0173 konsolei, grotuvui, diskams ir kitiems smulkiems daiktams. Vir\u0161 dureli\u0173 yra atvira lentyna, puikiai tinkanti pried\u0117liui laikyti. Durel\u0117s [\u2026]<\/p>","protected":false},"featured_media":85814,"comment_status":"open","ping_status":"open","template":"","meta":[],"product_brand":[],"product_cat":[9317,2113,1175],"product_tag":[],"class_list":{"0":"post-85824","1":"product","2":"type-product","3":"status-publish","4":"has-post-thumbnail","6":"product_cat-collection-rustikal-drewmax","7":"product_cat-drewmax","8":"product_cat-tv-stands","10":"first","11":"instock","12":"purchasable","13":"product-type-simple"},"_links":{"self":[{"href":"https:\/\/baldumarket.lt\/lt\/wp-json\/wp\/v2\/product\/85824","targetHints":{"allow":["GET"]}}],"collection":[{"href":"https:\/\/baldumarket.lt\/lt\/wp-json\/wp\/v2\/product"}],"about":[{"href":"https:\/\/baldumarket.lt\/lt\/wp-json\/wp\/v2\/types\/product"}],"replies":[{"embeddable":true,"href":"https:\/\/baldumarket.lt\/lt\/wp-json\/wp\/v2\/comments?post=85824"}],"wp:featuredmedia":[{"embeddable":true,"href":"https:\/\/baldumarket.lt\/lt\/wp-json\/wp\/v2\/media\/85814"}],"wp:attachment":[{"href":"https:\/\/baldumarket.lt\/lt\/wp-json\/wp\/v2\/media?parent=85824"}],"wp:term":[{"taxonomy":"product_brand","embeddable":true,"href":"https:\/\/baldumarket.lt\/lt\/wp-json\/wp\/v2\/product_brand?post=85824"},{"taxonomy":"product_cat","embeddable":true,"href":"https:\/\/baldumarket.lt\/lt\/wp-json\/wp\/v2\/product_cat?post=85824"},{"taxonomy":"product_tag","embeddable":true,"href":"https:\/\/baldumarket.lt\/lt\/wp-json\/wp\/v2\/product_tag?post=85824"}],"curies":[{"name":"wp","href":"https:\/\/api.w.org\/{rel}","templated":true}]}}